{"id":1070,"date":"2024-04-30T18:22:44","date_gmt":"2024-04-30T18:22:44","guid":{"rendered":"https:\/\/gzhdisplay.com\/?page_id=1070"},"modified":"2024-05-03T11:10:37","modified_gmt":"2024-05-03T11:10:37","slug":"oem-odm","status":"publish","type":"page","link":"https:\/\/www.gzhdisplay.com\/de\/oem-odm\/","title":{"rendered":"OEM\/ODM"},"content":{"rendered":"<div class=\"row row-collapse\"  id=\"row-1163948020\">\n\n\n\t<div id=\"col-373171080\" class=\"col small-12 large-12\"  >\n\t\t\t\t<div class=\"col-inner\"  >\n\t\t\t\n\t\t\t\n\n<nav aria-label=\"Semmelbr\u00f6sel\" class=\"rank-math-breadcrumb\"><p><span class=\"last\">Startseite<\/span><\/p><\/nav>\n\n\t\t<\/div>\n\t\t\t\t\n<style>\n#col-373171080 > .col-inner {\n  padding: 30px 0px 0px 0px;\n}\n<\/style>\n\t<\/div>\n\n\t\n\n<\/div>\n\t<div id=\"text-1838713543\" class=\"text\">\n\t\t\n\n<h1>OEM\/ODM<\/h1>\n\t\t\n<style>\n#text-1838713543 {\n  text-align: center;\n}\n<\/style>\n\t<\/div>\n\t\n\t<div class=\"img has-hover x md-x lg-x y md-y lg-y\" id=\"image_1104377836\">\n\t\t\t\t\t\t\t\t<div class=\"img-inner dark\" >\n\t\t\t<img decoding=\"async\" width=\"1827\" height=\"934\" src=\"https:\/\/www.gzhdisplay.com\/wp-content\/uploads\/2024\/05\/OEM-custom-display-stands-of-major-brands-1.jpg\" class=\"attachment-original size-original\" alt=\"\" srcset=\"https:\/\/www.gzhdisplay.com\/wp-content\/uploads\/2024\/05\/OEM-custom-display-stands-of-major-brands-1.jpg 1827w, https:\/\/www.gzhdisplay.com\/wp-content\/uploads\/2024\/05\/OEM-custom-display-stands-of-major-brands-1-800x409.jpg 800w, https:\/\/www.gzhdisplay.com\/wp-content\/uploads\/2024\/05\/OEM-custom-display-stands-of-major-brands-1-782x400.jpg 782w, https:\/\/www.gzhdisplay.com\/wp-content\/uploads\/2024\/05\/OEM-custom-display-stands-of-major-brands-1-1400x716.jpg 1400w, https:\/\/www.gzhdisplay.com\/wp-content\/uploads\/2024\/05\/OEM-custom-display-stands-of-major-brands-1-768x393.jpg 768w, https:\/\/www.gzhdisplay.com\/wp-content\/uploads\/2024\/05\/OEM-custom-display-stands-of-major-brands-1-1536x785.jpg 1536w\" sizes=\"(max-width: 1827px) 100vw, 1827px\" \/>\t\t\t\t\t\t\n\t\t\t\t\t<\/div>\n\t\t\t\t\t\t\t\t\n<style>\n#image_1104377836 {\n  width: 100%;\n}\n<\/style>\n\t<\/div>\n\t\n\n<div class=\"row\"  id=\"row-2031094798\">\n\n\n\t<div id=\"col-424443111\" class=\"col medium-10 small-12 large-10\"  >\n\t\t\t\t<div class=\"col-inner\"  >\n\t\t\t\n\t\t\t\n\n<h2>OEM- UND ODM-ANPASSUNGSM\u00d6GLICHKEITEN<br \/>\n<\/h2>\n<p>Bedient viele bekannte Marken<\/p>\n\n\t\t<\/div>\n\t\t\t\t\t<\/div>\n\n\t\n\n\t<div id=\"col-80042715\" class=\"col medium-2 small-12 large-2\"  >\n\t\t\t\t<div class=\"col-inner text-right\"  >\n\t\t\t\n\t\t\t\n\n<a href=\"\/de\/contact-us\/\" class=\"button secondary lowercase\"  >\n    <span>Kontakt<\/span>\n  <\/a>\n\n\n\n\t\t<\/div>\n\t\t\t\t\t<\/div>\n\n\t\n\n<\/div>\n\t<div id=\"text-2752376282\" class=\"text\">\n\t\t\n\n<h2>FAQS<\/h2>\n\t\t\n<style>\n#text-2752376282 {\n  text-align: center;\n}\n<\/style>\n\t<\/div>\n\t\n<div class=\"row align-center\"  id=\"row-1944849712\">\n\n\n\t<div id=\"col-1681910486\" class=\"col medium-8 small-12 large-8\"  >\n\t\t\t\t<div class=\"col-inner text-left\"  >\n\t\t\t\n\t\t\t\n\n\t<div id=\"gap-1310979803\" class=\"gap-element clearfix\" style=\"display:block; height:auto;\">\n\t\t\n<style>\n#gap-1310979803 {\n  padding-top: 30px;\n}\n<\/style>\n\t<\/div>\n\t\n\n<div class=\"accordion\">\n\n\t<div id=\"accordion-806943513\" class=\"accordion-item\">\n\t\t<a id=\"accordion-806943513-label\" class=\"accordion-title plain\" href=\"#accordion-item-can-i-ship-anywhere?\" aria-expanded=\"false\" aria-controls=\"accordion-806943513-content\" >\n\t\t\t<button class=\"toggle\" aria-label=\"Umschalten\"><i class=\"icon-angle-down\"><\/i><\/button>\n\t\t\t<span>Kann ich \u00fcberallhin versenden?<\/span>\n\t\t<\/a>\n\t\t<div id=\"accordion-806943513-content\" class=\"accordion-inner\" aria-labelledby=\"accordion-806943513-label\" >\n\t\t\t\n\n<p>Ja, unsere Produkte k\u00f6nnen in die ganze Welt verschickt werden.<\/p>\n\n\t\t<\/div>\n\t<\/div>\n\t\n\t<div id=\"accordion-87055625\" class=\"accordion-item\">\n\t\t<a id=\"accordion-87055625-label\" class=\"accordion-title plain\" href=\"#accordion-item-what-is-the-production-cycle-of-the-product?\" aria-expanded=\"false\" aria-controls=\"accordion-87055625-content\" >\n\t\t\t<button class=\"toggle\" aria-label=\"Umschalten\"><i class=\"icon-angle-down\"><\/i><\/button>\n\t\t\t<span>Wie sieht der Produktionszyklus des Produkts aus?<\/span>\n\t\t<\/a>\n\t\t<div id=\"accordion-87055625-content\" class=\"accordion-inner\" aria-labelledby=\"accordion-87055625-label\" >\n\t\t\t\n\n<p>Die Display-St\u00e4nder hat einen bestimmten Produktionszyklus und verschiedene Arten von Produkten wird ganz anders sein, wenn Sie irgendwelche Fragen haben, k\u00f6nnen Sie uns kontaktieren.<\/p>\n\n\t\t<\/div>\n\t<\/div>\n\t\n\t<div id=\"accordion-2593181087\" class=\"accordion-item\">\n\t\t<a id=\"accordion-2593181087-label\" class=\"accordion-title plain\" href=\"#accordion-item-is-it-possible-to-provide-oem\/odm-production-services?\" aria-expanded=\"false\" aria-controls=\"accordion-2593181087-content\" >\n\t\t\t<button class=\"toggle\" aria-label=\"Umschalten\"><i class=\"icon-angle-down\"><\/i><\/button>\n\t\t\t<span>Ist es m\u00f6glich, OEM\/ODM-Produktionsdienstleistungen anzubieten?<\/span>\n\t\t<\/a>\n\t\t<div id=\"accordion-2593181087-content\" class=\"accordion-inner\" aria-labelledby=\"accordion-2593181087-label\" >\n\t\t\t\n\n<p>Ja, wir k\u00f6nnen auch die Gestaltung von Messest\u00e4nden \u00fcbernehmen.<\/p>\n\n\t\t<\/div>\n\t<\/div>\n\t\n\t<div id=\"accordion-1425517671\" class=\"accordion-item\">\n\t\t<a id=\"accordion-1425517671-label\" class=\"accordion-title plain\" href=\"#accordion-item-how-to-properly-maintain-the-display-stand?\" aria-expanded=\"false\" aria-controls=\"accordion-1425517671-content\" >\n\t\t\t<button class=\"toggle\" aria-label=\"Umschalten\"><i class=\"icon-angle-down\"><\/i><\/button>\n\t\t\t<span>Wie pflegt man den Messestand richtig?<\/span>\n\t\t<\/a>\n\t\t<div id=\"accordion-1425517671-content\" class=\"accordion-inner\" aria-labelledby=\"accordion-1425517671-label\" >\n\t\t\t\n\n<p>Vorsichtsma\u00dfnahmen f\u00fcr den t\u00e4glichen Gebrauch von Regalen: feuchtigkeitsgesch\u00fctzt, bel\u00fcftet, die Umgebung trocken halten, nicht \u00fcberladen, superhoch, ultrabreit, leichte Gegenst\u00e4nde oben, schwere Gegenst\u00e4nde unten, leicht anfassen und Kratzer an harten Gegenst\u00e4nden vermeiden.<\/p>\n\n\t\t<\/div>\n\t<\/div>\n\t\n\n<\/div>\n\n\t\t<\/div>\n\t\t\t\t\t<\/div>\n\n\t\n\n<\/div>\n<div class=\"slider-wrapper relative\" id=\"slider-999851176\" >\n    <div class=\"slider slider-nav-circle slider-nav-large slider-nav-light slider-style-normal\"\n        data-flickity-options='{            \"cellAlign\": \"center\",            \"imagesLoaded\": true,            \"lazyLoad\": 1,            \"freeScroll\": false,            \"wrapAround\": true,            \"autoPlay\": 6000,            \"pauseAutoPlayOnHover\" : true,            \"prevNextButtons\": true,            \"contain\" : true,            \"adaptiveHeight\" : true,            \"dragThreshold\" : 10,            \"percentPosition\": true,            \"pageDots\": true,            \"rightToLeft\": false,            \"draggable\": true,            \"selectedAttraction\": 0.1,            \"parallax\" : 0,            \"friction\": 0.6        }'\n        >\n        \n\n\n  <div class=\"banner has-hover\" id=\"banner-591990582\">\n          <div class=\"banner-inner fill\">\n        <div class=\"banner-bg fill\" >\n            <div class=\"bg fill bg-fill\"><\/div>\n                        <div class=\"overlay\"><\/div>            \n                    <\/div>\n\t\t\n        <div class=\"banner-layers container\">\n            <div class=\"fill banner-link\"><\/div>            \n\n   <div id=\"text-box-1096133309\" class=\"text-box banner-layer x50 md-x50 lg-x50 y50 md-y50 lg-y50 res-text\">\n                                <div class=\"text-box-content text dark\">\n              \n              <div class=\"text-inner text-center\">\n                  \n\n<p class=\"uppercase\">Mit der richtigen Einzelhandelsl\u00f6sung l\u00e4sst sich der Marketingeffekt optimal nutzen<\/p>\n\t<div id=\"text-598434312\" class=\"text\">\n\t\t\n\n<h3 class=\"uppercase\"><strong>Kundenspezifische Display-St\u00e4nder<\/strong><\/h3>\n<p>Finden Sie uns, um die Umsetzung des Anzeigeplans f\u00fcr Sie zu verbessern<\/p>\n\t\t\n<style>\n#text-598434312 {\n  font-size: 0.75rem;\n}\n<\/style>\n\t<\/div>\n\t\n<a href=\"\/de\/contact-us\/\" class=\"button white is-outline\"  >\n    <span>Kontakt<\/span>\n  <\/a>\n\n\n\n              <\/div>\n           <\/div>\n                            \n<style>\n#text-box-1096133309 {\n  width: 93%;\n}\n#text-box-1096133309 .text-box-content {\n  font-size: 100%;\n}\n@media (min-width:550px) {\n  #text-box-1096133309 {\n    width: 60%;\n  }\n  #text-box-1096133309 .text-box-content {\n    font-size: 100%;\n  }\n}\n<\/style>\n    <\/div>\n \n\n        <\/div>\n      <\/div>\n\n            \n<style>\n#banner-591990582 {\n  padding-top: 56.25%;\n}\n#banner-591990582 .bg.bg-loaded {\n  background-image: url(https:\/\/www.gzhdisplay.com\/wp-content\/uploads\/2024\/05\/OEMODM-1067x800.jpg);\n}\n#banner-591990582 .overlay {\n  background-color: rgba(0, 0, 0, 0.355);\n}\n<\/style>\n  <\/div>\n\n\n\n  <div class=\"banner has-hover has-parallax\" id=\"banner-685260920\">\n          <div class=\"banner-inner fill\">\n        <div class=\"banner-bg fill\" data-parallax=\"-10\" data-parallax-container=\".banner\" data-parallax-background>\n            <div class=\"bg fill bg-fill\"><\/div>\n                        <div class=\"overlay\"><\/div>            \n                    <\/div>\n\t\t\n        <div class=\"banner-layers container\">\n            <div class=\"fill banner-link\"><\/div>            \n\n   <div id=\"text-box-307319580\" class=\"text-box banner-layer x50 md-x50 lg-x50 y50 md-y50 lg-y50 res-text\">\n                                <div class=\"text-box-content text dark\">\n              \n              <div class=\"text-inner text-center\">\n                  \n\n<h3 class=\"uppercase\"><strong>Gro\u00dfhandel Display-St\u00e4nder<\/strong><\/h3>\n<a class=\"button white is-outline\"  >\n    <span>Kontakt<\/span>\n  <\/a>\n\n\n\n              <\/div>\n           <\/div>\n                            \n<style>\n#text-box-307319580 {\n  width: 60%;\n}\n#text-box-307319580 .text-box-content {\n  font-size: 100%;\n}\n<\/style>\n    <\/div>\n \n\n        <\/div>\n      <\/div>\n\n            \n<style>\n#banner-685260920 {\n  padding-top: 56.25%;\n}\n#banner-685260920 .bg.bg-loaded {\n  background-image: url(https:\/\/www.gzhdisplay.com\/wp-content\/uploads\/2024\/05\/OEMODM.png);\n}\n#banner-685260920 .overlay {\n  background-color: rgba(0,0,0,.5);\n}\n#banner-685260920 .bg {\n  background-position: 53% 44%;\n}\n<\/style>\n  <\/div>\n\n\n\n     <\/div>\n\n     <div class=\"loading-spin dark large centered\"><\/div>\n\n\t<\/div>","protected":false},"excerpt":{"rendered":"","protected":false},"author":1,"featured_media":0,"parent":0,"menu_order":0,"comment_status":"closed","ping_status":"closed","template":"page-blank.php","meta":{"_monsterinsights_skip_tracking":false,"_monsterinsights_sitenote_active":false,"_monsterinsights_sitenote_note":"","_monsterinsights_sitenote_category":0,"footnotes":""},"aioseo_notices":[],"_links":{"self":[{"href":"https:\/\/www.gzhdisplay.com\/de\/wp-json\/wp\/v2\/pages\/1070"}],"collection":[{"href":"https:\/\/www.gzhdisplay.com\/de\/wp-json\/wp\/v2\/pages"}],"about":[{"href":"https:\/\/www.gzhdisplay.com\/de\/wp-json\/wp\/v2\/types\/page"}],"author":[{"embeddable":true,"href":"https:\/\/www.gzhdisplay.com\/de\/wp-json\/wp\/v2\/users\/1"}],"replies":[{"embeddable":true,"href":"https:\/\/www.gzhdisplay.com\/de\/wp-json\/wp\/v2\/comments?post=1070"}],"version-history":[{"count":5,"href":"https:\/\/www.gzhdisplay.com\/de\/wp-json\/wp\/v2\/pages\/1070\/revisions"}],"predecessor-version":[{"id":1360,"href":"https:\/\/www.gzhdisplay.com\/de\/wp-json\/wp\/v2\/pages\/1070\/revisions\/1360"}],"wp:attachment":[{"href":"https:\/\/www.gzhdisplay.com\/de\/wp-json\/wp\/v2\/media?parent=1070"}],"curies":[{"name":"wp","href":"https:\/\/api.w.org\/{rel}","templated":true}]}}