{"id":1001,"date":"2024-04-16T14:21:21","date_gmt":"2024-04-16T14:21:21","guid":{"rendered":"https:\/\/gzhdisplay.com\/product\/16058443242476489111491715\/"},"modified":"2024-07-30T01:27:00","modified_gmt":"2024-07-30T01:27:00","slug":"flooring-tile-display-stand-gzh1891","status":"publish","type":"product","link":"https:\/\/www.gzhdisplay.com\/de\/produkt\/flooring-tile-display-stand-gzh1891\/","title":{"rendered":"GZH-1891 St\u00e4nder f\u00fcr Fu\u00dfbodenfliesen"},"content":{"rendered":"<table style=\"border-collapse: collapse; width: 382.82pt; height: 308px;\" border=\"0\" width=\"638\" cellspacing=\"0\" cellpadding=\"0\">\n<tbody>\n<tr style=\"height: 14.40pt;\">\n<td class=\"et3\" style=\"height: 14px; width: 143.4pt;\" width=\"239\" height=\"24\"><strong>Name<\/strong><\/td>\n<td class=\"et4\" style=\"width: 239.4pt; height: 14px;\" width=\"399\">Bodenbelag Fliese Display Stand<\/td>\n<\/tr>\n<tr style=\"height: 14.40pt;\">\n<td class=\"et3\" style=\"height: 14px; width: 143.4pt;\" width=\"239\" height=\"24\"><strong>Modell<\/strong><\/td>\n<td class=\"et4\" style=\"width: 239.4pt; height: 14px;\" width=\"399\">GZH-1891<\/td>\n<\/tr>\n<tr style=\"height: 14.40pt;\">\n<td class=\"et3\" style=\"height: 14px; width: 143.4pt;\" width=\"239\" height=\"24\"><strong>Farbe<\/strong><\/td>\n<td class=\"et4\" style=\"width: 239.4pt; height: 14px;\" width=\"399\">Schwarz (Farbe kann angepasst werden)<\/td>\n<\/tr>\n<tr style=\"height: 28.80pt;\">\n<td class=\"et3\" style=\"height: 28px; width: 143.4pt;\" width=\"239\" height=\"48\"><strong>Gr\u00f6\u00dfe<\/strong><\/td>\n<td class=\"et4\" style=\"width: 239.4pt; height: 28px;\" width=\"399\">400*400*1550mm(Kundenspezifischer Service verf\u00fcgbar)<\/td>\n<\/tr>\n<tr style=\"height: 14.40pt;\">\n<td class=\"et3\" style=\"height: 14px; width: 143.4pt;\" width=\"239\" height=\"24\"><strong>Material<\/strong><\/td>\n<td class=\"et4\" style=\"width: 239.4pt; height: 14px;\" width=\"399\">Metallisches Eisen<\/td>\n<\/tr>\n<tr style=\"height: 14.40pt;\">\n<td class=\"et3\" style=\"height: 14px; width: 143.4pt;\" width=\"239\" height=\"24\"><strong>Proofing-Zeit<\/strong><\/td>\n<td class=\"et4\" style=\"width: 239.4pt; height: 14px;\" width=\"399\">3-7 Tage (je nach Komplexit\u00e4t des Produkts)<\/td>\n<\/tr>\n<tr style=\"height: 28.80pt;\">\n<td class=\"et3\" style=\"height: 28px; width: 143.4pt;\" width=\"239\" height=\"48\"><strong>Produktionszeit<\/strong><\/td>\n<td class=\"et4\" style=\"width: 239.4pt; height: 28px;\" width=\"399\">15-30 Tage (je nach Produktkomplexit\u00e4t)<\/td>\n<\/tr>\n<tr style=\"height: 28.80pt;\">\n<td class=\"et3\" style=\"height: 28px; width: 143.4pt;\" width=\"239\" height=\"48\"><\/td>\n<td class=\"et4\" style=\"width: 239.4pt; height: 28px;\" width=\"399\"><\/td>\n<\/tr>\n<tr style=\"height: 14.40pt;\">\n<td class=\"et3\" style=\"height: 14px; width: 143.4pt;\" width=\"239\" height=\"24\"><strong>Bedingungen f\u00fcr die Lieferung<\/strong><\/td>\n<td class=\"et4\" style=\"width: 239.4pt; height: 14px;\" width=\"399\">FOB-Preis<\/td>\n<\/tr>\n<tr style=\"height: 28.80pt;\">\n<td class=\"et3\" style=\"height: 28px; width: 143.4pt;\" width=\"239\" height=\"48\"><strong>Zahlungsbedingungen<\/strong><\/td>\n<td class=\"et4\" style=\"width: 239.4pt; height: 28px;\" width=\"399\">T\/T: 30% Ablagerung + 70% Balance vor Versand<\/td>\n<\/tr>\n<tr style=\"height: 84.00pt;\">\n<td class=\"et3\" style=\"height: 84px; width: 143.4pt;\" width=\"239\" height=\"140\"><strong>Wickeln<\/strong><\/td>\n<td class=\"et4\" style=\"width: 239.4pt; height: 84px;\" width=\"399\">1. Schaumstoffummantelung<br \/>\n2. Schaumstoff Anti-Tropfen<br \/>\n3. Eckenschutz um den Stecker<br \/>\n4. Verpackung im Karton<br \/>\n5. Externer Nagel Holzleiste Versand (optional)<\/td>\n<\/tr>\n<tr style=\"height: 28.80pt;\">\n<td class=\"et3\" style=\"height: 28px; width: 143.4pt;\" width=\"239\" height=\"48\"><strong>Anwendbare Szenarien f\u00fcr das Produkt<\/strong><\/td>\n<td class=\"et4\" style=\"width: 239.4pt; height: 28px;\" width=\"399\">M\u00f6bel- und Baumaterialienunternehmen, Fliesengesch\u00e4fte, Holzbodengesch\u00e4fte<\/td>\n<\/tr>\n<\/tbody>\n<\/table>","protected":false},"excerpt":{"rendered":"<p>Der St\u00e4nder f\u00fcr Bodenfliesen ist ein unverzichtbares Instrument, um Ihre Fliesen im besten Licht zu pr\u00e4sentieren. Unsere mit Pr\u00e4zision gefertigten St\u00e4nder steigern die visuelle Attraktivit\u00e4t Ihres Fliesenangebots.<\/p>","protected":false},"featured_media":676,"template":"","meta":{"_monsterinsights_skip_tracking":false,"_monsterinsights_sitenote_active":false,"_monsterinsights_sitenote_note":"","_monsterinsights_sitenote_category":0},"product_cat":[26,105,98,104],"product_tag":[50,25],"aioseo_notices":[],"_links":{"self":[{"href":"https:\/\/www.gzhdisplay.com\/de\/wp-json\/wp\/v2\/product\/1001"}],"collection":[{"href":"https:\/\/www.gzhdisplay.com\/de\/wp-json\/wp\/v2\/product"}],"about":[{"href":"https:\/\/www.gzhdisplay.com\/de\/wp-json\/wp\/v2\/types\/product"}],"wp:featuredmedia":[{"embeddable":true,"href":"https:\/\/www.gzhdisplay.com\/de\/wp-json\/wp\/v2\/media\/676"}],"wp:attachment":[{"href":"https:\/\/www.gzhdisplay.com\/de\/wp-json\/wp\/v2\/media?parent=1001"}],"wp:term":[{"taxonomy":"product_cat","embeddable":true,"href":"https:\/\/www.gzhdisplay.com\/de\/wp-json\/wp\/v2\/product_cat?post=1001"},{"taxonomy":"product_tag","embeddable":true,"href":"https:\/\/www.gzhdisplay.com\/de\/wp-json\/wp\/v2\/product_tag?post=1001"}],"curies":[{"name":"wp","href":"https:\/\/api.w.org\/{rel}","templated":true}]}}