{"id":1003,"date":"2024-04-16T14:21:21","date_gmt":"2024-04-16T14:21:21","guid":{"rendered":"https:\/\/gzhdisplay.com\/product\/16058443223846397511851715\/"},"modified":"2024-08-08T08:57:15","modified_gmt":"2024-08-08T08:57:15","slug":"bookshelf-gzh313","status":"publish","type":"product","link":"https:\/\/www.gzhdisplay.com\/de\/produkt\/bookshelf-gzh313\/","title":{"rendered":"GZH-313 B\u00fccherregal"},"content":{"rendered":"<p>B\u00fccherregal\u3001Magazinst\u00e4nder<\/p>\n<table style=\"border-collapse: collapse; width: 385.23pt;\" border=\"0\" width=\"642\" cellspacing=\"0\" cellpadding=\"0\">\n<tbody>\n<tr style=\"height: 28.80pt;\">\n<td class=\"et2\" style=\"height: 28.80pt; width: 143.40pt;\" width=\"239\" height=\"48\"><strong>Name<\/strong><\/td>\n<td class=\"et3\" style=\"width: 241.80pt;\" width=\"403\">St\u00e4nder f\u00fcr Materialien, B\u00fccher und Zeitungen<\/td>\n<\/tr>\n<tr style=\"height: 14.40pt;\">\n<td class=\"et2\" style=\"height: 14.40pt; width: 143.40pt;\" width=\"239\" height=\"24\"><strong>Modell<\/strong><\/td>\n<td class=\"et3\" style=\"width: 241.80pt;\" width=\"403\">GZH-313<\/td>\n<\/tr>\n<tr style=\"height: 14.40pt;\">\n<td class=\"et2\" style=\"height: 14.40pt; width: 143.40pt;\" width=\"239\" height=\"24\"><strong>Farbe<\/strong><\/td>\n<td class=\"et3\" style=\"width: 241.80pt;\" width=\"403\">Schwarz (Farbe kann angepasst werden)<\/td>\n<\/tr>\n<tr style=\"height: 28.80pt;\">\n<td class=\"et2\" style=\"height: 28.80pt; width: 143.40pt;\" width=\"239\" height=\"48\"><strong>Gr\u00f6\u00dfe<\/strong><\/td>\n<td class=\"et3\" style=\"width: 241.80pt;\" width=\"403\">260*350*1500mm(Kundenspezifischer Service verf\u00fcgbar)<\/td>\n<\/tr>\n<tr style=\"height: 14.40pt;\">\n<td class=\"et2\" style=\"height: 14.40pt; width: 143.40pt;\" width=\"239\" height=\"24\"><strong>Material<\/strong><\/td>\n<td class=\"et3\" style=\"width: 241.80pt;\" width=\"403\">Metallisches Eisen<\/td>\n<\/tr>\n<tr style=\"height: 28.80pt;\">\n<td class=\"et2\" style=\"height: 28.80pt; width: 143.40pt;\" width=\"239\" height=\"48\"><strong>Proofing-Zeit<\/strong><\/td>\n<td class=\"et3\" style=\"width: 241.80pt;\" width=\"403\">3-7 Tage (je nach Komplexit\u00e4t des Produkts)<\/td>\n<\/tr>\n<tr style=\"height: 28.80pt;\">\n<td class=\"et2\" style=\"height: 28.80pt; width: 143.40pt;\" width=\"239\" height=\"48\"><strong>Produktionszeit<\/strong><\/td>\n<td class=\"et3\" style=\"width: 241.80pt;\" width=\"403\">15-30 Tage (je nach Produktkomplexit\u00e4t)<\/td>\n<\/tr>\n<tr style=\"height: 28.80pt;\">\n<td class=\"et2\" style=\"height: 28.80pt; width: 143.40pt;\" width=\"239\" height=\"48\"><strong>Preis<\/strong><\/td>\n<td class=\"et3\" style=\"width: 241.80pt;\" width=\"403\">Je nach Gr\u00f6\u00dfe und Menge, bitte anfragen<\/td>\n<\/tr>\n<tr style=\"height: 14.40pt;\">\n<td class=\"et2\" style=\"height: 14.40pt; width: 143.40pt;\" width=\"239\" height=\"24\"><strong>Bedingungen f\u00fcr die Lieferung<\/strong><\/td>\n<td class=\"et3\" style=\"width: 241.80pt;\" width=\"403\">Ab Werk, FOB<\/td>\n<\/tr>\n<tr style=\"height: 28.80pt;\">\n<td class=\"et2\" style=\"height: 28.80pt; width: 143.40pt;\" width=\"239\" height=\"48\"><strong>Zahlungsbedingungen<\/strong><\/td>\n<td class=\"et3\" style=\"width: 241.80pt;\" width=\"403\">T\/T: 30% Ablagerung + 70% Balance vor Versand<\/td>\n<\/tr>\n<tr style=\"height: 84.00pt;\">\n<td class=\"et2\" style=\"height: 84.00pt; width: 143.40pt;\" width=\"239\" height=\"140\"><strong>Wickeln<\/strong><\/td>\n<td class=\"et3\" style=\"width: 241.80pt;\" width=\"403\">1. Schaumstoffummantelung<br \/>\n2. Schaumstoff Anti-Tropfen<br \/>\n3. Eckenschutz um den Stecker<br \/>\n4. Verpackung im Karton<br \/>\n5. Externer Nagel Holzleiste Versand (optional)<\/td>\n<\/tr>\n<tr style=\"height: 43.20pt;\">\n<td class=\"et2\" style=\"height: 43.20pt; width: 143.40pt;\" width=\"239\" height=\"72\"><strong>Anwendbare Szenarien f\u00fcr das Produkt<\/strong><\/td>\n<td class=\"et3\" style=\"width: 241.80pt;\" width=\"403\">Informationsf\u00f6rderung im Gesch\u00e4ft, Informationsf\u00f6rderung auf Papier, Ausstellung, Gesch\u00e4ft, Einkaufszentrum, Bank<\/td>\n<\/tr>\n<\/tbody>\n<\/table>","protected":false},"excerpt":{"rendered":"<p>Finden Sie das ideale B\u00fccherregal&amp;Metall-Zeitschriftenst\u00e4nder f\u00fcr Ihre Sammlung. Stabil, stilvoll und in verschiedenen Ausf\u00fchrungen erh\u00e4ltlich. Jetzt bestellen!<\/p>","protected":false},"featured_media":677,"template":"","meta":{"_monsterinsights_skip_tracking":false,"_monsterinsights_sitenote_active":false,"_monsterinsights_sitenote_note":"","_monsterinsights_sitenote_category":0},"product_cat":[49],"product_tag":[48],"aioseo_notices":[],"_links":{"self":[{"href":"https:\/\/www.gzhdisplay.com\/de\/wp-json\/wp\/v2\/product\/1003"}],"collection":[{"href":"https:\/\/www.gzhdisplay.com\/de\/wp-json\/wp\/v2\/product"}],"about":[{"href":"https:\/\/www.gzhdisplay.com\/de\/wp-json\/wp\/v2\/types\/product"}],"wp:featuredmedia":[{"embeddable":true,"href":"https:\/\/www.gzhdisplay.com\/de\/wp-json\/wp\/v2\/media\/677"}],"wp:attachment":[{"href":"https:\/\/www.gzhdisplay.com\/de\/wp-json\/wp\/v2\/media?parent=1003"}],"wp:term":[{"taxonomy":"product_cat","embeddable":true,"href":"https:\/\/www.gzhdisplay.com\/de\/wp-json\/wp\/v2\/product_cat?post=1003"},{"taxonomy":"product_tag","embeddable":true,"href":"https:\/\/www.gzhdisplay.com\/de\/wp-json\/wp\/v2\/product_tag?post=1003"}],"curies":[{"name":"wp","href":"https:\/\/api.w.org\/{rel}","templated":true}]}}