{"id":1005,"date":"2024-04-16T14:21:21","date_gmt":"2024-04-16T14:21:21","guid":{"rendered":"https:\/\/gzhdisplay.com\/product\/16058442792585040215591715\/"},"modified":"2024-07-29T05:51:24","modified_gmt":"2024-07-29T05:51:24","slug":"hardware-tool-stand-gzh262","status":"publish","type":"product","link":"https:\/\/www.gzhdisplay.com\/de\/produkt\/hardware-tool-stand-gzh262\/","title":{"rendered":"GZH-262 Hardware-Werkzeugst\u00e4nder (R\u00fcckwand-Nutplatte)"},"content":{"rendered":"<table style=\"border-collapse: collapse; width: 420.02pt; height: 251px;\" border=\"0\" width=\"700\" cellspacing=\"0\" cellpadding=\"0\">\n<tbody>\n<tr style=\"height: 14.40pt;\">\n<td class=\"et2\" style=\"height: 13px; width: 143.4pt;\" width=\"239\" height=\"24\"><\/td>\n<td class=\"et3\" style=\"width: 276.6pt; height: 13px;\" width=\"461\">Hardware-Werkzeugst\u00e4nder (R\u00fcckwand-Nutplatte)<\/td>\n<\/tr>\n<tr style=\"height: 14.40pt;\">\n<td class=\"et2\" style=\"height: 14px; width: 143.4pt;\" width=\"239\" height=\"24\"><strong>Modell<\/strong><\/td>\n<td class=\"et3\" style=\"height: 14px;\">GZH-262<\/td>\n<\/tr>\n<tr style=\"height: 14.40pt;\">\n<td class=\"et2\" style=\"height: 14px; width: 143.4pt;\" width=\"239\" height=\"24\"><strong>Farbe<\/strong><\/td>\n<td class=\"et3\" style=\"height: 14px;\">Gelb (Farbe kann angepasst werden)<\/td>\n<\/tr>\n<tr style=\"height: 14.40pt;\">\n<td class=\"et2\" style=\"height: 14px; width: 143.4pt;\" width=\"239\" height=\"24\"><strong>Gr\u00f6\u00dfe<\/strong><\/td>\n<td class=\"et3\" style=\"height: 14px;\">900*450*2200mm(Kundenspezifischer Service verf\u00fcgbar)<\/td>\n<\/tr>\n<tr style=\"height: 14.40pt;\">\n<td class=\"et2\" style=\"height: 14px; width: 143.4pt;\" width=\"239\" height=\"24\"><strong>Material<\/strong><\/td>\n<td class=\"et3\" style=\"height: 14px;\">Metallisches Eisen<\/td>\n<\/tr>\n<tr style=\"height: 14.40pt;\">\n<td class=\"et2\" style=\"height: 14px; width: 143.4pt;\" width=\"239\" height=\"24\"><strong>Proofing-Zeit<\/strong><\/td>\n<td class=\"et3\" style=\"height: 14px;\">3-7 Tage (je nach Komplexit\u00e4t des Produkts)<\/td>\n<\/tr>\n<tr style=\"height: 14.40pt;\">\n<td class=\"et2\" style=\"height: 14px; width: 143.4pt;\" width=\"239\" height=\"24\"><strong>Produktionszeit<\/strong><\/td>\n<td class=\"et3\" style=\"height: 14px;\">15-30 Tage (je nach Produktkomplexit\u00e4t)<\/td>\n<\/tr>\n<tr style=\"height: 14.40pt;\">\n<td class=\"et2\" style=\"height: 14px; width: 143.4pt;\" width=\"239\" height=\"24\"><strong>Preis<\/strong><\/td>\n<td class=\"et3\" style=\"height: 14px;\">Je nach Gr\u00f6\u00dfe und Menge, bitte anfragen<\/td>\n<\/tr>\n<tr style=\"height: 14.40pt;\">\n<td class=\"et2\" style=\"height: 14px; width: 143.4pt;\" width=\"239\" height=\"24\"><strong>Bedingungen f\u00fcr die Lieferung<\/strong><\/td>\n<td class=\"et3\" style=\"height: 14px;\">Ab Werk, FOB<\/td>\n<\/tr>\n<tr style=\"height: 14.40pt;\">\n<td class=\"et2\" style=\"height: 14px; width: 143.4pt;\" width=\"239\" height=\"24\"><strong>Zahlungsbedingungen<\/strong><\/td>\n<td class=\"et3\" style=\"height: 14px;\">T\/T: 30% Ablagerung + 70% Balance vor Versand<\/td>\n<\/tr>\n<tr style=\"height: 84.00pt;\">\n<td class=\"et2\" style=\"height: 84px; width: 143.4pt;\" width=\"239\" height=\"140\"><strong>Wickeln<\/strong><\/td>\n<td class=\"et4\" style=\"width: 276.6pt; height: 84px;\" width=\"461\">1. Schaumstoffummantelung<br \/>\n2. Schaumstoff Anti-Tropfen<br \/>\n3. Eckenschutz um den Stecker<br \/>\n4. Verpackung im Karton<br \/>\n5. Externer Nagel Holzleiste Versand (optional)<\/td>\n<\/tr>\n<tr style=\"height: 28.80pt;\">\n<td class=\"et2\" style=\"height: 28px; width: 143.4pt;\" width=\"239\" height=\"48\"><strong>Anwendbare Szenarien f\u00fcr das Produkt<\/strong><\/td>\n<td class=\"et3\" style=\"height: 28px;\">Hardware-Werkzeug-Shop Produkt-Display<\/td>\n<\/tr>\n<\/tbody>\n<\/table>","protected":false},"excerpt":{"rendered":"<p>Der Werkzeugst\u00e4nder f\u00fcr Eisenwaren ist eine unverzichtbare Aufbewahrungsl\u00f6sung f\u00fcr die Organisation und den Zugriff auf verschiedene Werkzeuge. Er wurde speziell entwickelt, um Ihre Eisenwarenwerkzeuge \u00fcbersichtlich und leicht zug\u00e4nglich aufzubewahren.<\/p>","protected":false},"featured_media":680,"template":"","meta":{"_monsterinsights_skip_tracking":false,"_monsterinsights_sitenote_active":false,"_monsterinsights_sitenote_note":"","_monsterinsights_sitenote_category":0},"product_cat":[21,101,96,100],"product_tag":[20],"aioseo_notices":[],"_links":{"self":[{"href":"https:\/\/www.gzhdisplay.com\/de\/wp-json\/wp\/v2\/product\/1005"}],"collection":[{"href":"https:\/\/www.gzhdisplay.com\/de\/wp-json\/wp\/v2\/product"}],"about":[{"href":"https:\/\/www.gzhdisplay.com\/de\/wp-json\/wp\/v2\/types\/product"}],"wp:featuredmedia":[{"embeddable":true,"href":"https:\/\/www.gzhdisplay.com\/de\/wp-json\/wp\/v2\/media\/680"}],"wp:attachment":[{"href":"https:\/\/www.gzhdisplay.com\/de\/wp-json\/wp\/v2\/media?parent=1005"}],"wp:term":[{"taxonomy":"product_cat","embeddable":true,"href":"https:\/\/www.gzhdisplay.com\/de\/wp-json\/wp\/v2\/product_cat?post=1005"},{"taxonomy":"product_tag","embeddable":true,"href":"https:\/\/www.gzhdisplay.com\/de\/wp-json\/wp\/v2\/product_tag?post=1005"}],"curies":[{"name":"wp","href":"https:\/\/api.w.org\/{rel}","templated":true}]}}