{"id":1007,"date":"2024-04-16T14:21:21","date_gmt":"2024-04-16T14:21:21","guid":{"rendered":"https:\/\/gzhdisplay.com\/product\/16058442755221341492171715\/"},"modified":"2024-09-03T02:31:21","modified_gmt":"2024-09-03T02:31:21","slug":"storage-rack-with-pulleys-gzh5a1","status":"publish","type":"product","link":"https:\/\/www.gzhdisplay.com\/de\/produkt\/storage-rack-with-pulleys-gzh5a1\/","title":{"rendered":"GZH-5A-1 Lagerregal mit Umlenkrollen"},"content":{"rendered":"<p>Lagerregal mit Umlenkrollen<\/p>\n<table style=\"border-collapse: collapse; width: 423.62pt; height: 266px;\" border=\"0\" width=\"706\" cellspacing=\"0\" cellpadding=\"0\">\n<tbody>\n<tr style=\"height: 14.40pt;\">\n<td class=\"et2\" style=\"height: 14px; width: 143.4pt;\" width=\"239\" height=\"24\"><strong>Name<\/strong><\/td>\n<td class=\"et3\" style=\"width: 280.2pt; height: 14px;\" width=\"467\">Lagerregal mit Umlenkrollen<\/td>\n<\/tr>\n<tr style=\"height: 14.40pt;\">\n<td class=\"et2\" style=\"height: 14px; width: 143.4pt;\" width=\"239\" height=\"24\"><strong>Modell<\/strong><\/td>\n<td class=\"et3\" style=\"height: 14px;\">GZH-5A-1<\/td>\n<\/tr>\n<tr style=\"height: 14.40pt;\">\n<td class=\"et2\" style=\"height: 14px; width: 143.4pt;\" width=\"239\" height=\"24\"><strong>Lasttragend<\/strong><\/td>\n<td class=\"et3\" style=\"height: 14px;\">500kg\/Schicht<\/td>\n<\/tr>\n<tr style=\"height: 14.40pt;\">\n<td class=\"et2\" style=\"height: 14px; width: 143.4pt;\" width=\"239\" height=\"24\"><strong>Farbe<\/strong><\/td>\n<td class=\"et3\" style=\"height: 14px;\">blau<\/td>\n<\/tr>\n<tr style=\"height: 14.40pt;\">\n<td class=\"et2\" style=\"height: 14px; width: 143.4pt;\" width=\"239\" height=\"24\"><strong>Gr\u00f6\u00dfe<\/strong><\/td>\n<td class=\"et3\" style=\"height: 14px;\">Ma\u00dfgeschneiderte Dienstleistungen sind verf\u00fcgbar<\/td>\n<\/tr>\n<tr style=\"height: 14.40pt;\">\n<td class=\"et2\" style=\"height: 14px; width: 143.4pt;\" width=\"239\" height=\"24\"><strong>Material<\/strong><\/td>\n<td class=\"et3\" style=\"height: 14px;\">Metallisches Eisen<\/td>\n<\/tr>\n<tr style=\"height: 14.40pt;\">\n<td class=\"et2\" style=\"height: 14px; width: 143.4pt;\" width=\"239\" height=\"24\"><strong>Proofing-Zeit<\/strong><\/td>\n<td class=\"et3\" style=\"height: 14px;\">3-7 Tage (je nach Komplexit\u00e4t des Produkts)<\/td>\n<\/tr>\n<tr style=\"height: 14.40pt;\">\n<td class=\"et2\" style=\"height: 14px; width: 143.4pt;\" width=\"239\" height=\"24\"><strong>Produktionszeit<\/strong><\/td>\n<td class=\"et3\" style=\"height: 14px;\">15-30 Tage (je nach Produktkomplexit\u00e4t)<\/td>\n<\/tr>\n<tr style=\"height: 14.40pt;\">\n<td class=\"et2\" style=\"height: 14px; width: 143.4pt;\" width=\"239\" height=\"24\"><strong>Preis<\/strong><\/td>\n<td class=\"et3\" style=\"height: 14px;\">Je nach Gr\u00f6\u00dfe und Menge, bitte anfragen<\/td>\n<\/tr>\n<tr style=\"height: 14.40pt;\">\n<td class=\"et2\" style=\"height: 14px; width: 143.4pt;\" width=\"239\" height=\"24\"><strong>Bedingungen f\u00fcr die Lieferung<\/strong><\/td>\n<td class=\"et3\" style=\"height: 14px;\">Ab Werk, FOB<\/td>\n<\/tr>\n<tr style=\"height: 14.40pt;\">\n<td class=\"et2\" style=\"height: 14px; width: 143.4pt;\" width=\"239\" height=\"24\"><strong>Zahlungsbedingungen<\/strong><\/td>\n<td class=\"et3\" style=\"height: 14px;\">T\/T: 30% Ablagerung + 70% Balance vor Versand<\/td>\n<\/tr>\n<tr style=\"height: 84.00pt;\">\n<td class=\"et2\" style=\"height: 84px; width: 143.4pt;\" width=\"239\" height=\"140\"><strong>Wickeln<\/strong><\/td>\n<td class=\"et4\" style=\"width: 280.2pt; height: 84px;\" width=\"467\">1. Schaumstoffummantelung<br \/>\n2. Schaumstoff Anti-Tropfen<br \/>\n3. Eckenschutz um den Stecker<br \/>\n4. Verpackung im Karton<br \/>\n5. Externer Nagel Holzleiste Versand (optional)<\/td>\n<\/tr>\n<tr style=\"height: 28.80pt;\">\n<td class=\"et2\" style=\"height: 28px; width: 143.4pt;\" width=\"239\" height=\"48\"><strong>Anwendbare Szenarien f\u00fcr das Produkt<\/strong><\/td>\n<td class=\"et3\" style=\"height: 28px;\">Lagerhallen, Wirtschaftsr\u00e4ume, Gesch\u00e4fte<\/td>\n<\/tr>\n<\/tbody>\n<\/table>","protected":false},"excerpt":{"rendered":"<p>Investieren Sie in ein hochwertiges Aufbewahrungsregal mit Rollen und genie\u00dfen Sie den Komfort einer m\u00fchelosen Organisation und Mobilit\u00e4t. Verabschieden Sie sich von der Unordnung und begr\u00fc\u00dfen Sie ein besser organisiertes Leben.<\/p>","protected":false},"featured_media":681,"template":"","meta":{"_monsterinsights_skip_tracking":false,"_monsterinsights_sitenote_active":false,"_monsterinsights_sitenote_note":"","_monsterinsights_sitenote_category":0},"product_cat":[47,97,102,103],"product_tag":[46],"aioseo_notices":[],"_links":{"self":[{"href":"https:\/\/www.gzhdisplay.com\/de\/wp-json\/wp\/v2\/product\/1007"}],"collection":[{"href":"https:\/\/www.gzhdisplay.com\/de\/wp-json\/wp\/v2\/product"}],"about":[{"href":"https:\/\/www.gzhdisplay.com\/de\/wp-json\/wp\/v2\/types\/product"}],"wp:featuredmedia":[{"embeddable":true,"href":"https:\/\/www.gzhdisplay.com\/de\/wp-json\/wp\/v2\/media\/681"}],"wp:attachment":[{"href":"https:\/\/www.gzhdisplay.com\/de\/wp-json\/wp\/v2\/media?parent=1007"}],"wp:term":[{"taxonomy":"product_cat","embeddable":true,"href":"https:\/\/www.gzhdisplay.com\/de\/wp-json\/wp\/v2\/product_cat?post=1007"},{"taxonomy":"product_tag","embeddable":true,"href":"https:\/\/www.gzhdisplay.com\/de\/wp-json\/wp\/v2\/product_tag?post=1007"}],"curies":[{"name":"wp","href":"https:\/\/api.w.org\/{rel}","templated":true}]}}