{"id":1011,"date":"2024-04-16T14:21:22","date_gmt":"2024-04-16T14:21:22","guid":{"rendered":"https:\/\/gzhdisplay.com\/product\/16058442476915849238241715\/"},"modified":"2024-07-20T02:02:04","modified_gmt":"2024-07-20T02:02:04","slug":"warehouseshelves500kg","status":"publish","type":"product","link":"https:\/\/www.gzhdisplay.com\/de\/produkt\/warehouseshelves500kg\/","title":{"rendered":"GZH-5B Lagerregale \uff08250-500kg\uff09"},"content":{"rendered":"<p>Lagerregal: normale Gr\u00f6\u00dfe 2000mm*600mm*2000mm.<\/p>\n<p>Die Dicke des Materials wird nach der Tragf\u00e4higkeit des Materials bestimmt.<\/p>\n<p>Die Farbe kann angepasst werden<br \/>\nDie Anzahl der Ebenen kann angepasst werden<\/p>\n<p>Sie k\u00f6nnen f\u00fcr ein Angebot kontaktieren (geben Sie die Gr\u00f6\u00dfe, Menge, Tragf\u00e4higkeit, wie viele Schichten und Farbe zu zitieren). -FOB Guangzhou Preis\uff08USD\uff09<\/p>","protected":false},"excerpt":{"rendered":"<p>Lagerregale - 250kg pro Schicht, 4 Schichten. Legen Sie es in einem Lager oder Gesch\u00e4ft mit Regalen.verschiedene Gr\u00f6\u00dfen und Lasten (500kg, 800kg, 1000kg)<\/p>\n<p>Die Regale wirken auf das Lager, so dass das Lager sauber und standardisiert.das Lagersystem der verschiedenen Fabriken k\u00f6nnen entworfen und angepasst werden, sowie verschiedene Dachb\u00f6den, Stapel und andere Speicher liefert.<\/p>","protected":false},"featured_media":684,"template":"","meta":{"_monsterinsights_skip_tracking":false,"_monsterinsights_sitenote_active":false,"_monsterinsights_sitenote_note":"","_monsterinsights_sitenote_category":0},"product_cat":[47,102,103],"product_tag":[46],"aioseo_notices":[],"_links":{"self":[{"href":"https:\/\/www.gzhdisplay.com\/de\/wp-json\/wp\/v2\/product\/1011"}],"collection":[{"href":"https:\/\/www.gzhdisplay.com\/de\/wp-json\/wp\/v2\/product"}],"about":[{"href":"https:\/\/www.gzhdisplay.com\/de\/wp-json\/wp\/v2\/types\/product"}],"wp:featuredmedia":[{"embeddable":true,"href":"https:\/\/www.gzhdisplay.com\/de\/wp-json\/wp\/v2\/media\/684"}],"wp:attachment":[{"href":"https:\/\/www.gzhdisplay.com\/de\/wp-json\/wp\/v2\/media?parent=1011"}],"wp:term":[{"taxonomy":"product_cat","embeddable":true,"href":"https:\/\/www.gzhdisplay.com\/de\/wp-json\/wp\/v2\/product_cat?post=1011"},{"taxonomy":"product_tag","embeddable":true,"href":"https:\/\/www.gzhdisplay.com\/de\/wp-json\/wp\/v2\/product_tag?post=1011"}],"curies":[{"name":"wp","href":"https:\/\/api.w.org\/{rel}","templated":true}]}}