{"id":1029,"date":"2024-04-16T14:21:23","date_gmt":"2024-04-16T14:21:23","guid":{"rendered":"https:\/\/gzhdisplay.com\/product\/16058431264503754216081715\/"},"modified":"2024-07-24T01:39:32","modified_gmt":"2024-07-24T01:39:32","slug":"a-frame-poster-display-rack-gzh1702","status":"publish","type":"product","link":"https:\/\/www.gzhdisplay.com\/de\/produkt\/a-frame-poster-display-rack-gzh1702\/","title":{"rendered":"GZH-1702 Plakatst\u00e4nder mit A-Rahmen"},"content":{"rendered":"<table style=\"border-collapse: collapse; width: 424.23pt;\" border=\"0\" width=\"707\" cellspacing=\"0\" cellpadding=\"0\">\n<tbody>\n<tr style=\"height: 14.40pt;\">\n<td class=\"et2\" style=\"height: 14.40pt; width: 143.40pt;\" width=\"239\" height=\"24\"><\/td>\n<td class=\"et3\" style=\"width: 280.80pt;\" width=\"468\">A-Rahmen-Plakatst\u00e4nder<\/td>\n<\/tr>\n<tr style=\"height: 14.40pt;\">\n<td class=\"et2\" style=\"height: 14.40pt; width: 143.40pt;\" width=\"239\" height=\"24\"><strong>Modell<\/strong><\/td>\n<td class=\"et3\" style=\"width: 280.80pt;\" width=\"468\">GZH-1702<\/td>\n<\/tr>\n<tr style=\"height: 14.40pt;\">\n<td class=\"et2\" style=\"height: 14.40pt; width: 143.40pt;\" width=\"239\" height=\"24\"><strong>Farbe<\/strong><\/td>\n<td class=\"et3\" style=\"width: 280.80pt;\" width=\"468\">Schwarz (Farbe kann angepasst werden)<\/td>\n<\/tr>\n<tr style=\"height: 14.40pt;\">\n<td class=\"et2\" style=\"height: 14.40pt; width: 143.40pt;\" width=\"239\" height=\"24\"><strong>Gr\u00f6\u00dfe<\/strong><\/td>\n<td class=\"et3\" style=\"width: 280.80pt;\" width=\"468\">565*585*940mm(Kundenspezifischer Service verf\u00fcgbar)<\/td>\n<\/tr>\n<tr style=\"height: 14.40pt;\">\n<td class=\"et2\" style=\"height: 14.40pt; width: 143.40pt;\" width=\"239\" height=\"24\"><strong>Material<\/strong><\/td>\n<td class=\"et3\" style=\"width: 280.80pt;\" width=\"468\">Metallisches Eisen<\/td>\n<\/tr>\n<tr style=\"height: 14.40pt;\">\n<td class=\"et2\" style=\"height: 14.40pt; width: 143.40pt;\" width=\"239\" height=\"24\"><strong>Proofing-Zeit<\/strong><\/td>\n<td class=\"et3\" style=\"width: 280.80pt;\" width=\"468\">3-7 Tage (je nach Komplexit\u00e4t des Produkts)<\/td>\n<\/tr>\n<tr style=\"height: 14.40pt;\">\n<td class=\"et2\" style=\"height: 14.40pt; width: 143.40pt;\" width=\"239\" height=\"24\"><strong>Produktionszeit<\/strong><\/td>\n<td class=\"et3\" style=\"width: 280.80pt;\" width=\"468\">15-30 Tage (je nach Produktkomplexit\u00e4t)<\/td>\n<\/tr>\n<tr style=\"height: 14.40pt;\">\n<td class=\"et2\" style=\"height: 14.40pt; width: 143.40pt;\" width=\"239\" height=\"24\"><strong>Preis<\/strong><\/td>\n<td class=\"et3\" style=\"width: 280.80pt;\" width=\"468\">Je nach Gr\u00f6\u00dfe und Menge, bitte anfragen<\/td>\n<\/tr>\n<tr style=\"height: 14.40pt;\">\n<td class=\"et2\" style=\"height: 14.40pt; width: 143.40pt;\" width=\"239\" height=\"24\"><strong>Bedingungen f\u00fcr die Lieferung<\/strong><\/td>\n<td class=\"et3\" style=\"width: 280.80pt;\" width=\"468\">Ab Werk, FOB<\/td>\n<\/tr>\n<tr style=\"height: 14.40pt;\">\n<td class=\"et2\" style=\"height: 14.40pt; width: 143.40pt;\" width=\"239\" height=\"24\"><strong>Zahlungsbedingungen<\/strong><\/td>\n<td class=\"et3\" style=\"width: 280.80pt;\" width=\"468\">T\/T: 30% Ablagerung + 70% Balance vor Versand<\/td>\n<\/tr>\n<tr style=\"height: 84.00pt;\">\n<td class=\"et2\" style=\"height: 84.00pt; width: 143.40pt;\" width=\"239\" height=\"140\"><strong>Wickeln<\/strong><\/td>\n<td class=\"et3\" style=\"width: 280.80pt;\" width=\"468\">1. Schaumstoffummantelung<br \/>\n2. Schaumstoff Anti-Tropfen<br \/>\n3. Eckenschutz um den Stecker<br \/>\n4. Verpackung im Karton<br \/>\n5. Externer Nagel Holzleiste Versand (optional)<\/td>\n<\/tr>\n<tr style=\"height: 43.20pt;\">\n<td class=\"et2\" style=\"height: 43.20pt; width: 143.40pt;\" width=\"239\" height=\"72\"><strong>Anwendbare Szenarien f\u00fcr das Produkt<\/strong><\/td>\n<td class=\"et3\" style=\"width: 280.80pt;\" width=\"468\">Plakate f\u00fcr Einzelhandelsgesch\u00e4fte, Lebensmittelgesch\u00e4fte, Ausstellungen, Gesch\u00e4fte, Einkaufszentren, Banken<\/td>\n<\/tr>\n<\/tbody>\n<\/table>","protected":false},"excerpt":{"rendered":"<p><strong>A-Frame Poster Display Rack, Es hat eine A-f\u00f6rmige Struktur und eine saubere Form. Es wird oft in Einkaufszentren, Superm\u00e4rkten, Ausstellungen und anderen Orten verwendet.<br \/>\nIn Einkaufszentren k\u00f6nnen zum Beispiel Plakate zur Produktwerbung aufgeh\u00e4ngt werden; in Ausstellungen werden die entsprechenden Plakate der Exponate pr\u00e4sentiert.<\/strong><\/p>","protected":false},"featured_media":701,"template":"","meta":{"_monsterinsights_skip_tracking":false,"_monsterinsights_sitenote_active":false,"_monsterinsights_sitenote_note":"","_monsterinsights_sitenote_category":0},"product_cat":[35,107,108,106],"product_tag":[33,34],"aioseo_notices":[],"_links":{"self":[{"href":"https:\/\/www.gzhdisplay.com\/de\/wp-json\/wp\/v2\/product\/1029"}],"collection":[{"href":"https:\/\/www.gzhdisplay.com\/de\/wp-json\/wp\/v2\/product"}],"about":[{"href":"https:\/\/www.gzhdisplay.com\/de\/wp-json\/wp\/v2\/types\/product"}],"wp:featuredmedia":[{"embeddable":true,"href":"https:\/\/www.gzhdisplay.com\/de\/wp-json\/wp\/v2\/media\/701"}],"wp:attachment":[{"href":"https:\/\/www.gzhdisplay.com\/de\/wp-json\/wp\/v2\/media?parent=1029"}],"wp:term":[{"taxonomy":"product_cat","embeddable":true,"href":"https:\/\/www.gzhdisplay.com\/de\/wp-json\/wp\/v2\/product_cat?post=1029"},{"taxonomy":"product_tag","embeddable":true,"href":"https:\/\/www.gzhdisplay.com\/de\/wp-json\/wp\/v2\/product_tag?post=1029"}],"curies":[{"name":"wp","href":"https:\/\/api.w.org\/{rel}","templated":true}]}}