{"id":1037,"date":"2024-04-16T14:21:23","date_gmt":"2024-04-16T14:21:23","guid":{"rendered":"https:\/\/gzhdisplay.com\/product\/16058402826552712190411715\/"},"modified":"2024-07-22T06:49:14","modified_gmt":"2024-07-22T06:49:14","slug":"retail-beverage-display-stand-gzh310","status":"publish","type":"product","link":"https:\/\/www.gzhdisplay.com\/de\/produkt\/retail-beverage-display-stand-gzh310\/","title":{"rendered":"GZH-310 Individueller Getr\u00e4nkestand f\u00fcr den Einzelhandel"},"content":{"rendered":"<table style=\"border-collapse: collapse; width: 450.62pt;\" border=\"0\" width=\"751\" cellspacing=\"0\" cellpadding=\"0\">\n<tbody>\n<tr style=\"height: 14.40pt;\">\n<td class=\"et2\" style=\"height: 14.40pt; width: 143.40pt;\" width=\"239\" height=\"24\"><\/td>\n<td class=\"et3\" style=\"width: 307.20pt;\" width=\"512\">Getr\u00e4nkest\u00e4nder f\u00fcr den Einzelhandel<\/td>\n<\/tr>\n<tr style=\"height: 14.40pt;\">\n<td class=\"et2\" style=\"height: 14.40pt; width: 143.40pt;\" width=\"239\" height=\"24\"><strong>Modell<\/strong><\/td>\n<td class=\"et3\">GZH-310<\/td>\n<\/tr>\n<tr style=\"height: 14.40pt;\">\n<td class=\"et2\" style=\"height: 14.40pt; width: 143.40pt;\" width=\"239\" height=\"24\"><strong>Farbe<\/strong><\/td>\n<td class=\"et3\">Rot (Farbe kann angepasst werden)<\/td>\n<\/tr>\n<tr style=\"height: 14.40pt;\">\n<td class=\"et2\" style=\"height: 14.40pt; width: 143.40pt;\" width=\"239\" height=\"24\"><strong>Gr\u00f6\u00dfe<\/strong><\/td>\n<td class=\"et3\">550*640*1860mm(Kundenspezifischer Service verf\u00fcgbar)<\/td>\n<\/tr>\n<tr style=\"height: 14.40pt;\">\n<td class=\"et2\" style=\"height: 14.40pt; width: 143.40pt;\" width=\"239\" height=\"24\"><strong>Material<\/strong><\/td>\n<td class=\"et3\">Metallisches Eisen<\/td>\n<\/tr>\n<tr style=\"height: 14.40pt;\">\n<td class=\"et2\" style=\"height: 14.40pt; width: 143.40pt;\" width=\"239\" height=\"24\"><strong>Proofing-Zeit<\/strong><\/td>\n<td class=\"et3\">3-7 Tage (je nach Komplexit\u00e4t des Produkts)<\/td>\n<\/tr>\n<tr style=\"height: 14.40pt;\">\n<td class=\"et2\" style=\"height: 14.40pt; width: 143.40pt;\" width=\"239\" height=\"24\"><strong>Produktionszeit<\/strong><\/td>\n<td class=\"et3\">15-30 Tage (je nach Produktkomplexit\u00e4t)<\/td>\n<\/tr>\n<tr style=\"height: 14.40pt;\">\n<td class=\"et2\" style=\"height: 14.40pt; width: 143.40pt;\" width=\"239\" height=\"24\"><strong>Preis<\/strong><\/td>\n<td class=\"et3\">Je nach Gr\u00f6\u00dfe und Menge, bitte anfragen<\/td>\n<\/tr>\n<tr style=\"height: 14.40pt;\">\n<td class=\"et2\" style=\"height: 14.40pt; width: 143.40pt;\" width=\"239\" height=\"24\"><strong>Bedingungen f\u00fcr die Lieferung<\/strong><\/td>\n<td class=\"et3\">Ab Werk, FOB<\/td>\n<\/tr>\n<tr style=\"height: 14.40pt;\">\n<td class=\"et2\" style=\"height: 14.40pt; width: 143.40pt;\" width=\"239\" height=\"24\"><strong>Zahlungsbedingungen<\/strong><\/td>\n<td class=\"et3\">T\/T: 30% Ablagerung + 70% Balance vor Versand<\/td>\n<\/tr>\n<tr style=\"height: 84.00pt;\">\n<td class=\"et2\" style=\"height: 84.00pt; width: 143.40pt;\" width=\"239\" height=\"140\"><strong>wickeln<\/strong><\/td>\n<td class=\"et4\" style=\"width: 307.20pt;\" width=\"512\">1. Schaumstoffummantelung<br \/>\n2. Schaumstoff Anti-Tropfen<br \/>\n3. Eckenschutz um den Stecker<br \/>\n4. Verpackung im Karton<br \/>\n5. Externer Nagel Holzleiste Versand (optional)<\/td>\n<\/tr>\n<tr style=\"height: 28.80pt;\">\n<td class=\"et2\" style=\"height: 28.80pt; width: 143.40pt;\" width=\"239\" height=\"48\"><strong>Anwendbare Szenarien f\u00fcr das Produkt<\/strong><\/td>\n<td class=\"et3\">Superm\u00e4rkte, Verbraucherm\u00e4rkte<\/td>\n<\/tr>\n<\/tbody>\n<\/table>","protected":false},"excerpt":{"rendered":"<p>Custom Retail Beverage Display Stand: M\u00f6chten Sie Cola, Soda, Saft, Spirituosen und andere Getr\u00e4nke im Einzelhandel anzeigen? Kontakt GZH Display STAND Jetzt &amp; Start desiqning kreative Getr\u00e4nkedisplays!<\/p>","protected":false},"featured_media":708,"template":"","meta":{"_monsterinsights_skip_tracking":false,"_monsterinsights_sitenote_active":false,"_monsterinsights_sitenote_note":"","_monsterinsights_sitenote_category":0},"product_cat":[19,95,94,93],"product_tag":[30,29],"aioseo_notices":[],"_links":{"self":[{"href":"https:\/\/www.gzhdisplay.com\/de\/wp-json\/wp\/v2\/product\/1037"}],"collection":[{"href":"https:\/\/www.gzhdisplay.com\/de\/wp-json\/wp\/v2\/product"}],"about":[{"href":"https:\/\/www.gzhdisplay.com\/de\/wp-json\/wp\/v2\/types\/product"}],"wp:featuredmedia":[{"embeddable":true,"href":"https:\/\/www.gzhdisplay.com\/de\/wp-json\/wp\/v2\/media\/708"}],"wp:attachment":[{"href":"https:\/\/www.gzhdisplay.com\/de\/wp-json\/wp\/v2\/media?parent=1037"}],"wp:term":[{"taxonomy":"product_cat","embeddable":true,"href":"https:\/\/www.gzhdisplay.com\/de\/wp-json\/wp\/v2\/product_cat?post=1037"},{"taxonomy":"product_tag","embeddable":true,"href":"https:\/\/www.gzhdisplay.com\/de\/wp-json\/wp\/v2\/product_tag?post=1037"}],"curies":[{"name":"wp","href":"https:\/\/api.w.org\/{rel}","templated":true}]}}