{"id":725,"date":"2024-04-16T14:07:51","date_gmt":"2024-04-16T14:07:51","guid":{"rendered":"https:\/\/gzhdisplay.com\/product\/16063516310971560904723315\/"},"modified":"2024-09-03T08:30:20","modified_gmt":"2024-09-03T08:30:20","slug":"fabric-display-rack","status":"publish","type":"product","link":"https:\/\/www.gzhdisplay.com\/de\/produkt\/fabric-display-rack\/","title":{"rendered":"GZH BL01 Stoffregal-Gro\u00dfhandel Fabrik"},"content":{"rendered":"<h1 id=\"title\" class=\"a-size-large a-spacing-none\"><span id=\"productTitle\" class=\"a-size-large product-title-word-break\">Verstellbares Gestell f\u00fcr Textilgewebe\/Vinylspulen\/Auto-Farbwechselfolie\/Tischdecke\/Verpackung<\/span><\/h1>\n<div id=\"productOverview_feature_div\" class=\"celwidget\" data-feature-name=\"productOverview\" data-csa-c-type=\"widget\" data-csa-c-content-id=\"productOverview\" data-csa-c-slot-id=\"productOverview_feature_div\" data-csa-c-asin=\"B0CHMCRP11\" data-csa-c-is-in-initial-active-row=\"false\" data-csa-c-id=\"m2ofla-gwa8rj-hjv3x4-h8e7p7\" data-cel-widget=\"productOverview_feature_div\">\n<div class=\"a-section a-spacing-small a-spacing-top-small\">\n<table class=\"a-normal a-spacing-micro\">\n<tbody>\n<tr class=\"a-spacing-small po-brand\">\n<td class=\"a-span3\"><span class=\"a-size-base a-text-bold\">Marke<\/span><\/td>\n<td class=\"a-span9\"><span class=\"a-size-base po-break-word\">GZH DSIPLAY\u00a0<\/span><\/td>\n<\/tr>\n<tr class=\"a-spacing-small po-material\">\n<td class=\"a-span3\"><span class=\"a-size-base a-text-bold\">Material<\/span><\/td>\n<td class=\"a-span9\"><span class=\"a-size-base po-break-word\">Eisen<\/span><\/td>\n<\/tr>\n<tr class=\"a-spacing-small po-recommended_uses_for_product\">\n<td class=\"a-span3\"><span class=\"a-size-base a-text-bold\">Empfohlene Verwendungszwecke f\u00fcr das Produkt<\/span><\/td>\n<td class=\"a-span9\"><span class=\"a-size-base po-break-word\">Schal, G\u00fcrtel, Hose, Handtuch, Decke, Schal, Geschirrtuch, Kopfbedeckung, Halstuch, Geschenkpapier<\/span><\/td>\n<\/tr>\n<tr class=\"a-spacing-small po-installation_type\">\n<td class=\"a-span3\"><span class=\"a-size-base a-text-bold\">Einbauart<\/span><\/td>\n<td class=\"a-span9\"><span class=\"a-size-base po-break-word\">Freistehend<\/span><\/td>\n<\/tr>\n<tr class=\"a-spacing-small po-special_feature\">\n<td class=\"a-span3\"><span class=\"a-size-base a-text-bold\">Besonderes Merkmal<\/span><\/td>\n<td class=\"a-span9\"><span class=\"a-size-base po-break-word\">Einstellbar<\/span><\/td>\n<\/tr>\n<\/tbody>\n<\/table>\n<\/div>\n<\/div>\n<div id=\"featurebullets_feature_div\" class=\"celwidget\" data-feature-name=\"featurebullets\" data-csa-c-type=\"widget\" data-csa-c-content-id=\"featurebullets\" data-csa-c-slot-id=\"featurebullets_feature_div\" data-csa-c-asin=\"B0CHMCRP11\" data-csa-c-is-in-initial-active-row=\"false\" data-csa-c-id=\"kmn2xj-z5h4h5-pwbi9a-ds60gr\" data-cel-widget=\"featurebullets_feature_div\">\n<div id=\"feature-bullets\" class=\"a-section a-spacing-medium a-spacing-top-small\"><\/div>\n<\/div>\n<p>Das doppelseitige Stoffregal wird verwendet, um Stoffmuster in Lagern oder auf Stoffm\u00e4rkten auszustellen, damit Sie die Muster der fertigen Stoffe intuitiver sehen k\u00f6nnen. Jede Schicht kann bis zu 50 kg tragen. die Anzahl der Schichten kann angepasst werden, und verschiedene Gr\u00f6\u00dfen k\u00f6nnen angepasst werden.<\/p>","protected":false},"excerpt":{"rendered":"<p>Unsere Regale lassen Ihre Stoffe nicht nur gut aussehen, sondern erleichtern den Kunden auch das St\u00f6bern und die Auswahl. Das doppelseitige Design bietet maximale Sichtbarkeit.<\/p>","protected":false},"featured_media":23,"template":"","meta":{"_monsterinsights_skip_tracking":false,"_monsterinsights_sitenote_active":false,"_monsterinsights_sitenote_note":"","_monsterinsights_sitenote_category":0},"product_cat":[15],"product_tag":[16],"aioseo_notices":[],"_links":{"self":[{"href":"https:\/\/www.gzhdisplay.com\/de\/wp-json\/wp\/v2\/product\/725"}],"collection":[{"href":"https:\/\/www.gzhdisplay.com\/de\/wp-json\/wp\/v2\/product"}],"about":[{"href":"https:\/\/www.gzhdisplay.com\/de\/wp-json\/wp\/v2\/types\/product"}],"wp:featuredmedia":[{"embeddable":true,"href":"https:\/\/www.gzhdisplay.com\/de\/wp-json\/wp\/v2\/media\/23"}],"wp:attachment":[{"href":"https:\/\/www.gzhdisplay.com\/de\/wp-json\/wp\/v2\/media?parent=725"}],"wp:term":[{"taxonomy":"product_cat","embeddable":true,"href":"https:\/\/www.gzhdisplay.com\/de\/wp-json\/wp\/v2\/product_cat?post=725"},{"taxonomy":"product_tag","embeddable":true,"href":"https:\/\/www.gzhdisplay.com\/de\/wp-json\/wp\/v2\/product_tag?post=725"}],"curies":[{"name":"wp","href":"https:\/\/api.w.org\/{rel}","templated":true}]}}