{"id":727,"date":"2024-04-16T14:07:51","date_gmt":"2024-04-16T14:07:51","guid":{"rendered":"https:\/\/gzhdisplay.com\/product\/16063516530018919526503315\/"},"modified":"2024-05-15T08:20:16","modified_gmt":"2024-05-15T08:20:16","slug":"16063516530018919526503315","status":"publish","type":"product","link":"https:\/\/www.gzhdisplay.com\/de\/produkt\/16063516530018919526503315\/","title":{"rendered":"GZH-Einseitiger Stoffdisplay-St\u00e4nder-BL002"},"content":{"rendered":"<p>Das einseitige Stoffregal wird zur Pr\u00e4sentation von Stoffmustern in Lagern oder auf Stoffm\u00e4rkten verwendet, damit Sie die Muster der fertigen Stoffe intuitiver sehen k\u00f6nnen. Jede Lage kann bis zu 50 kg tragen.\t<\/p>","protected":false},"excerpt":{"rendered":"<p>Das einseitige Stoffregal wird zur Pr\u00e4sentation von Stoffmustern in Lagern oder auf Stoffm\u00e4rkten verwendet, damit Sie die Muster der fertigen Stoffe intuitiver sehen k\u00f6nnen. Jede Lage kann bis zu 50 kg tragen.<\/p>","protected":false},"featured_media":193,"template":"","meta":{"_monsterinsights_skip_tracking":false,"_monsterinsights_sitenote_active":false,"_monsterinsights_sitenote_note":"","_monsterinsights_sitenote_category":0},"product_cat":[15],"product_tag":[16],"aioseo_notices":[],"_links":{"self":[{"href":"https:\/\/www.gzhdisplay.com\/de\/wp-json\/wp\/v2\/product\/727"}],"collection":[{"href":"https:\/\/www.gzhdisplay.com\/de\/wp-json\/wp\/v2\/product"}],"about":[{"href":"https:\/\/www.gzhdisplay.com\/de\/wp-json\/wp\/v2\/types\/product"}],"wp:featuredmedia":[{"embeddable":true,"href":"https:\/\/www.gzhdisplay.com\/de\/wp-json\/wp\/v2\/media\/193"}],"wp:attachment":[{"href":"https:\/\/www.gzhdisplay.com\/de\/wp-json\/wp\/v2\/media?parent=727"}],"wp:term":[{"taxonomy":"product_cat","embeddable":true,"href":"https:\/\/www.gzhdisplay.com\/de\/wp-json\/wp\/v2\/product_cat?post=727"},{"taxonomy":"product_tag","embeddable":true,"href":"https:\/\/www.gzhdisplay.com\/de\/wp-json\/wp\/v2\/product_tag?post=727"}],"curies":[{"name":"wp","href":"https:\/\/api.w.org\/{rel}","templated":true}]}}