{"id":730,"date":"2024-04-16T14:07:51","date_gmt":"2024-04-16T14:07:51","guid":{"rendered":"https:\/\/gzhdisplay.com\/product\/16063516530045091983803315\/"},"modified":"2024-05-15T08:35:33","modified_gmt":"2024-05-15T08:35:33","slug":"16063516530045091983803315","status":"publish","type":"product","link":"https:\/\/www.gzhdisplay.com\/de\/produkt\/16063516530045091983803315\/","title":{"rendered":"GZH-Stoffdisplay-St\u00e4nder-BL04"},"content":{"rendered":"<p>Das Wand-zu-Wand-Stoffregal wird verwendet, um das Stoffmusterregal im Stoffgesch\u00e4ft zu zeigen, so dass Sie das Muster des fertigen Stoffes intuitiver sehen k\u00f6nnen. Es kann unbegrenzt angeordnet und kombiniert werden, und die entsprechende Gr\u00f6\u00dfe kann angepasst werden, und jede Schicht kann 50 kg tragen.<\/p>","protected":false},"excerpt":{"rendered":"<p>Das Wand-zu-Wand-Stoffregal wird verwendet, um das Stoffmusterregal im Stoffgesch\u00e4ft zu zeigen, so dass Sie das Muster des fertigen Stoffes intuitiver sehen k\u00f6nnen. Es kann unbegrenzt angeordnet und kombiniert werden, und die entsprechende Gr\u00f6\u00dfe kann angepasst werden, und jede Schicht kann 50 kg tragen.<\/p>","protected":false},"featured_media":197,"template":"","meta":{"_monsterinsights_skip_tracking":false,"_monsterinsights_sitenote_active":false,"_monsterinsights_sitenote_note":"","_monsterinsights_sitenote_category":0},"product_cat":[15],"product_tag":[16],"aioseo_notices":[],"_links":{"self":[{"href":"https:\/\/www.gzhdisplay.com\/de\/wp-json\/wp\/v2\/product\/730"}],"collection":[{"href":"https:\/\/www.gzhdisplay.com\/de\/wp-json\/wp\/v2\/product"}],"about":[{"href":"https:\/\/www.gzhdisplay.com\/de\/wp-json\/wp\/v2\/types\/product"}],"wp:featuredmedia":[{"embeddable":true,"href":"https:\/\/www.gzhdisplay.com\/de\/wp-json\/wp\/v2\/media\/197"}],"wp:attachment":[{"href":"https:\/\/www.gzhdisplay.com\/de\/wp-json\/wp\/v2\/media?parent=730"}],"wp:term":[{"taxonomy":"product_cat","embeddable":true,"href":"https:\/\/www.gzhdisplay.com\/de\/wp-json\/wp\/v2\/product_cat?post=730"},{"taxonomy":"product_tag","embeddable":true,"href":"https:\/\/www.gzhdisplay.com\/de\/wp-json\/wp\/v2\/product_tag?post=730"}],"curies":[{"name":"wp","href":"https:\/\/api.w.org\/{rel}","templated":true}]}}