{"id":899,"date":"2024-04-16T14:21:12","date_gmt":"2024-04-16T14:21:12","guid":{"rendered":"https:\/\/gzhdisplay.com\/product\/16061562749992063565683315\/"},"modified":"2024-05-15T19:59:15","modified_gmt":"2024-05-15T19:59:15","slug":"16061562749992063565683315","status":"publish","type":"product","link":"https:\/\/www.gzhdisplay.com\/de\/produkt\/16061562749992063565683315\/","title":{"rendered":"GZH-Ausziehbare Kachelvitrine"},"content":{"rendered":"<p>Die Anzeige der entsprechenden Fliesengr\u00f6\u00dfe kann individuell angepasst werden. Heben Sie Ihre Fliesenkollektion mit unseren Fliesenst\u00e4ndern im Schubladenstil hervor. Mit seinem schlanken Design und seiner robusten Konstruktion setzt der St\u00e4nder Ihre Fliesen elegant in Szene und verleiht ihnen einen besonderen optischen Reiz. Praktische ausziehbare Schubladen sorgen f\u00fcr einen leichten Zugang und eine ordentliche und \u00fcbersichtliche Pr\u00e4sentation. Werten Sie Ihren Ausstellungsraum oder Ihren Verkaufsraum mit diesem raffinierten und praktischen St\u00fcck auf.<\/p>","protected":false},"excerpt":{"rendered":"<p>The corresponding tile size display can be customized. Highlight your tile collection with our drawer-style tile display stands. With its sleek design and sturdy construction, the display stand elegantly displays your tiles, enhancing their visual appeal. Convenient pull-out drawers provide easy access and a neat and organized display. Elevate your showroom or retail space with [&#8230;]","protected":false},"featured_media":593,"template":"","meta":{"_monsterinsights_skip_tracking":false,"_monsterinsights_sitenote_active":false,"_monsterinsights_sitenote_note":"","_monsterinsights_sitenote_category":0},"product_cat":[26,105,98,104],"product_tag":[25],"aioseo_notices":[],"_links":{"self":[{"href":"https:\/\/www.gzhdisplay.com\/de\/wp-json\/wp\/v2\/product\/899"}],"collection":[{"href":"https:\/\/www.gzhdisplay.com\/de\/wp-json\/wp\/v2\/product"}],"about":[{"href":"https:\/\/www.gzhdisplay.com\/de\/wp-json\/wp\/v2\/types\/product"}],"wp:featuredmedia":[{"embeddable":true,"href":"https:\/\/www.gzhdisplay.com\/de\/wp-json\/wp\/v2\/media\/593"}],"wp:attachment":[{"href":"https:\/\/www.gzhdisplay.com\/de\/wp-json\/wp\/v2\/media?parent=899"}],"wp:term":[{"taxonomy":"product_cat","embeddable":true,"href":"https:\/\/www.gzhdisplay.com\/de\/wp-json\/wp\/v2\/product_cat?post=899"},{"taxonomy":"product_tag","embeddable":true,"href":"https:\/\/www.gzhdisplay.com\/de\/wp-json\/wp\/v2\/product_tag?post=899"}],"curies":[{"name":"wp","href":"https:\/\/api.w.org\/{rel}","templated":true}]}}