{"id":953,"date":"2024-04-16T14:21:17","date_gmt":"2024-04-16T14:21:17","guid":{"rendered":"https:\/\/gzhdisplay.com\/product\/16058849129559637809391715\/"},"modified":"2024-05-15T20:01:32","modified_gmt":"2024-05-15T20:01:32","slug":"16058849129559637809391715","status":"publish","type":"product","link":"https:\/\/www.gzhdisplay.com\/de\/produkt\/16058849129559637809391715\/","title":{"rendered":"GZH-043 Autoteppichst\u00e4nder"},"content":{"rendered":"<table style=\"border-collapse: collapse;width: 412.82pt\" border=\"0\" width=\"688\" cellspacing=\"0\" cellpadding=\"0\">\n<tbody>\n<tr style=\"height: 14.40pt\">\n<td class=\"et2\" style=\"height: 14.40pt;width: 143.40pt\" width=\"239\" height=\"24\"><strong>Name<\/strong><\/td>\n<td class=\"et3\" style=\"width: 269.40pt\" width=\"449\">Autoteppichst\u00e4nder<\/td>\n<\/tr>\n<tr style=\"height: 14.40pt\">\n<td class=\"et2\" style=\"height: 14.40pt;width: 143.40pt\" width=\"239\" height=\"24\"><strong>Modell<\/strong><\/td>\n<td class=\"et3\" style=\"width: 269.40pt\" width=\"449\">GZH-043<\/td>\n<\/tr>\n<tr style=\"height: 14.40pt\">\n<td class=\"et2\" style=\"height: 14.40pt;width: 143.40pt\" width=\"239\" height=\"24\"><strong>Farbe<\/strong><\/td>\n<td class=\"et3\" style=\"width: 269.40pt\" width=\"449\">Schwarz &amp; gelb (Farbe kann angepasst werden)<\/td>\n<\/tr>\n<tr style=\"height: 14.40pt\">\n<td class=\"et2\" style=\"height: 14.40pt;width: 143.40pt\" width=\"239\" height=\"24\"><strong>Gr\u00f6\u00dfe<\/strong><\/td>\n<td class=\"et3\" style=\"width: 269.40pt\" width=\"449\">(Individueller Service verf\u00fcgbar)<\/td>\n<\/tr>\n<tr style=\"height: 14.40pt\">\n<td class=\"et2\" style=\"height: 14.40pt;width: 143.40pt\" width=\"239\" height=\"24\"><strong>Material<\/strong><\/td>\n<td class=\"et3\" style=\"width: 269.40pt\" width=\"449\">Metallisches Eisen<\/td>\n<\/tr>\n<tr style=\"height: 14.40pt\">\n<td class=\"et2\" style=\"height: 14.40pt;width: 143.40pt\" width=\"239\" height=\"24\"><strong>Proofing-Zeit<\/strong><\/td>\n<td class=\"et3\" style=\"width: 269.40pt\" width=\"449\">3-7 Tage (je nach Komplexit\u00e4t des Produkts)<\/td>\n<\/tr>\n<tr style=\"height: 14.40pt\">\n<td class=\"et2\" style=\"height: 14.40pt;width: 143.40pt\" width=\"239\" height=\"24\"><strong>Produktionszeit<\/strong><\/td>\n<td class=\"et3\" style=\"width: 269.40pt\" width=\"449\">15-30 Tage (je nach Produktkomplexit\u00e4t)<\/td>\n<\/tr>\n<tr style=\"height: 28.80pt\">\n<td class=\"et2\" style=\"height: 28.80pt;width: 143.40pt\" width=\"239\" height=\"48\"><strong>Preis<\/strong><\/td>\n<td class=\"et3\" style=\"width: 269.40pt\" width=\"449\">Je nach Gr\u00f6\u00dfe und Menge, bitte anfragen<\/td>\n<\/tr>\n<tr style=\"height: 14.40pt\">\n<td class=\"et2\" style=\"height: 14.40pt;width: 143.40pt\" width=\"239\" height=\"24\"><strong>Bedingungen f\u00fcr die Lieferung<\/strong><\/td>\n<td class=\"et3\" style=\"width: 269.40pt\" width=\"449\">Ab Werk, FOB<\/td>\n<\/tr>\n<tr style=\"height: 14.40pt\">\n<td class=\"et2\" style=\"height: 14.40pt;width: 143.40pt\" width=\"239\" height=\"24\"><strong>Zahlungsbedingungen<\/strong><\/td>\n<td class=\"et3\" style=\"width: 269.40pt\" width=\"449\">T\/T: 30% Ablagerung + 70% Balance vor Versand<\/td>\n<\/tr>\n<tr style=\"height: 84.00pt\">\n<td class=\"et2\" style=\"height: 84.00pt;width: 143.40pt\" width=\"239\" height=\"140\"><strong>Wickeln<\/strong><\/td>\n<td class=\"et3\" style=\"width: 269.40pt\" width=\"449\">1. Schaumstoffummantelung<br \/>\n2. Schaumstoff Anti-Tropfen<br \/>\n3. Eckenschutz um den Stecker<br \/>\n4. Verpackung im Karton<br \/>\n5. Externer Nagel Holzleiste Versand (optional)<\/td>\n<\/tr>\n<tr style=\"height: 28.80pt\">\n<td class=\"et2\" style=\"height: 28.80pt;width: 143.40pt\" width=\"239\" height=\"48\"><strong>Anwendbare Szenarien f\u00fcr das Produkt<\/strong><\/td>\n<td class=\"et3\" style=\"width: 269.40pt\" width=\"449\">Autoteile-Marken-Reparaturwerkst\u00e4tten, Autoteile-Marken-Fachgesch\u00e4fte, Auto-SSSS-Gesch\u00e4fte<\/td>\n<\/tr>\n<\/tbody>\n<\/table>","protected":false},"excerpt":{"rendered":"<p>Name Car mat display stand Model GZH-043 Color Black &amp; yellow (color can be customized) Size (Customized service available) Material Metallic iron Proofing time 3-7 days (depending on product complexity) Production time 15-30 days (depending on product complexity) Price Depending on the size and quantity, please inquire Conditions of delivery Ex-works, FOB Payment terms T\/T: [&#8230;]","protected":false},"featured_media":627,"template":"","meta":{"_monsterinsights_skip_tracking":false,"_monsterinsights_sitenote_active":false,"_monsterinsights_sitenote_note":"","_monsterinsights_sitenote_category":0},"product_cat":[23,115,114,112,113],"product_tag":[59],"aioseo_notices":[],"_links":{"self":[{"href":"https:\/\/www.gzhdisplay.com\/de\/wp-json\/wp\/v2\/product\/953"}],"collection":[{"href":"https:\/\/www.gzhdisplay.com\/de\/wp-json\/wp\/v2\/product"}],"about":[{"href":"https:\/\/www.gzhdisplay.com\/de\/wp-json\/wp\/v2\/types\/product"}],"wp:featuredmedia":[{"embeddable":true,"href":"https:\/\/www.gzhdisplay.com\/de\/wp-json\/wp\/v2\/media\/627"}],"wp:attachment":[{"href":"https:\/\/www.gzhdisplay.com\/de\/wp-json\/wp\/v2\/media?parent=953"}],"wp:term":[{"taxonomy":"product_cat","embeddable":true,"href":"https:\/\/www.gzhdisplay.com\/de\/wp-json\/wp\/v2\/product_cat?post=953"},{"taxonomy":"product_tag","embeddable":true,"href":"https:\/\/www.gzhdisplay.com\/de\/wp-json\/wp\/v2\/product_tag?post=953"}],"curies":[{"name":"wp","href":"https:\/\/api.w.org\/{rel}","templated":true}]}}