{"id":969,"date":"2024-04-16T14:21:18","date_gmt":"2024-04-16T14:21:18","guid":{"rendered":"https:\/\/gzhdisplay.com\/product\/16058822601708226878991715\/"},"modified":"2024-05-15T19:59:14","modified_gmt":"2024-05-15T19:59:14","slug":"16058822601708226878991715","status":"publish","type":"product","link":"https:\/\/www.gzhdisplay.com\/de\/produkt\/16058822601708226878991715\/","title":{"rendered":"GZH-2343 Heimdekoration Material Farbe Swatch Acryl Display Stand"},"content":{"rendered":"<table style=\"border-collapse: collapse; width: 440.43pt;\" border=\"0\" width=\"734\" cellspacing=\"0\" cellpadding=\"0\">\n<tbody>\n<tr style=\"height: 14.40pt;\">\n<td class=\"et3\" style=\"height: 14.4pt; width: 190.213px;\" width=\"239\" height=\"24\"><strong>Name<\/strong><\/td>\n<td class=\"et3\" style=\"height: 28.8pt; width: 394.29px;\" width=\"495\" height=\"48\">Heimdekoration Material Farbmuster Acryl Display Stand<\/td>\n<\/tr>\n<tr style=\"height: 14.40pt;\">\n<td class=\"et3\" style=\"height: 14.4pt; width: 190.213px;\" width=\"239\" height=\"24\"><strong>Modell<\/strong><\/td>\n<td class=\"et4\" style=\"width: 394.29px;\" width=\"495\">GZH-2343<\/td>\n<\/tr>\n<tr style=\"height: 14.40pt;\">\n<td class=\"et3\" style=\"height: 14.4pt; width: 190.213px;\" width=\"239\" height=\"24\"><strong>Farbe<\/strong><\/td>\n<td class=\"et4\" style=\"width: 394.29px;\" width=\"495\">Wei\u00df (Farbe kann angepasst werden)<\/td>\n<\/tr>\n<tr style=\"height: 14.40pt;\">\n<td class=\"et3\" style=\"height: 14.4pt; width: 190.213px;\" width=\"239\" height=\"24\"><strong>Gr\u00f6\u00dfe<\/strong><\/td>\n<td class=\"et4\" style=\"width: 394.29px;\" width=\"495\">180*280*350mm(Kundenspezifischer Service verf\u00fcgbar)<\/td>\n<\/tr>\n<tr style=\"height: 14.40pt;\">\n<td class=\"et3\" style=\"height: 14.4pt; width: 190.213px;\" width=\"239\" height=\"24\"><strong>Material<\/strong><\/td>\n<td class=\"et4\" style=\"width: 394.29px;\" width=\"495\">Acryl<\/td>\n<\/tr>\n<tr style=\"height: 14.40pt;\">\n<td class=\"et3\" style=\"height: 14.4pt; width: 190.213px;\" width=\"239\" height=\"24\"><strong>Proofing-Zeit<\/strong><\/td>\n<td class=\"et4\" style=\"width: 394.29px;\" width=\"495\">3-14 Tage (je nach Komplexit\u00e4t des Produkts)<\/td>\n<\/tr>\n<tr style=\"height: 14.40pt;\">\n<td class=\"et3\" style=\"height: 14.4pt; width: 190.213px;\" width=\"239\" height=\"24\"><strong>Produktionszeit<\/strong><\/td>\n<td class=\"et4\" style=\"width: 394.29px;\" width=\"495\">15-30 Tage (je nach Produktkomplexit\u00e4t)<\/td>\n<\/tr>\n<tr style=\"height: 14.40pt;\">\n<td class=\"et3\" style=\"height: 14.4pt; width: 190.213px;\" width=\"239\" height=\"24\"><strong>Preis<\/strong><\/td>\n<td class=\"et4\" style=\"width: 394.29px;\" width=\"495\">Je nach Gr\u00f6\u00dfe und Menge, bitte anfragen<\/td>\n<\/tr>\n<tr style=\"height: 14.40pt;\">\n<td class=\"et3\" style=\"height: 14.4pt; width: 190.213px;\" width=\"239\" height=\"24\"><strong>Bedingungen f\u00fcr die Lieferung<\/strong><\/td>\n<td class=\"et4\" style=\"width: 394.29px;\" width=\"495\">Ab Werk, FOB<\/td>\n<\/tr>\n<tr style=\"height: 14.40pt;\">\n<td class=\"et3\" style=\"height: 14.4pt; width: 190.213px;\" width=\"239\" height=\"24\"><strong>Zahlungsbedingungen<\/strong><\/td>\n<td class=\"et4\" style=\"width: 394.29px;\" width=\"495\">T\/T: 30% Ablagerung + 70% Balance vor Versand<\/td>\n<\/tr>\n<tr style=\"height: 84.00pt;\">\n<td class=\"et3\" style=\"height: 84pt; width: 190.213px;\" width=\"239\" height=\"140\"><strong>Wickeln<\/strong><\/td>\n<td class=\"et4\" style=\"width: 394.29px;\" width=\"495\">1. Schaumstoffummantelung<br \/>2. Schaumstoff Anti-Tropfen<br \/>3. Eckenschutz um den Stecker<br \/>4. Verpackung im Karton<br \/>5. Externer Nagel Holzleiste Versand (optional)<\/td>\n<\/tr>\n<tr style=\"height: 28.80pt;\">\n<td class=\"et3\" style=\"height: 28.8pt; width: 190.213px;\" width=\"239\" height=\"48\"><strong>Anwendbare Szenarien f\u00fcr das Produkt<\/strong><\/td>\n<td class=\"et4\" style=\"width: 394.29px;\" width=\"495\">M\u00f6bel- und Baumaterialienunternehmen, Fliesengesch\u00e4fte, Holzbodengesch\u00e4fte<\/td>\n<\/tr>\n<\/tbody>\n<\/table>","protected":false},"excerpt":{"rendered":"<p>Name Home decoration material color swatch acrylic display stand Model GZH-2343 Color White (color can be customized) Size 180*280*350mm(Customized service available) Material Acrylic Proofing time 3-14 days (depending on product complexity) Production time 15-30 days (depending on product complexity) Price Depending on the size and quantity, please inquire Conditions of delivery Ex-works, FOB Payment terms [&#8230;]","protected":false},"featured_media":643,"template":"","meta":{"_monsterinsights_skip_tracking":false,"_monsterinsights_sitenote_active":false,"_monsterinsights_sitenote_note":"","_monsterinsights_sitenote_category":0},"product_cat":[26,105,98,104],"product_tag":[40,50],"aioseo_notices":[],"_links":{"self":[{"href":"https:\/\/www.gzhdisplay.com\/de\/wp-json\/wp\/v2\/product\/969"}],"collection":[{"href":"https:\/\/www.gzhdisplay.com\/de\/wp-json\/wp\/v2\/product"}],"about":[{"href":"https:\/\/www.gzhdisplay.com\/de\/wp-json\/wp\/v2\/types\/product"}],"wp:featuredmedia":[{"embeddable":true,"href":"https:\/\/www.gzhdisplay.com\/de\/wp-json\/wp\/v2\/media\/643"}],"wp:attachment":[{"href":"https:\/\/www.gzhdisplay.com\/de\/wp-json\/wp\/v2\/media?parent=969"}],"wp:term":[{"taxonomy":"product_cat","embeddable":true,"href":"https:\/\/www.gzhdisplay.com\/de\/wp-json\/wp\/v2\/product_cat?post=969"},{"taxonomy":"product_tag","embeddable":true,"href":"https:\/\/www.gzhdisplay.com\/de\/wp-json\/wp\/v2\/product_tag?post=969"}],"curies":[{"name":"wp","href":"https:\/\/api.w.org\/{rel}","templated":true}]}}