{"id":993,"date":"2024-04-16T14:21:20","date_gmt":"2024-04-16T14:21:20","guid":{"rendered":"https:\/\/gzhdisplay.com\/product\/16058822203391785398411715\/"},"modified":"2024-07-29T08:38:11","modified_gmt":"2024-07-29T08:38:11","slug":"pet-food-display-stand-gzh301","status":"publish","type":"product","link":"https:\/\/www.gzhdisplay.com\/de\/produkt\/pet-food-display-stand-gzh301\/","title":{"rendered":"GZSH-301 St\u00e4nder f\u00fcr Tierfutter"},"content":{"rendered":"<table style=\"border-collapse: collapse; width: 414.62pt;\" border=\"0\" width=\"691\" cellspacing=\"0\" cellpadding=\"0\">\n<tbody>\n<tr style=\"height: 14.40pt;\">\n<td class=\"et2\" style=\"height: 14.40pt; width: 143.40pt;\" width=\"239\" height=\"24\"><\/td>\n<td class=\"et3\" style=\"width: 271.20pt;\" width=\"452\">St\u00e4nder f\u00fcr Tierfutter<\/td>\n<\/tr>\n<tr style=\"height: 14.40pt;\">\n<td class=\"et2\" style=\"height: 14.40pt; width: 143.40pt;\" width=\"239\" height=\"24\"><strong>Modell<\/strong><\/td>\n<td class=\"et3\" style=\"width: 271.20pt;\" width=\"452\">GZH-301<\/td>\n<\/tr>\n<tr style=\"height: 14.40pt;\">\n<td class=\"et2\" style=\"height: 14.40pt; width: 143.40pt;\" width=\"239\" height=\"24\"><strong>Farbe<\/strong><\/td>\n<td class=\"et3\" style=\"width: 271.20pt;\" width=\"452\">(Farben k\u00f6nnen angepasst werden)<\/td>\n<\/tr>\n<tr style=\"height: 14.40pt;\">\n<td class=\"et2\" style=\"height: 14.40pt; width: 143.40pt;\" width=\"239\" height=\"24\"><strong>Gr\u00f6\u00dfe<\/strong><\/td>\n<td class=\"et3\" style=\"width: 271.20pt;\" width=\"452\">500*420*1400mm(Kundenspezifischer Service verf\u00fcgbar)<\/td>\n<\/tr>\n<tr style=\"height: 14.40pt;\">\n<td class=\"et2\" style=\"height: 14.40pt; width: 143.40pt;\" width=\"239\" height=\"24\"><strong>Material<\/strong><\/td>\n<td class=\"et3\" style=\"width: 271.20pt;\" width=\"452\">Metallisches Eisen<\/td>\n<\/tr>\n<tr style=\"height: 14.40pt;\">\n<td class=\"et2\" style=\"height: 14.40pt; width: 143.40pt;\" width=\"239\" height=\"24\"><strong>Proofing-Zeit<\/strong><\/td>\n<td class=\"et3\" style=\"width: 271.20pt;\" width=\"452\">3-7 Tage (je nach Komplexit\u00e4t des Produkts)<\/td>\n<\/tr>\n<tr style=\"height: 14.40pt;\">\n<td class=\"et2\" style=\"height: 14.40pt; width: 143.40pt;\" width=\"239\" height=\"24\"><strong>Produktionszeit<\/strong><\/td>\n<td class=\"et3\" style=\"width: 271.20pt;\" width=\"452\">15-30 Tage (je nach Produktkomplexit\u00e4t)<\/td>\n<\/tr>\n<tr style=\"height: 28.80pt;\">\n<td class=\"et2\" style=\"height: 28.80pt; width: 143.40pt;\" width=\"239\" height=\"48\"><strong>Preis<\/strong><\/td>\n<td class=\"et3\" style=\"width: 271.20pt;\" width=\"452\">Je nach Gr\u00f6\u00dfe und Menge, bitte anfragen<\/td>\n<\/tr>\n<tr style=\"height: 14.40pt;\">\n<td class=\"et2\" style=\"height: 14.40pt; width: 143.40pt;\" width=\"239\" height=\"24\"><strong>Bedingungen f\u00fcr die Lieferung<\/strong><\/td>\n<td class=\"et3\" style=\"width: 271.20pt;\" width=\"452\">Ab Werk, FOB<\/td>\n<\/tr>\n<tr style=\"height: 14.40pt;\">\n<td class=\"et2\" style=\"height: 14.40pt; width: 143.40pt;\" width=\"239\" height=\"24\"><strong>Zahlungsbedingungen<\/strong><\/td>\n<td class=\"et3\" style=\"width: 271.20pt;\" width=\"452\">T\/T: 30% Ablagerung + 70% Balance vor Versand<\/td>\n<\/tr>\n<tr style=\"height: 84.00pt;\">\n<td class=\"et2\" style=\"height: 84.00pt; width: 143.40pt;\" width=\"239\" height=\"140\"><strong>wickeln<\/strong><\/td>\n<td class=\"et3\" style=\"width: 271.20pt;\" width=\"452\">1. Schaumstoffummantelung<br \/>\n2. Schaumstoff Anti-Tropfen<br \/>\n3. Eckenschutz um den Stecker<br \/>\n4. Verpackung im Karton<br \/>\n5. Externer Nagel Holzleiste Versand (optional)<\/td>\n<\/tr>\n<tr style=\"height: 28.80pt;\">\n<td class=\"et2\" style=\"height: 28.80pt; width: 143.40pt;\" width=\"239\" height=\"48\"><strong>Anwendbare Szenarien f\u00fcr das Produkt<\/strong><\/td>\n<td class=\"et3\" style=\"width: 271.20pt;\" width=\"452\">Superm\u00e4rkte, Lebensmittelgesch\u00e4fte, Tierhandlungen<\/td>\n<\/tr>\n<\/tbody>\n<\/table>","protected":false},"excerpt":{"rendered":"<p>Investieren Sie in einen hochwertigen Tierfutterst\u00e4nder und steigern Sie Ihren Umsatz. Machen Sie Ihr Gesch\u00e4ft zur ersten Adresse f\u00fcr den Einkauf von Tiernahrung - mit einem Display, das die Blicke auf sich zieht und das Einkaufserlebnis vereinfacht.<\/p>","protected":false},"featured_media":668,"template":"","meta":{"_monsterinsights_skip_tracking":false,"_monsterinsights_sitenote_active":false,"_monsterinsights_sitenote_note":"","_monsterinsights_sitenote_category":0},"product_cat":[19,95,94,93],"product_tag":[53,29],"aioseo_notices":[],"_links":{"self":[{"href":"https:\/\/www.gzhdisplay.com\/de\/wp-json\/wp\/v2\/product\/993"}],"collection":[{"href":"https:\/\/www.gzhdisplay.com\/de\/wp-json\/wp\/v2\/product"}],"about":[{"href":"https:\/\/www.gzhdisplay.com\/de\/wp-json\/wp\/v2\/types\/product"}],"wp:featuredmedia":[{"embeddable":true,"href":"https:\/\/www.gzhdisplay.com\/de\/wp-json\/wp\/v2\/media\/668"}],"wp:attachment":[{"href":"https:\/\/www.gzhdisplay.com\/de\/wp-json\/wp\/v2\/media?parent=993"}],"wp:term":[{"taxonomy":"product_cat","embeddable":true,"href":"https:\/\/www.gzhdisplay.com\/de\/wp-json\/wp\/v2\/product_cat?post=993"},{"taxonomy":"product_tag","embeddable":true,"href":"https:\/\/www.gzhdisplay.com\/de\/wp-json\/wp\/v2\/product_tag?post=993"}],"curies":[{"name":"wp","href":"https:\/\/api.w.org\/{rel}","templated":true}]}}