{"id":1005,"date":"2024-04-16T14:21:21","date_gmt":"2024-04-16T14:21:21","guid":{"rendered":"https:\/\/gzhdisplay.com\/product\/16058442792585040215591715\/"},"modified":"2024-07-29T05:51:24","modified_gmt":"2024-07-29T05:51:24","slug":"hardware-tool-stand-gzh262","status":"publish","type":"product","link":"https:\/\/www.gzhdisplay.com\/es\/producto\/hardware-tool-stand-gzh262\/","title":{"rendered":"GZH-262 Soporte de herramientas de ferreter\u00eda (placa posterior de ranura)"},"content":{"rendered":"<table style=\"border-collapse: collapse; width: 420.02pt; height: 251px;\" border=\"0\" width=\"700\" cellspacing=\"0\" cellpadding=\"0\">\n<tbody>\n<tr style=\"height: 14.40pt;\">\n<td class=\"et2\" style=\"height: 13px; width: 143.4pt;\" width=\"239\" height=\"24\"><\/td>\n<td class=\"et3\" style=\"width: 276.6pt; height: 13px;\" width=\"461\">Soporte de herramientas de ferreter\u00eda (placa posterior de ranura)<\/td>\n<\/tr>\n<tr style=\"height: 14.40pt;\">\n<td class=\"et2\" style=\"height: 14px; width: 143.4pt;\" width=\"239\" height=\"24\"><strong>Modelo<\/strong><\/td>\n<td class=\"et3\" style=\"height: 14px;\">GZH-262<\/td>\n<\/tr>\n<tr style=\"height: 14.40pt;\">\n<td class=\"et2\" style=\"height: 14px; width: 143.4pt;\" width=\"239\" height=\"24\"><strong>Color<\/strong><\/td>\n<td class=\"et3\" style=\"height: 14px;\">Amarillo (color personalizable)<\/td>\n<\/tr>\n<tr style=\"height: 14.40pt;\">\n<td class=\"et2\" style=\"height: 14px; width: 143.4pt;\" width=\"239\" height=\"24\"><strong>Talla<\/strong><\/td>\n<td class=\"et3\" style=\"height: 14px;\">900*450*2200mm(Servicio personalizado disponible)<\/td>\n<\/tr>\n<tr style=\"height: 14.40pt;\">\n<td class=\"et2\" style=\"height: 14px; width: 143.4pt;\" width=\"239\" height=\"24\"><strong>Material<\/strong><\/td>\n<td class=\"et3\" style=\"height: 14px;\">Hierro met\u00e1lico<\/td>\n<\/tr>\n<tr style=\"height: 14.40pt;\">\n<td class=\"et2\" style=\"height: 14px; width: 143.4pt;\" width=\"239\" height=\"24\"><strong>Tiempo de prueba<\/strong><\/td>\n<td class=\"et3\" style=\"height: 14px;\">3-7 d\u00edas (dependiendo de la complejidad del producto)<\/td>\n<\/tr>\n<tr style=\"height: 14.40pt;\">\n<td class=\"et2\" style=\"height: 14px; width: 143.4pt;\" width=\"239\" height=\"24\"><strong>Tiempo de producci\u00f3n<\/strong><\/td>\n<td class=\"et3\" style=\"height: 14px;\">15-30 d\u00edas (dependiendo de la complejidad del producto)<\/td>\n<\/tr>\n<tr style=\"height: 14.40pt;\">\n<td class=\"et2\" style=\"height: 14px; width: 143.4pt;\" width=\"239\" height=\"24\"><strong>Precio<\/strong><\/td>\n<td class=\"et3\" style=\"height: 14px;\">En funci\u00f3n del tama\u00f1o y la cantidad, cons\u00faltenos.<\/td>\n<\/tr>\n<tr style=\"height: 14.40pt;\">\n<td class=\"et2\" style=\"height: 14px; width: 143.4pt;\" width=\"239\" height=\"24\"><strong>Condiciones de entrega<\/strong><\/td>\n<td class=\"et3\" style=\"height: 14px;\">En f\u00e1brica, FOB<\/td>\n<\/tr>\n<tr style=\"height: 14.40pt;\">\n<td class=\"et2\" style=\"height: 14px; width: 143.4pt;\" width=\"239\" height=\"24\"><strong>Condiciones de pago<\/strong><\/td>\n<td class=\"et3\" style=\"height: 14px;\">T\/T: 30% dep\u00f3sito + 70% saldo antes del env\u00edo<\/td>\n<\/tr>\n<tr style=\"height: 84.00pt;\">\n<td class=\"et2\" style=\"height: 84px; width: 143.4pt;\" width=\"239\" height=\"140\"><strong>Envolver<\/strong><\/td>\n<td class=\"et4\" style=\"width: 276.6pt; height: 84px;\" width=\"461\">1. Envoltura de espuma<br \/>\n2. Espuma antigoteo<br \/>\n3. Protecci\u00f3n de esquinas alrededor del enchufe<br \/>\n4. Embalaje de cart\u00f3n<br \/>\n5. Env\u00edo de listones de madera con clavos externos (opcional)<\/td>\n<\/tr>\n<tr style=\"height: 28.80pt;\">\n<td class=\"et2\" style=\"height: 28px; width: 143.4pt;\" width=\"239\" height=\"48\"><strong>Escenarios aplicables del producto<\/strong><\/td>\n<td class=\"et3\" style=\"height: 28px;\">Expositor de productos de ferreter\u00eda<\/td>\n<\/tr>\n<\/tbody>\n<\/table>","protected":false},"excerpt":{"rendered":"<p>El soporte para herramientas de ferreter\u00eda es una soluci\u00f3n de almacenamiento esencial para organizar y acceder a diversas herramientas. Est\u00e1 dise\u00f1ado espec\u00edficamente para mantener sus herramientas de ferreter\u00eda ordenadas y al alcance de la mano.<\/p>","protected":false},"featured_media":680,"template":"","meta":{"_monsterinsights_skip_tracking":false,"_monsterinsights_sitenote_active":false,"_monsterinsights_sitenote_note":"","_monsterinsights_sitenote_category":0},"product_cat":[21,101,96,100],"product_tag":[20],"aioseo_notices":[],"_links":{"self":[{"href":"https:\/\/www.gzhdisplay.com\/es\/wp-json\/wp\/v2\/product\/1005"}],"collection":[{"href":"https:\/\/www.gzhdisplay.com\/es\/wp-json\/wp\/v2\/product"}],"about":[{"href":"https:\/\/www.gzhdisplay.com\/es\/wp-json\/wp\/v2\/types\/product"}],"wp:featuredmedia":[{"embeddable":true,"href":"https:\/\/www.gzhdisplay.com\/es\/wp-json\/wp\/v2\/media\/680"}],"wp:attachment":[{"href":"https:\/\/www.gzhdisplay.com\/es\/wp-json\/wp\/v2\/media?parent=1005"}],"wp:term":[{"taxonomy":"product_cat","embeddable":true,"href":"https:\/\/www.gzhdisplay.com\/es\/wp-json\/wp\/v2\/product_cat?post=1005"},{"taxonomy":"product_tag","embeddable":true,"href":"https:\/\/www.gzhdisplay.com\/es\/wp-json\/wp\/v2\/product_tag?post=1005"}],"curies":[{"name":"wp","href":"https:\/\/api.w.org\/{rel}","templated":true}]}}