{"id":1011,"date":"2024-04-16T14:21:22","date_gmt":"2024-04-16T14:21:22","guid":{"rendered":"https:\/\/gzhdisplay.com\/product\/16058442476915849238241715\/"},"modified":"2024-07-20T02:02:04","modified_gmt":"2024-07-20T02:02:04","slug":"warehouseshelves500kg","status":"publish","type":"product","link":"https:\/\/www.gzhdisplay.com\/es\/producto\/warehouseshelves500kg\/","title":{"rendered":"GZH-5B Estanter\u00edas de almac\u00e9n \uff08250-500kg\uff09"},"content":{"rendered":"<p>Estanter\u00eda de almac\u00e9n: tama\u00f1o normal 2000mm*600mm*2000mm.<\/p>\n<p>El grosor del material se determina en funci\u00f3n de la capacidad de carga<\/p>\n<p>El color puede personalizarse<br \/>\nEl n\u00famero de capas se puede personalizar<\/p>\n<p>Usted puede entrar en contacto con para una cita (proporcione el tama\u00f1o, la cantidad, la carga, cu\u00e1ntas capas, y el color a cotizar.) -FOB Guangzhou Precio\uff08USD\uff09<\/p>","protected":false},"excerpt":{"rendered":"<p>Estanter\u00edas de almac\u00e9n - 250kg por capa, 4 capas. Col\u00f3quelo en un almac\u00e9n o tienda con estanter\u00edas.Diferentes tama\u00f1os y cargas (500kg, 800kg, 1000kg)<\/p>\n<p>Los estantes act\u00faan sobre el almac\u00e9n de almacenamiento, haciendo que el almac\u00e9n sea limpio y estandarizado.El sistema de almac\u00e9n de diferentes f\u00e1bricas puede ser dise\u00f1ado y personalizado, as\u00ed como varios \u00e1ticos, pilas y otros suministros de almacenamiento.<\/p>","protected":false},"featured_media":684,"template":"","meta":{"_monsterinsights_skip_tracking":false,"_monsterinsights_sitenote_active":false,"_monsterinsights_sitenote_note":"","_monsterinsights_sitenote_category":0},"product_cat":[47,102,103],"product_tag":[46],"aioseo_notices":[],"_links":{"self":[{"href":"https:\/\/www.gzhdisplay.com\/es\/wp-json\/wp\/v2\/product\/1011"}],"collection":[{"href":"https:\/\/www.gzhdisplay.com\/es\/wp-json\/wp\/v2\/product"}],"about":[{"href":"https:\/\/www.gzhdisplay.com\/es\/wp-json\/wp\/v2\/types\/product"}],"wp:featuredmedia":[{"embeddable":true,"href":"https:\/\/www.gzhdisplay.com\/es\/wp-json\/wp\/v2\/media\/684"}],"wp:attachment":[{"href":"https:\/\/www.gzhdisplay.com\/es\/wp-json\/wp\/v2\/media?parent=1011"}],"wp:term":[{"taxonomy":"product_cat","embeddable":true,"href":"https:\/\/www.gzhdisplay.com\/es\/wp-json\/wp\/v2\/product_cat?post=1011"},{"taxonomy":"product_tag","embeddable":true,"href":"https:\/\/www.gzhdisplay.com\/es\/wp-json\/wp\/v2\/product_tag?post=1011"}],"curies":[{"name":"wp","href":"https:\/\/api.w.org\/{rel}","templated":true}]}}