{"id":1015,"date":"2024-04-16T14:21:22","date_gmt":"2024-04-16T14:21:22","guid":{"rendered":"https:\/\/gzhdisplay.com\/product\/16058431525877344331231715\/"},"modified":"2024-07-22T01:09:17","modified_gmt":"2024-07-22T01:09:17","slug":"four-sided-rotating-display-stand-gzh455","status":"publish","type":"product","link":"https:\/\/www.gzhdisplay.com\/es\/producto\/four-sided-rotating-display-stand-gzh455\/","title":{"rendered":"GZH-445 Expositor giratorio de cuatro caras (m\u00f3vil con poleas)"},"content":{"rendered":"<table style=\"border-collapse: collapse; width: 417.02pt;\" border=\"0\" width=\"695\" cellspacing=\"0\" cellpadding=\"0\">\n<tbody>\n<tr style=\"height: 14.40pt;\">\n<td class=\"et2\" style=\"height: 14.40pt; width: 143.40pt;\" width=\"239\" height=\"24\"><\/td>\n<td class=\"et3\" style=\"width: 273.60pt;\" width=\"456\">Bastidor giratorio de cuatro lados (desplazable con poleas)<\/td>\n<\/tr>\n<tr style=\"height: 14.40pt;\">\n<td class=\"et2\" style=\"height: 14.40pt; width: 143.40pt;\" width=\"239\" height=\"24\"><strong>Modelo<\/strong><\/td>\n<td class=\"et3\">GZH-445<\/td>\n<\/tr>\n<tr style=\"height: 14.40pt;\">\n<td class=\"et2\" style=\"height: 14.40pt; width: 143.40pt;\" width=\"239\" height=\"24\"><strong>Color<\/strong><\/td>\n<td class=\"et3\">Blanco y negro (colores personalizados disponibles)<\/td>\n<\/tr>\n<tr style=\"height: 14.40pt;\">\n<td class=\"et2\" style=\"height: 14.40pt; width: 143.40pt;\" width=\"239\" height=\"24\"><strong>Talla<\/strong><\/td>\n<td class=\"et3\">350*350*1800mm(Servicio personalizado disponible)<\/td>\n<\/tr>\n<tr style=\"height: 14.40pt;\">\n<td class=\"et2\" style=\"height: 14.40pt; width: 143.40pt;\" width=\"239\" height=\"24\"><strong>Material<\/strong><\/td>\n<td class=\"et3\">Hierro met\u00e1lico<\/td>\n<\/tr>\n<tr style=\"height: 14.40pt;\">\n<td class=\"et2\" style=\"height: 14.40pt; width: 143.40pt;\" width=\"239\" height=\"24\"><strong>Tiempo de prueba<\/strong><\/td>\n<td class=\"et3\">3-7 d\u00edas (dependiendo de la complejidad del producto)<\/td>\n<\/tr>\n<tr style=\"height: 14.40pt;\">\n<td class=\"et2\" style=\"height: 14.40pt; width: 143.40pt;\" width=\"239\" height=\"24\"><strong>Tiempo de producci\u00f3n<\/strong><\/td>\n<td class=\"et3\">15-30 d\u00edas (dependiendo de la complejidad del producto)<\/td>\n<\/tr>\n<tr style=\"height: 14.40pt;\">\n<td class=\"et2\" style=\"height: 14.40pt; width: 143.40pt;\" width=\"239\" height=\"24\"><strong>Precio<\/strong><\/td>\n<td class=\"et3\">En funci\u00f3n del tama\u00f1o y la cantidad, cons\u00faltenos.<\/td>\n<\/tr>\n<tr style=\"height: 14.40pt;\">\n<td class=\"et2\" style=\"height: 14.40pt; width: 143.40pt;\" width=\"239\" height=\"24\"><strong>Condiciones de entrega<\/strong><\/td>\n<td class=\"et3\">En f\u00e1brica, FOB<\/td>\n<\/tr>\n<tr style=\"height: 14.40pt;\">\n<td class=\"et2\" style=\"height: 14.40pt; width: 143.40pt;\" width=\"239\" height=\"24\"><strong>Condiciones de pago<\/strong><\/td>\n<td class=\"et3\">T\/T: 30% dep\u00f3sito + 70% saldo antes del env\u00edo<\/td>\n<\/tr>\n<tr style=\"height: 84.00pt;\">\n<td class=\"et2\" style=\"height: 84.00pt; width: 143.40pt;\" width=\"239\" height=\"140\"><strong>Envolver<\/strong><\/td>\n<td class=\"et4\" style=\"width: 273.60pt;\" width=\"456\">1. Envoltura de espuma<br \/>\n2. Espuma antigoteo<br \/>\n3. Protecci\u00f3n de esquinas alrededor del enchufe<br \/>\n4. Embalaje de cart\u00f3n<br \/>\n5. Env\u00edo de listones de madera con clavos externos (opcional)<\/td>\n<\/tr>\n<tr style=\"height: 28.80pt;\">\n<td class=\"et2\" style=\"height: 28.80pt; width: 143.40pt;\" width=\"239\" height=\"48\"><strong>Escenarios aplicables del producto<\/strong><\/td>\n<td class=\"et3\">Tiendas de venta al por menor, peque\u00f1as estanter\u00edas colgantes<\/td>\n<\/tr>\n<\/tbody>\n<\/table>","protected":false},"excerpt":{"rendered":"<p>El expositor giratorio de cuatro caras maximiza el uso del espacio. Al tener cuatro lados, puede exhibir un mayor n\u00famero de art\u00edculos en un \u00e1rea relativamente peque\u00f1a, por lo que es ideal para tiendas con espacio limitado.en una tienda al por menor, Permite a los espectadores acceder y observar los productos desde m\u00faltiples \u00e1ngulos sin tener que moverse, aumentando las posibilidades de captar su atenci\u00f3n.<\/p>","protected":false},"featured_media":686,"template":"","meta":{"_monsterinsights_skip_tracking":false,"_monsterinsights_sitenote_active":false,"_monsterinsights_sitenote_note":"","_monsterinsights_sitenote_category":0},"product_cat":[45,116,117],"product_tag":[44],"aioseo_notices":[],"_links":{"self":[{"href":"https:\/\/www.gzhdisplay.com\/es\/wp-json\/wp\/v2\/product\/1015"}],"collection":[{"href":"https:\/\/www.gzhdisplay.com\/es\/wp-json\/wp\/v2\/product"}],"about":[{"href":"https:\/\/www.gzhdisplay.com\/es\/wp-json\/wp\/v2\/types\/product"}],"wp:featuredmedia":[{"embeddable":true,"href":"https:\/\/www.gzhdisplay.com\/es\/wp-json\/wp\/v2\/media\/686"}],"wp:attachment":[{"href":"https:\/\/www.gzhdisplay.com\/es\/wp-json\/wp\/v2\/media?parent=1015"}],"wp:term":[{"taxonomy":"product_cat","embeddable":true,"href":"https:\/\/www.gzhdisplay.com\/es\/wp-json\/wp\/v2\/product_cat?post=1015"},{"taxonomy":"product_tag","embeddable":true,"href":"https:\/\/www.gzhdisplay.com\/es\/wp-json\/wp\/v2\/product_tag?post=1015"}],"curies":[{"name":"wp","href":"https:\/\/api.w.org\/{rel}","templated":true}]}}