{"id":1017,"date":"2024-04-16T14:21:22","date_gmt":"2024-04-16T14:21:22","guid":{"rendered":"https:\/\/gzhdisplay.com\/product\/16058431507055153392561715\/"},"modified":"2024-07-24T02:42:55","modified_gmt":"2024-07-24T02:42:55","slug":"shoe-display-stand","status":"publish","type":"product","link":"https:\/\/www.gzhdisplay.com\/es\/producto\/shoe-display-stand\/","title":{"rendered":"GZH-330 Expositor de zapatos"},"content":{"rendered":"<table style=\"border-collapse: collapse; width: 421.82pt;\" border=\"0\" width=\"703\" cellspacing=\"0\" cellpadding=\"0\">\n<tbody>\n<tr style=\"height: 14.40pt;\">\n<td class=\"et2\" style=\"height: 14.40pt; width: 143.40pt;\" width=\"239\" height=\"24\"><\/td>\n<td class=\"et3\" style=\"width: 278.40pt;\" width=\"464\">Expositor de zapatos<\/td>\n<\/tr>\n<tr style=\"height: 14.40pt;\">\n<td class=\"et2\" style=\"height: 14.40pt; width: 143.40pt;\" width=\"239\" height=\"24\"><strong>Modelo<\/strong><\/td>\n<td class=\"et3\">GZH-330X<\/td>\n<\/tr>\n<tr style=\"height: 14.40pt;\">\n<td class=\"et2\" style=\"height: 14.40pt; width: 143.40pt;\" width=\"239\" height=\"24\"><strong>Color<\/strong><\/td>\n<td class=\"et3\">Negro y amarillo (se puede personalizar el color)<\/td>\n<\/tr>\n<tr style=\"height: 14.40pt;\">\n<td class=\"et2\" style=\"height: 14.40pt; width: 143.40pt;\" width=\"239\" height=\"24\"><strong>Talla<\/strong><\/td>\n<td class=\"et3\">(Servicio personalizado disponible)<\/td>\n<\/tr>\n<tr style=\"height: 14.40pt;\">\n<td class=\"et2\" style=\"height: 14.40pt; width: 143.40pt;\" width=\"239\" height=\"24\"><strong>Material<\/strong><\/td>\n<td class=\"et3\">Hierro met\u00e1lico<\/td>\n<\/tr>\n<tr style=\"height: 14.40pt;\">\n<td class=\"et2\" style=\"height: 14.40pt; width: 143.40pt;\" width=\"239\" height=\"24\"><strong>Tiempo de prueba<\/strong><\/td>\n<td class=\"et3\">3-7 d\u00edas (dependiendo de la complejidad del producto)<\/td>\n<\/tr>\n<tr style=\"height: 14.40pt;\">\n<td class=\"et2\" style=\"height: 14.40pt; width: 143.40pt;\" width=\"239\" height=\"24\"><strong>Tiempo de producci\u00f3n<\/strong><\/td>\n<td class=\"et3\">15-30 d\u00edas (dependiendo de la complejidad del producto)<\/td>\n<\/tr>\n<tr style=\"height: 14.40pt;\">\n<td class=\"et2\" style=\"height: 14.40pt; width: 143.40pt;\" width=\"239\" height=\"24\"><strong>Precio<\/strong><\/td>\n<td class=\"et3\">En funci\u00f3n del tama\u00f1o y la cantidad, cons\u00faltenos.<\/td>\n<\/tr>\n<tr style=\"height: 14.40pt;\">\n<td class=\"et2\" style=\"height: 14.40pt; width: 143.40pt;\" width=\"239\" height=\"24\"><strong>Condiciones de entrega<\/strong><\/td>\n<td class=\"et3\">En f\u00e1brica, FOB<\/td>\n<\/tr>\n<tr style=\"height: 14.40pt;\">\n<td class=\"et2\" style=\"height: 14.40pt; width: 143.40pt;\" width=\"239\" height=\"24\"><strong>Condiciones de pago<\/strong><\/td>\n<td class=\"et3\">T\/T: 30% dep\u00f3sito + 70% saldo antes del env\u00edo<\/td>\n<\/tr>\n<tr style=\"height: 84.00pt;\">\n<td class=\"et2\" style=\"height: 84.00pt; width: 143.40pt;\" width=\"239\" height=\"140\"><strong>Envolver<\/strong><\/td>\n<td class=\"et4\" style=\"width: 278.40pt;\" width=\"464\">1. Envoltura de espuma<br \/>\n2. Espuma antigoteo<br \/>\n3. Protecci\u00f3n de esquinas alrededor del enchufe<br \/>\n4. Embalaje de cart\u00f3n<br \/>\n5. Env\u00edo de listones de madera con clavos externos (opcional)<\/td>\n<\/tr>\n<tr style=\"height: 28.80pt;\">\n<td class=\"et2\" style=\"height: 28.80pt; width: 143.40pt;\" width=\"239\" height=\"48\"><strong>Escenarios aplicables del producto<\/strong><\/td>\n<td class=\"et3\">Tiendas de ropa, zapater\u00edas<\/td>\n<\/tr>\n<\/tbody>\n<\/table>","protected":false},"excerpt":{"rendered":"<p>Expositor de zapatos\uff1aDisposici\u00f3n razonable, capaz de mostrar varios pares de zapatos, mejorar la eficiencia de visualizaci\u00f3n.<br \/>\nLa altura y el \u00e1ngulo pueden ajustarse para obtener la mejor visualizaci\u00f3n.<\/p>","protected":false},"featured_media":687,"template":"","meta":{"_monsterinsights_skip_tracking":false,"_monsterinsights_sitenote_active":false,"_monsterinsights_sitenote_note":"","_monsterinsights_sitenote_category":0},"product_cat":[41,111,110,109],"product_tag":[43,42],"aioseo_notices":[],"_links":{"self":[{"href":"https:\/\/www.gzhdisplay.com\/es\/wp-json\/wp\/v2\/product\/1017"}],"collection":[{"href":"https:\/\/www.gzhdisplay.com\/es\/wp-json\/wp\/v2\/product"}],"about":[{"href":"https:\/\/www.gzhdisplay.com\/es\/wp-json\/wp\/v2\/types\/product"}],"wp:featuredmedia":[{"embeddable":true,"href":"https:\/\/www.gzhdisplay.com\/es\/wp-json\/wp\/v2\/media\/687"}],"wp:attachment":[{"href":"https:\/\/www.gzhdisplay.com\/es\/wp-json\/wp\/v2\/media?parent=1017"}],"wp:term":[{"taxonomy":"product_cat","embeddable":true,"href":"https:\/\/www.gzhdisplay.com\/es\/wp-json\/wp\/v2\/product_cat?post=1017"},{"taxonomy":"product_tag","embeddable":true,"href":"https:\/\/www.gzhdisplay.com\/es\/wp-json\/wp\/v2\/product_tag?post=1017"}],"curies":[{"name":"wp","href":"https:\/\/api.w.org\/{rel}","templated":true}]}}