{"id":725,"date":"2024-04-16T14:07:51","date_gmt":"2024-04-16T14:07:51","guid":{"rendered":"https:\/\/gzhdisplay.com\/product\/16063516310971560904723315\/"},"modified":"2024-09-03T08:30:20","modified_gmt":"2024-09-03T08:30:20","slug":"fabric-display-rack","status":"publish","type":"product","link":"https:\/\/www.gzhdisplay.com\/es\/producto\/fabric-display-rack\/","title":{"rendered":"GZH BL01 estante de exhibici\u00f3n de la tela-f\u00e1brica al por mayor"},"content":{"rendered":"<h1 id=\"title\" class=\"a-size-large a-spacing-none\"><span id=\"productTitle\" class=\"a-size-large product-title-word-break\">Expositor Adjustale para Tela Textil\/Bobina de Vinilo\/Pel\u00edcula de Cambio de Color para Coche\/Tel\u00f3n\/Envoltorio<\/span><\/h1>\n<div id=\"productOverview_feature_div\" class=\"celwidget\" data-feature-name=\"productOverview\" data-csa-c-type=\"widget\" data-csa-c-content-id=\"productOverview\" data-csa-c-slot-id=\"productOverview_feature_div\" data-csa-c-asin=\"B0CHMCRP11\" data-csa-c-is-in-initial-active-row=\"false\" data-csa-c-id=\"m2ofla-gwa8rj-hjv3x4-h8e7p7\" data-cel-widget=\"productOverview_feature_div\">\n<div class=\"a-section a-spacing-small a-spacing-top-small\">\n<table class=\"a-normal a-spacing-micro\">\n<tbody>\n<tr class=\"a-spacing-small po-brand\">\n<td class=\"a-span3\"><span class=\"a-size-base a-text-bold\">Marca<\/span><\/td>\n<td class=\"a-span9\"><span class=\"a-size-base po-break-word\">GZH DSIPLAY\u00a0<\/span><\/td>\n<\/tr>\n<tr class=\"a-spacing-small po-material\">\n<td class=\"a-span3\"><span class=\"a-size-base a-text-bold\">Material<\/span><\/td>\n<td class=\"a-span9\"><span class=\"a-size-base po-break-word\">Hierro<\/span><\/td>\n<\/tr>\n<tr class=\"a-spacing-small po-recommended_uses_for_product\">\n<td class=\"a-span3\"><span class=\"a-size-base a-text-bold\">Usos recomendados del producto<\/span><\/td>\n<td class=\"a-span9\"><span class=\"a-size-base po-break-word\">Bufanda, cintur\u00f3n, pantal\u00f3n, toalla, manta, chal, pa\u00f1o de cocina, pa\u00f1oleta, pa\u00f1uelo, papel de regalo<\/span><\/td>\n<\/tr>\n<tr class=\"a-spacing-small po-installation_type\">\n<td class=\"a-span3\"><span class=\"a-size-base a-text-bold\">Tipo de instalaci\u00f3n<\/span><\/td>\n<td class=\"a-span9\"><span class=\"a-size-base po-break-word\">Independiente<\/span><\/td>\n<\/tr>\n<tr class=\"a-spacing-small po-special_feature\">\n<td class=\"a-span3\"><span class=\"a-size-base a-text-bold\">Reportaje especial<\/span><\/td>\n<td class=\"a-span9\"><span class=\"a-size-base po-break-word\">Ajustable<\/span><\/td>\n<\/tr>\n<\/tbody>\n<\/table>\n<\/div>\n<\/div>\n<div id=\"featurebullets_feature_div\" class=\"celwidget\" data-feature-name=\"featurebullets\" data-csa-c-type=\"widget\" data-csa-c-content-id=\"featurebullets\" data-csa-c-slot-id=\"featurebullets_feature_div\" data-csa-c-asin=\"B0CHMCRP11\" data-csa-c-is-in-initial-active-row=\"false\" data-csa-c-id=\"kmn2xj-z5h4h5-pwbi9a-ds60gr\" data-cel-widget=\"featurebullets_feature_div\">\n<div id=\"feature-bullets\" class=\"a-section a-spacing-medium a-spacing-top-small\"><\/div>\n<\/div>\n<p>El expositor de telas de doble cara se utiliza para exponer muestras de telas colocadas en almacenes o mercados de telas, de modo que se puedan ver las muestras de telas acabadas de forma m\u00e1s intuitiva. Cada capa puede soportar hasta 50kg.el n\u00famero de capas se puede ajustar, y diferentes tama\u00f1os se pueden personalizar.<\/p>","protected":false},"excerpt":{"rendered":"<p>Nuestros estantes no s\u00f3lo hacen que sus telas tengan un aspecto estupendo, sino que tambi\u00e9n facilitan la b\u00fasqueda y selecci\u00f3n a los clientes. El dise\u00f1o de doble cara ofrece la m\u00e1xima visibilidad.<\/p>","protected":false},"featured_media":23,"template":"","meta":{"_monsterinsights_skip_tracking":false,"_monsterinsights_sitenote_active":false,"_monsterinsights_sitenote_note":"","_monsterinsights_sitenote_category":0},"product_cat":[15],"product_tag":[16],"aioseo_notices":[],"_links":{"self":[{"href":"https:\/\/www.gzhdisplay.com\/es\/wp-json\/wp\/v2\/product\/725"}],"collection":[{"href":"https:\/\/www.gzhdisplay.com\/es\/wp-json\/wp\/v2\/product"}],"about":[{"href":"https:\/\/www.gzhdisplay.com\/es\/wp-json\/wp\/v2\/types\/product"}],"wp:featuredmedia":[{"embeddable":true,"href":"https:\/\/www.gzhdisplay.com\/es\/wp-json\/wp\/v2\/media\/23"}],"wp:attachment":[{"href":"https:\/\/www.gzhdisplay.com\/es\/wp-json\/wp\/v2\/media?parent=725"}],"wp:term":[{"taxonomy":"product_cat","embeddable":true,"href":"https:\/\/www.gzhdisplay.com\/es\/wp-json\/wp\/v2\/product_cat?post=725"},{"taxonomy":"product_tag","embeddable":true,"href":"https:\/\/www.gzhdisplay.com\/es\/wp-json\/wp\/v2\/product_tag?post=725"}],"curies":[{"name":"wp","href":"https:\/\/api.w.org\/{rel}","templated":true}]}}