{"id":941,"date":"2024-04-16T14:21:16","date_gmt":"2024-04-16T14:21:16","guid":{"rendered":"https:\/\/gzhdisplay.com\/product\/16058849590863955640811715\/"},"modified":"2024-07-24T07:11:14","modified_gmt":"2024-07-24T07:11:14","slug":"tire-display-stand","status":"publish","type":"product","link":"https:\/\/www.gzhdisplay.com\/es\/producto\/tire-display-stand\/","title":{"rendered":"GZH-233 Expositor de neum\u00e1ticos"},"content":{"rendered":"<table style=\"border-collapse: collapse; width: 448.82pt;\" border=\"0\" width=\"748\" cellspacing=\"0\" cellpadding=\"0\">\n<tbody>\n<tr style=\"height: 14.40pt;\">\n<td class=\"et2\" style=\"height: 14.40pt; width: 143.40pt;\" width=\"239\" height=\"24\"><\/td>\n<td class=\"et3\" style=\"width: 305.40pt;\" width=\"509\">Expositor de neum\u00e1ticos<\/td>\n<\/tr>\n<tr style=\"height: 14.40pt;\">\n<td class=\"et2\" style=\"height: 14.40pt; width: 143.40pt;\" width=\"239\" height=\"24\"><strong>Modelo<\/strong><\/td>\n<td class=\"et3\" style=\"width: 305.40pt;\" width=\"509\">GZH-233<\/td>\n<\/tr>\n<tr style=\"height: 14.40pt;\">\n<td class=\"et2\" style=\"height: 14.40pt; width: 143.40pt;\" width=\"239\" height=\"24\"><strong>Color<\/strong><\/td>\n<td class=\"et3\" style=\"width: 305.40pt;\" width=\"509\">Amarillo (color personalizable)<\/td>\n<\/tr>\n<tr style=\"height: 14.40pt;\">\n<td class=\"et2\" style=\"height: 14.40pt; width: 143.40pt;\" width=\"239\" height=\"24\"><strong>Talla<\/strong><\/td>\n<td class=\"et3\" style=\"width: 305.40pt;\" width=\"509\">1250*580*2000mm(Servicio personalizado disponible)<\/td>\n<\/tr>\n<tr style=\"height: 14.40pt;\">\n<td class=\"et2\" style=\"height: 14.40pt; width: 143.40pt;\" width=\"239\" height=\"24\"><strong>Material<\/strong><\/td>\n<td class=\"et3\" style=\"width: 305.40pt;\" width=\"509\">Hierro met\u00e1lico<\/td>\n<\/tr>\n<tr style=\"height: 14.40pt;\">\n<td class=\"et2\" style=\"height: 14.40pt; width: 143.40pt;\" width=\"239\" height=\"24\"><strong>Tiempo de prueba<\/strong><\/td>\n<td class=\"et3\" style=\"width: 305.40pt;\" width=\"509\">3-7 d\u00edas (dependiendo de la complejidad del producto)<\/td>\n<\/tr>\n<tr style=\"height: 14.40pt;\">\n<td class=\"et2\" style=\"height: 14.40pt; width: 143.40pt;\" width=\"239\" height=\"24\"><strong>Tiempo de producci\u00f3n<\/strong><\/td>\n<td class=\"et3\" style=\"width: 305.40pt;\" width=\"509\">15-30 d\u00edas (dependiendo de la complejidad del producto)<\/td>\n<\/tr>\n<tr style=\"height: 14.40pt;\">\n<td class=\"et2\" style=\"height: 14.40pt; width: 143.40pt;\" width=\"239\" height=\"24\"><strong>Precio<\/strong><\/td>\n<td class=\"et3\" style=\"width: 305.40pt;\" width=\"509\">En funci\u00f3n del tama\u00f1o y la cantidad, cons\u00faltenos.<\/td>\n<\/tr>\n<tr style=\"height: 14.40pt;\">\n<td class=\"et2\" style=\"height: 14.40pt; width: 143.40pt;\" width=\"239\" height=\"24\"><strong>Condiciones de entrega<\/strong><\/td>\n<td class=\"et3\" style=\"width: 305.40pt;\" width=\"509\">En f\u00e1brica, FOB<\/td>\n<\/tr>\n<tr style=\"height: 14.40pt;\">\n<td class=\"et2\" style=\"height: 14.40pt; width: 143.40pt;\" width=\"239\" height=\"24\"><strong>Condiciones de pago<\/strong><\/td>\n<td class=\"et3\" style=\"width: 305.40pt;\" width=\"509\">T\/T: 30% dep\u00f3sito + 70% saldo antes del env\u00edo<\/td>\n<\/tr>\n<tr style=\"height: 84.00pt;\">\n<td class=\"et2\" style=\"height: 84.00pt; width: 143.40pt;\" width=\"239\" height=\"140\"><strong>Envolver<\/strong><\/td>\n<td class=\"et3\" style=\"width: 305.40pt;\" width=\"509\">1. Envoltura de espuma<br \/>\n2. Espuma antigoteo<br \/>\n3. Protecci\u00f3n de esquinas alrededor del enchufe<br \/>\n4. Embalaje de cart\u00f3n<br \/>\n5. Env\u00edo de listones de madera con clavos externos (opcional)<\/td>\n<\/tr>\n<tr style=\"height: 28.80pt;\">\n<td class=\"et2\" style=\"height: 28.80pt; width: 143.40pt;\" width=\"239\" height=\"48\"><strong>Escenarios aplicables del producto<\/strong><\/td>\n<td class=\"et3\" style=\"width: 305.40pt;\" width=\"509\">Auto parts brand repair shops, auto parts brand specialty stores, auto 4s specialtyshop<\/td>\n<\/tr>\n<\/tbody>\n<\/table>","protected":false},"excerpt":{"rendered":"<p>El objetivo del expositor de neum\u00e1ticos es destacar las caracter\u00edsticas y estilos de los neum\u00e1ticos, para que los clientes puedan verlos y elegirlos f\u00e1cilmente. Se utiliza ampliamente en tiendas de neum\u00e1ticos, salas de exposici\u00f3n de autom\u00f3viles, salas de exposiciones y otros lugares. Marcas de neum\u00e1ticos atendidas: Michelin, Continental, Linglong Tire, Yokohama\uff0cdunlop<\/p>","protected":false},"featured_media":620,"template":"","meta":{"_monsterinsights_skip_tracking":false,"_monsterinsights_sitenote_active":false,"_monsterinsights_sitenote_note":"","_monsterinsights_sitenote_category":0},"product_cat":[23,115,114,112,113],"product_tag":[27],"aioseo_notices":[],"_links":{"self":[{"href":"https:\/\/www.gzhdisplay.com\/es\/wp-json\/wp\/v2\/product\/941"}],"collection":[{"href":"https:\/\/www.gzhdisplay.com\/es\/wp-json\/wp\/v2\/product"}],"about":[{"href":"https:\/\/www.gzhdisplay.com\/es\/wp-json\/wp\/v2\/types\/product"}],"wp:featuredmedia":[{"embeddable":true,"href":"https:\/\/www.gzhdisplay.com\/es\/wp-json\/wp\/v2\/media\/620"}],"wp:attachment":[{"href":"https:\/\/www.gzhdisplay.com\/es\/wp-json\/wp\/v2\/media?parent=941"}],"wp:term":[{"taxonomy":"product_cat","embeddable":true,"href":"https:\/\/www.gzhdisplay.com\/es\/wp-json\/wp\/v2\/product_cat?post=941"},{"taxonomy":"product_tag","embeddable":true,"href":"https:\/\/www.gzhdisplay.com\/es\/wp-json\/wp\/v2\/product_tag?post=941"}],"curies":[{"name":"wp","href":"https:\/\/api.w.org\/{rel}","templated":true}]}}