{"id":957,"date":"2024-04-16T14:21:17","date_gmt":"2024-04-16T14:21:17","guid":{"rendered":"https:\/\/gzhdisplay.com\/product\/16058849064864008815921715\/"},"modified":"2024-05-15T20:01:32","modified_gmt":"2024-05-15T20:01:32","slug":"16058849064864008815921715","status":"publish","type":"product","link":"https:\/\/www.gzhdisplay.com\/es\/producto\/16058849064864008815921715\/","title":{"rendered":"GZH-254L Expositor de un solo neum\u00e1tico"},"content":{"rendered":"<table style=\"border-collapse: collapse; width: 441.62pt;\" border=\"0\" width=\"736\" cellspacing=\"0\" cellpadding=\"0\">\n<tbody>\n<tr style=\"height: 14.40pt;\">\n<td class=\"et2\" style=\"height: 14.40pt; width: 143.40pt;\" width=\"239\" height=\"24\"><strong>Nombre<\/strong><\/td>\n<td class=\"et3\" style=\"width: 298.20pt;\" width=\"497\">Expositor de un solo neum\u00e1tico<\/td>\n<\/tr>\n<tr style=\"height: 14.40pt;\">\n<td class=\"et2\" style=\"height: 14.40pt; width: 143.40pt;\" width=\"239\" height=\"24\"><strong>Modelo<\/strong><\/td>\n<td class=\"et3\" style=\"width: 298.20pt;\" width=\"497\">GZH-254L<\/td>\n<\/tr>\n<tr style=\"height: 14.40pt;\">\n<td class=\"et2\" style=\"height: 14.40pt; width: 143.40pt;\" width=\"239\" height=\"24\"><strong>Color<\/strong><\/td>\n<td class=\"et3\" style=\"width: 298.20pt;\" width=\"497\">Azul y amarillo (color personalizable)<\/td>\n<\/tr>\n<tr style=\"height: 14.40pt;\">\n<td class=\"et2\" style=\"height: 14.40pt; width: 143.40pt;\" width=\"239\" height=\"24\"><strong>Talla<\/strong><\/td>\n<td class=\"et3\" style=\"width: 298.20pt;\" width=\"497\">(Servicio personalizado disponible)<\/td>\n<\/tr>\n<tr style=\"height: 14.40pt;\">\n<td class=\"et2\" style=\"height: 14.40pt; width: 143.40pt;\" width=\"239\" height=\"24\"><strong>Material<\/strong><\/td>\n<td class=\"et3\" style=\"width: 298.20pt;\" width=\"497\">Hierro met\u00e1lico<\/td>\n<\/tr>\n<tr style=\"height: 14.40pt;\">\n<td class=\"et2\" style=\"height: 14.40pt; width: 143.40pt;\" width=\"239\" height=\"24\"><strong>Tiempo de prueba<\/strong><\/td>\n<td class=\"et3\" style=\"width: 298.20pt;\" width=\"497\">3-7 d\u00edas (dependiendo de la complejidad del producto)<\/td>\n<\/tr>\n<tr style=\"height: 14.40pt;\">\n<td class=\"et2\" style=\"height: 14.40pt; width: 143.40pt;\" width=\"239\" height=\"24\"><strong>Tiempo de producci\u00f3n<\/strong><\/td>\n<td class=\"et3\" style=\"width: 298.20pt;\" width=\"497\">15-30 d\u00edas (dependiendo de la complejidad del producto)<\/td>\n<\/tr>\n<tr style=\"height: 14.40pt;\">\n<td class=\"et2\" style=\"height: 14.40pt; width: 143.40pt;\" width=\"239\" height=\"24\"><strong>Precio<\/strong><\/td>\n<td class=\"et3\" style=\"width: 298.20pt;\" width=\"497\">En funci\u00f3n del tama\u00f1o y la cantidad, cons\u00faltenos.<\/td>\n<\/tr>\n<tr style=\"height: 14.40pt;\">\n<td class=\"et2\" style=\"height: 14.40pt; width: 143.40pt;\" width=\"239\" height=\"24\"><strong>Condiciones de entrega<\/strong><\/td>\n<td class=\"et3\" style=\"width: 298.20pt;\" width=\"497\">En f\u00e1brica, FOB<\/td>\n<\/tr>\n<tr style=\"height: 14.40pt;\">\n<td class=\"et2\" style=\"height: 14.40pt; width: 143.40pt;\" width=\"239\" height=\"24\"><strong>Condiciones de pago<\/strong><\/td>\n<td class=\"et3\" style=\"width: 298.20pt;\" width=\"497\">T\/T: 30% dep\u00f3sito + 70% saldo antes del env\u00edo<\/td>\n<\/tr>\n<tr style=\"height: 84.00pt;\">\n<td class=\"et2\" style=\"height: 84.00pt; width: 143.40pt;\" width=\"239\" height=\"140\"><strong>Envolver<\/strong><\/td>\n<td class=\"et3\" style=\"width: 298.20pt;\" width=\"497\">1. Envoltura de espuma<br \/>2. Espuma antigoteo<br \/>3. Protecci\u00f3n de esquinas alrededor del enchufe<br \/>4. Embalaje de cart\u00f3n<br \/>5. Env\u00edo de listones de madera con clavos externos (opcional)<\/td>\n<\/tr>\n<tr style=\"height: 28.80pt;\">\n<td class=\"et2\" style=\"height: 28.80pt; width: 143.40pt;\" width=\"239\" height=\"48\"><strong>Escenarios aplicables del producto<\/strong><\/td>\n<td class=\"et3\" style=\"width: 298.20pt;\" width=\"497\">Talleres de marcas de recambios de autom\u00f3viles, tiendas especializadas de marcas de recambios de autom\u00f3viles, tiendas de SSSS de autom\u00f3viles<\/td>\n<\/tr>\n<\/tbody>\n<\/table>","protected":false},"excerpt":{"rendered":"<p>Name Single tire display stand Model GZH-254L Color Blue &#038; yellow (customizable color) Size (Customized service available) Material Metallic iron Proofing time 3-7 days (depending on product complexity) Production time 15-30 days (depending on product complexity) Price Depending on the size and quantity, please inquire Conditions of delivery Ex-works, FOB Payment terms T\/T: 30% deposit [&#8230;]","protected":false},"featured_media":632,"template":"","meta":{"_monsterinsights_skip_tracking":false,"_monsterinsights_sitenote_active":false,"_monsterinsights_sitenote_note":"","_monsterinsights_sitenote_category":0},"product_cat":[23,115,114,112,113],"product_tag":[22],"aioseo_notices":[],"_links":{"self":[{"href":"https:\/\/www.gzhdisplay.com\/es\/wp-json\/wp\/v2\/product\/957"}],"collection":[{"href":"https:\/\/www.gzhdisplay.com\/es\/wp-json\/wp\/v2\/product"}],"about":[{"href":"https:\/\/www.gzhdisplay.com\/es\/wp-json\/wp\/v2\/types\/product"}],"wp:featuredmedia":[{"embeddable":true,"href":"https:\/\/www.gzhdisplay.com\/es\/wp-json\/wp\/v2\/media\/632"}],"wp:attachment":[{"href":"https:\/\/www.gzhdisplay.com\/es\/wp-json\/wp\/v2\/media?parent=957"}],"wp:term":[{"taxonomy":"product_cat","embeddable":true,"href":"https:\/\/www.gzhdisplay.com\/es\/wp-json\/wp\/v2\/product_cat?post=957"},{"taxonomy":"product_tag","embeddable":true,"href":"https:\/\/www.gzhdisplay.com\/es\/wp-json\/wp\/v2\/product_tag?post=957"}],"curies":[{"name":"wp","href":"https:\/\/api.w.org\/{rel}","templated":true}]}}