{"id":963,"date":"2024-04-16T14:21:18","date_gmt":"2024-04-16T14:21:18","guid":{"rendered":"https:\/\/gzhdisplay.com\/product\/16058822688137397225961715\/"},"modified":"2024-05-15T19:59:40","modified_gmt":"2024-05-15T19:59:40","slug":"16058822688137397225961715","status":"publish","type":"product","link":"https:\/\/www.gzhdisplay.com\/es\/producto\/16058822688137397225961715\/","title":{"rendered":"GZH-1703I Cartel publicitario de suelo a techo"},"content":{"rendered":"<table style=\"border-collapse: collapse; width: 377.43pt;\" border=\"0\" width=\"629\" cellspacing=\"0\" cellpadding=\"0\">\n<tbody>\n<tr style=\"height: 14.40pt;\">\n<td class=\"et2\" style=\"height: 14.40pt; width: 143.40pt;\" width=\"239\" height=\"24\"><strong>Nombre<\/strong><\/td>\n<td class=\"et3\" style=\"width: 234.00pt;\" width=\"390\">Carteles publicitarios de suelo a techo<\/td>\n<\/tr>\n<tr style=\"height: 14.40pt;\">\n<td class=\"et2\" style=\"height: 14.40pt; width: 143.40pt;\" width=\"239\" height=\"24\"><strong>Modelo<\/strong><\/td>\n<td class=\"et3\" style=\"width: 234.00pt;\" width=\"390\">GZH-1703I<\/td>\n<\/tr>\n<tr style=\"height: 14.40pt;\">\n<td class=\"et2\" style=\"height: 14.40pt; width: 143.40pt;\" width=\"239\" height=\"24\"><strong>Color<\/strong><\/td>\n<td class=\"et3\" style=\"width: 234.00pt;\" width=\"390\">Blanco (se puede personalizar el color)<\/td>\n<\/tr>\n<tr style=\"height: 28.80pt;\">\n<td class=\"et2\" style=\"height: 28.80pt; width: 143.40pt;\" width=\"239\" height=\"48\"><strong>Talla<\/strong><\/td>\n<td class=\"et3\" style=\"width: 234.00pt;\" width=\"390\">565*585*940mm(Servicio personalizado disponible)<\/td>\n<\/tr>\n<tr style=\"height: 14.40pt;\">\n<td class=\"et2\" style=\"height: 14.40pt; width: 143.40pt;\" width=\"239\" height=\"24\"><strong>Material<\/strong><\/td>\n<td class=\"et3\" style=\"width: 234.00pt;\" width=\"390\">Hierro met\u00e1lico<\/td>\n<\/tr>\n<tr style=\"height: 14.40pt;\">\n<td class=\"et2\" style=\"height: 14.40pt; width: 143.40pt;\" width=\"239\" height=\"24\"><strong>Tiempo de prueba<\/strong><\/td>\n<td class=\"et3\" style=\"width: 234.00pt;\" width=\"390\">3-7 d\u00edas (dependiendo de la complejidad del producto)<\/td>\n<\/tr>\n<tr style=\"height: 28.80pt;\">\n<td class=\"et2\" style=\"height: 28.80pt; width: 143.40pt;\" width=\"239\" height=\"48\"><strong>Tiempo de producci\u00f3n<\/strong><\/td>\n<td class=\"et3\" style=\"width: 234.00pt;\" width=\"390\">15-30 d\u00edas (dependiendo de la complejidad del producto)<\/td>\n<\/tr>\n<tr style=\"height: 28.80pt;\">\n<td class=\"et2\" style=\"height: 28.80pt; width: 143.40pt;\" width=\"239\" height=\"48\"><strong>Precio<\/strong><\/td>\n<td class=\"et3\" style=\"width: 234.00pt;\" width=\"390\">En funci\u00f3n del tama\u00f1o y la cantidad, cons\u00faltenos.<\/td>\n<\/tr>\n<tr style=\"height: 14.40pt;\">\n<td class=\"et2\" style=\"height: 14.40pt; width: 143.40pt;\" width=\"239\" height=\"24\"><strong>Condiciones de entrega<\/strong><\/td>\n<td class=\"et3\" style=\"width: 234.00pt;\" width=\"390\">En f\u00e1brica, FOB<\/td>\n<\/tr>\n<tr style=\"height: 28.80pt;\">\n<td class=\"et2\" style=\"height: 28.80pt; width: 143.40pt;\" width=\"239\" height=\"48\"><strong>Condiciones de pago<\/strong><\/td>\n<td class=\"et3\" style=\"width: 234.00pt;\" width=\"390\">T\/T: 30% dep\u00f3sito + 70% saldo antes del env\u00edo<\/td>\n<\/tr>\n<tr style=\"height: 84.00pt;\">\n<td class=\"et2\" style=\"height: 84.00pt; width: 143.40pt;\" width=\"239\" height=\"140\"><strong>Envolver<\/strong><\/td>\n<td class=\"et3\" style=\"width: 234.00pt;\" width=\"390\">1. Envoltura de espuma<br \/>\n2. Espuma antigoteo<br \/>\n3. Protecci\u00f3n de esquinas alrededor del enchufe<br \/>\n4. Embalaje de cart\u00f3n<br \/>\n5. Env\u00edo de listones de madera con clavos externos (opcional)<\/td>\n<\/tr>\n<tr style=\"height: 57.60pt;\">\n<td class=\"et2\" style=\"height: 57.60pt; width: 143.40pt;\" width=\"239\" height=\"96\"><strong>Escenarios aplicables del producto<\/strong><\/td>\n<td class=\"et3\" style=\"width: 234.00pt;\" width=\"390\">Carteles para tiendas minoristas, tiendas de alimentaci\u00f3n pueden hacer publicidad y promoci\u00f3n de men\u00fas, presentaci\u00f3n de coches, exposiciones, tiendas, centros comerciales<\/td>\n<\/tr>\n<\/tbody>\n<\/table>","protected":false},"excerpt":{"rendered":"<p>Name Floor-to-ceiling advertising signage Model GZH-1703I Color White (color can be customized) Size 565*585*940mm(Customized service available) Material Metallic iron Proofing time 3-7 days (depending on product complexity) Production time 15-30 days (depending on product complexity) Price Depending on the size and quantity, please inquire Conditions of delivery Ex-works, FOB Payment terms T\/T: 30% deposit + [&#8230;]","protected":false},"featured_media":639,"template":"","meta":{"_monsterinsights_skip_tracking":false,"_monsterinsights_sitenote_active":false,"_monsterinsights_sitenote_note":"","_monsterinsights_sitenote_category":0},"product_cat":[35,107,108,106],"product_tag":[33,56],"aioseo_notices":[],"_links":{"self":[{"href":"https:\/\/www.gzhdisplay.com\/es\/wp-json\/wp\/v2\/product\/963"}],"collection":[{"href":"https:\/\/www.gzhdisplay.com\/es\/wp-json\/wp\/v2\/product"}],"about":[{"href":"https:\/\/www.gzhdisplay.com\/es\/wp-json\/wp\/v2\/types\/product"}],"wp:featuredmedia":[{"embeddable":true,"href":"https:\/\/www.gzhdisplay.com\/es\/wp-json\/wp\/v2\/media\/639"}],"wp:attachment":[{"href":"https:\/\/www.gzhdisplay.com\/es\/wp-json\/wp\/v2\/media?parent=963"}],"wp:term":[{"taxonomy":"product_cat","embeddable":true,"href":"https:\/\/www.gzhdisplay.com\/es\/wp-json\/wp\/v2\/product_cat?post=963"},{"taxonomy":"product_tag","embeddable":true,"href":"https:\/\/www.gzhdisplay.com\/es\/wp-json\/wp\/v2\/product_tag?post=963"}],"curies":[{"name":"wp","href":"https:\/\/api.w.org\/{rel}","templated":true}]}}