{"id":969,"date":"2024-04-16T14:21:18","date_gmt":"2024-04-16T14:21:18","guid":{"rendered":"https:\/\/gzhdisplay.com\/product\/16058822601708226878991715\/"},"modified":"2024-05-15T19:59:14","modified_gmt":"2024-05-15T19:59:14","slug":"16058822601708226878991715","status":"publish","type":"product","link":"https:\/\/www.gzhdisplay.com\/es\/producto\/16058822601708226878991715\/","title":{"rendered":"GZH-2343 Material de decoraci\u00f3n para el hogar muestra de color acr\u00edlico soporte de exhibici\u00f3n"},"content":{"rendered":"<table style=\"border-collapse: collapse; width: 440.43pt;\" border=\"0\" width=\"734\" cellspacing=\"0\" cellpadding=\"0\">\n<tbody>\n<tr style=\"height: 14.40pt;\">\n<td class=\"et3\" style=\"height: 14.4pt; width: 190.213px;\" width=\"239\" height=\"24\"><strong>Nombre<\/strong><\/td>\n<td class=\"et3\" style=\"height: 28.8pt; width: 394.29px;\" width=\"495\" height=\"48\">Decoraci\u00f3n del hogar material de color swatch acr\u00edlico expositor<\/td>\n<\/tr>\n<tr style=\"height: 14.40pt;\">\n<td class=\"et3\" style=\"height: 14.4pt; width: 190.213px;\" width=\"239\" height=\"24\"><strong>Modelo<\/strong><\/td>\n<td class=\"et4\" style=\"width: 394.29px;\" width=\"495\">GZH-2343<\/td>\n<\/tr>\n<tr style=\"height: 14.40pt;\">\n<td class=\"et3\" style=\"height: 14.4pt; width: 190.213px;\" width=\"239\" height=\"24\"><strong>Color<\/strong><\/td>\n<td class=\"et4\" style=\"width: 394.29px;\" width=\"495\">Blanco (se puede personalizar el color)<\/td>\n<\/tr>\n<tr style=\"height: 14.40pt;\">\n<td class=\"et3\" style=\"height: 14.4pt; width: 190.213px;\" width=\"239\" height=\"24\"><strong>Talla<\/strong><\/td>\n<td class=\"et4\" style=\"width: 394.29px;\" width=\"495\">180*280*350mm(Servicio personalizado disponible)<\/td>\n<\/tr>\n<tr style=\"height: 14.40pt;\">\n<td class=\"et3\" style=\"height: 14.4pt; width: 190.213px;\" width=\"239\" height=\"24\"><strong>Material<\/strong><\/td>\n<td class=\"et4\" style=\"width: 394.29px;\" width=\"495\">Acr\u00edlico<\/td>\n<\/tr>\n<tr style=\"height: 14.40pt;\">\n<td class=\"et3\" style=\"height: 14.4pt; width: 190.213px;\" width=\"239\" height=\"24\"><strong>Tiempo de prueba<\/strong><\/td>\n<td class=\"et4\" style=\"width: 394.29px;\" width=\"495\">3-14 d\u00edas (dependiendo de la complejidad del producto)<\/td>\n<\/tr>\n<tr style=\"height: 14.40pt;\">\n<td class=\"et3\" style=\"height: 14.4pt; width: 190.213px;\" width=\"239\" height=\"24\"><strong>Tiempo de producci\u00f3n<\/strong><\/td>\n<td class=\"et4\" style=\"width: 394.29px;\" width=\"495\">15-30 d\u00edas (dependiendo de la complejidad del producto)<\/td>\n<\/tr>\n<tr style=\"height: 14.40pt;\">\n<td class=\"et3\" style=\"height: 14.4pt; width: 190.213px;\" width=\"239\" height=\"24\"><strong>Precio<\/strong><\/td>\n<td class=\"et4\" style=\"width: 394.29px;\" width=\"495\">En funci\u00f3n del tama\u00f1o y la cantidad, cons\u00faltenos.<\/td>\n<\/tr>\n<tr style=\"height: 14.40pt;\">\n<td class=\"et3\" style=\"height: 14.4pt; width: 190.213px;\" width=\"239\" height=\"24\"><strong>Condiciones de entrega<\/strong><\/td>\n<td class=\"et4\" style=\"width: 394.29px;\" width=\"495\">En f\u00e1brica, FOB<\/td>\n<\/tr>\n<tr style=\"height: 14.40pt;\">\n<td class=\"et3\" style=\"height: 14.4pt; width: 190.213px;\" width=\"239\" height=\"24\"><strong>Condiciones de pago<\/strong><\/td>\n<td class=\"et4\" style=\"width: 394.29px;\" width=\"495\">T\/T: 30% dep\u00f3sito + 70% saldo antes del env\u00edo<\/td>\n<\/tr>\n<tr style=\"height: 84.00pt;\">\n<td class=\"et3\" style=\"height: 84pt; width: 190.213px;\" width=\"239\" height=\"140\"><strong>Envolver<\/strong><\/td>\n<td class=\"et4\" style=\"width: 394.29px;\" width=\"495\">1. Envoltura de espuma<br \/>2. Espuma antigoteo<br \/>3. Protecci\u00f3n de esquinas alrededor del enchufe<br \/>4. Embalaje de cart\u00f3n<br \/>5. Env\u00edo de listones de madera con clavos externos (opcional)<\/td>\n<\/tr>\n<tr style=\"height: 28.80pt;\">\n<td class=\"et3\" style=\"height: 28.8pt; width: 190.213px;\" width=\"239\" height=\"48\"><strong>Escenarios aplicables del producto<\/strong><\/td>\n<td class=\"et4\" style=\"width: 394.29px;\" width=\"495\">Empresas de muebles y materiales de construcci\u00f3n, tiendas de azulejos, tiendas de suelos de madera<\/td>\n<\/tr>\n<\/tbody>\n<\/table>","protected":false},"excerpt":{"rendered":"<p>Name Home decoration material color swatch acrylic display stand Model GZH-2343 Color White (color can be customized) Size 180*280*350mm(Customized service available) Material Acrylic Proofing time 3-14 days (depending on product complexity) Production time 15-30 days (depending on product complexity) Price Depending on the size and quantity, please inquire Conditions of delivery Ex-works, FOB Payment terms [&#8230;]","protected":false},"featured_media":643,"template":"","meta":{"_monsterinsights_skip_tracking":false,"_monsterinsights_sitenote_active":false,"_monsterinsights_sitenote_note":"","_monsterinsights_sitenote_category":0},"product_cat":[26,105,98,104],"product_tag":[40,50],"aioseo_notices":[],"_links":{"self":[{"href":"https:\/\/www.gzhdisplay.com\/es\/wp-json\/wp\/v2\/product\/969"}],"collection":[{"href":"https:\/\/www.gzhdisplay.com\/es\/wp-json\/wp\/v2\/product"}],"about":[{"href":"https:\/\/www.gzhdisplay.com\/es\/wp-json\/wp\/v2\/types\/product"}],"wp:featuredmedia":[{"embeddable":true,"href":"https:\/\/www.gzhdisplay.com\/es\/wp-json\/wp\/v2\/media\/643"}],"wp:attachment":[{"href":"https:\/\/www.gzhdisplay.com\/es\/wp-json\/wp\/v2\/media?parent=969"}],"wp:term":[{"taxonomy":"product_cat","embeddable":true,"href":"https:\/\/www.gzhdisplay.com\/es\/wp-json\/wp\/v2\/product_cat?post=969"},{"taxonomy":"product_tag","embeddable":true,"href":"https:\/\/www.gzhdisplay.com\/es\/wp-json\/wp\/v2\/product_tag?post=969"}],"curies":[{"name":"wp","href":"https:\/\/api.w.org\/{rel}","templated":true}]}}