{"id":999,"date":"2024-04-16T14:21:20","date_gmt":"2024-04-16T14:21:20","guid":{"rendered":"https:\/\/gzhdisplay.com\/product\/16058443260698894377411715\/"},"modified":"2024-08-02T06:24:50","modified_gmt":"2024-08-02T06:24:50","slug":"foldable-storage-shelf","status":"publish","type":"product","link":"https:\/\/www.gzhdisplay.com\/es\/producto\/foldable-storage-shelf\/","title":{"rendered":"GZH-1718 Estante de almacenamiento plegable"},"content":{"rendered":"<p>Estante plegable<\/p>\n<table style=\"border-collapse: collapse; width: 485.43pt;\" border=\"0\" width=\"809\" cellspacing=\"0\" cellpadding=\"0\">\n<tbody>\n<tr style=\"height: 14.40pt;\">\n<td class=\"et2\" style=\"height: 14.4pt; width: 165px;\" width=\"327\" height=\"24\"><strong>Nombre<\/strong><\/td>\n<td class=\"et2\" style=\"width: 479px;\" width=\"482\">Estante plegable<\/td>\n<\/tr>\n<tr style=\"height: 14.40pt;\">\n<td class=\"et2\" style=\"height: 14.4pt; width: 165px;\" height=\"24\"><strong>Modelo<\/strong><\/td>\n<td class=\"et2\" style=\"width: 479px;\">GZH-1718<\/td>\n<\/tr>\n<tr style=\"height: 14.40pt;\">\n<td class=\"et2\" style=\"height: 14.4pt; width: 165px;\" height=\"24\"><strong>Capacidad de carga<\/strong><\/td>\n<td class=\"et2\" style=\"width: 479px;\">180 kg\/capa<\/td>\n<\/tr>\n<tr style=\"height: 14.40pt;\">\n<td class=\"et2\" style=\"height: 14.4pt; width: 165px;\" height=\"24\"><strong>Color<\/strong><\/td>\n<td class=\"et2\" style=\"width: 479px;\">Negro (se puede personalizar el color)<\/td>\n<\/tr>\n<tr style=\"height: 14.40pt;\">\n<td class=\"et2\" style=\"height: 14.4pt; width: 165px;\" height=\"24\"><strong>Talla<\/strong><\/td>\n<td class=\"et2\" style=\"width: 479px;\">800*450*1800mm(Servicio personalizado disponible)<\/td>\n<\/tr>\n<tr style=\"height: 14.40pt;\">\n<td class=\"et2\" style=\"height: 14.4pt; width: 165px;\" height=\"24\"><strong>Material<\/strong><\/td>\n<td class=\"et2\" style=\"width: 479px;\">Hierro met\u00e1lico<\/td>\n<\/tr>\n<tr style=\"height: 14.40pt;\">\n<td class=\"et2\" style=\"height: 14.4pt; width: 165px;\" height=\"24\"><strong>Tiempo de prueba<\/strong><\/td>\n<td class=\"et2\" style=\"width: 479px;\">3-7 d\u00edas (dependiendo de la complejidad del producto)<\/td>\n<\/tr>\n<tr style=\"height: 14.40pt;\">\n<td class=\"et2\" style=\"height: 14.4pt; width: 165px;\" height=\"24\"><strong>Tiempo de producci\u00f3n<\/strong><\/td>\n<td class=\"et2\" style=\"width: 479px;\">15-30 d\u00edas (dependiendo de la complejidad del producto)<\/td>\n<\/tr>\n<tr style=\"height: 14.40pt;\">\n<td class=\"et2\" style=\"height: 14.4pt; width: 165px;\" height=\"24\"><strong>Precio<\/strong><\/td>\n<td class=\"et2\" style=\"width: 479px;\">En funci\u00f3n del tama\u00f1o y la cantidad, cons\u00faltenos.<\/td>\n<\/tr>\n<tr style=\"height: 14.40pt;\">\n<td class=\"et2\" style=\"height: 14.4pt; width: 165px;\" height=\"24\"><strong>Condiciones de entrega<\/strong><\/td>\n<td class=\"et2\" style=\"width: 479px;\">En f\u00e1brica, FOB<\/td>\n<\/tr>\n<tr style=\"height: 14.40pt;\">\n<td class=\"et2\" style=\"height: 14.4pt; width: 165px;\" height=\"24\"><strong>Condiciones de pago<\/strong><\/td>\n<td class=\"et2\" style=\"width: 479px;\">T\/T: 30% dep\u00f3sito + 70% saldo antes del env\u00edo<\/td>\n<\/tr>\n<tr style=\"height: 84.00pt;\">\n<td class=\"et2\" style=\"height: 84pt; width: 165px;\" height=\"140\"><strong>Envolver<\/strong><\/td>\n<td class=\"et3\" style=\"width: 479px;\" width=\"482\">1. Envoltura de espuma<br \/>\n2. Espuma antigoteo<br \/>\n3. Protecci\u00f3n de esquinas alrededor del enchufe<br \/>\n4. Embalaje de cart\u00f3n<br \/>\n5. Env\u00edo de listones de madera con clavos externos (opcional)<\/td>\n<\/tr>\n<tr style=\"height: 14.40pt;\">\n<td class=\"et2\" style=\"height: 14.4pt; width: 165px;\" height=\"24\"><strong>Escenarios aplicables del producto<\/strong><\/td>\n<td class=\"et2\" style=\"width: 479px;\">Almacenes, cuartos de servicio, tiendas<\/td>\n<\/tr>\n<\/tbody>\n<\/table>","protected":false},"excerpt":{"rendered":"<p>Nuestros estantes de almacenamiento plegables est\u00e1n fabricados con materiales de alta calidad, lo que garantiza su durabilidad y rendimiento a largo plazo. f\u00e1brica de estantes de almacenamiento plegables al por mayor.<\/p>","protected":false},"featured_media":674,"template":"","meta":{"_monsterinsights_skip_tracking":false,"_monsterinsights_sitenote_active":false,"_monsterinsights_sitenote_note":"","_monsterinsights_sitenote_category":0},"product_cat":[47,97,102,103],"product_tag":[46],"aioseo_notices":[],"_links":{"self":[{"href":"https:\/\/www.gzhdisplay.com\/es\/wp-json\/wp\/v2\/product\/999"}],"collection":[{"href":"https:\/\/www.gzhdisplay.com\/es\/wp-json\/wp\/v2\/product"}],"about":[{"href":"https:\/\/www.gzhdisplay.com\/es\/wp-json\/wp\/v2\/types\/product"}],"wp:featuredmedia":[{"embeddable":true,"href":"https:\/\/www.gzhdisplay.com\/es\/wp-json\/wp\/v2\/media\/674"}],"wp:attachment":[{"href":"https:\/\/www.gzhdisplay.com\/es\/wp-json\/wp\/v2\/media?parent=999"}],"wp:term":[{"taxonomy":"product_cat","embeddable":true,"href":"https:\/\/www.gzhdisplay.com\/es\/wp-json\/wp\/v2\/product_cat?post=999"},{"taxonomy":"product_tag","embeddable":true,"href":"https:\/\/www.gzhdisplay.com\/es\/wp-json\/wp\/v2\/product_tag?post=999"}],"curies":[{"name":"wp","href":"https:\/\/api.w.org\/{rel}","templated":true}]}}