{"id":1070,"date":"2024-04-30T18:22:44","date_gmt":"2024-04-30T18:22:44","guid":{"rendered":"https:\/\/gzhdisplay.com\/?page_id=1070"},"modified":"2024-05-03T11:10:37","modified_gmt":"2024-05-03T11:10:37","slug":"oem-odm","status":"publish","type":"page","link":"https:\/\/www.gzhdisplay.com\/pt\/oem-odm\/","title":{"rendered":"OEM\/ODM"},"content":{"rendered":"<div class=\"row row-collapse\"  id=\"row-568647899\">\n\n\n\t<div id=\"col-1034963578\" class=\"col small-12 large-12\"  >\n\t\t\t\t<div class=\"col-inner\"  >\n\t\t\t\n\t\t\t\n\n<nav aria-label=\"farinha de rosca\" class=\"rank-math-breadcrumb\"><p><span class=\"last\">In\u00edcio<\/span><\/p><\/nav>\n\n\t\t<\/div>\n\t\t\t\t\n<style>\n#col-1034963578 > .col-inner {\n  padding: 30px 0px 0px 0px;\n}\n<\/style>\n\t<\/div>\n\n\t\n\n<\/div>\n\t<div id=\"text-4099988027\" class=\"text\">\n\t\t\n\n<h1>OEM\/ODM<\/h1>\n\t\t\n<style>\n#text-4099988027 {\n  text-align: center;\n}\n<\/style>\n\t<\/div>\n\t\n\t<div class=\"img has-hover x md-x lg-x y md-y lg-y\" id=\"image_983864808\">\n\t\t\t\t\t\t\t\t<div class=\"img-inner dark\" >\n\t\t\t<img decoding=\"async\" width=\"1827\" height=\"934\" src=\"https:\/\/www.gzhdisplay.com\/wp-content\/uploads\/2024\/05\/OEM-custom-display-stands-of-major-brands-1.jpg\" class=\"attachment-original size-original\" alt=\"\" srcset=\"https:\/\/www.gzhdisplay.com\/wp-content\/uploads\/2024\/05\/OEM-custom-display-stands-of-major-brands-1.jpg 1827w, https:\/\/www.gzhdisplay.com\/wp-content\/uploads\/2024\/05\/OEM-custom-display-stands-of-major-brands-1-800x409.jpg 800w, https:\/\/www.gzhdisplay.com\/wp-content\/uploads\/2024\/05\/OEM-custom-display-stands-of-major-brands-1-782x400.jpg 782w, https:\/\/www.gzhdisplay.com\/wp-content\/uploads\/2024\/05\/OEM-custom-display-stands-of-major-brands-1-1400x716.jpg 1400w, https:\/\/www.gzhdisplay.com\/wp-content\/uploads\/2024\/05\/OEM-custom-display-stands-of-major-brands-1-768x393.jpg 768w, https:\/\/www.gzhdisplay.com\/wp-content\/uploads\/2024\/05\/OEM-custom-display-stands-of-major-brands-1-1536x785.jpg 1536w\" sizes=\"(max-width: 1827px) 100vw, 1827px\" \/>\t\t\t\t\t\t\n\t\t\t\t\t<\/div>\n\t\t\t\t\t\t\t\t\n<style>\n#image_983864808 {\n  width: 100%;\n}\n<\/style>\n\t<\/div>\n\t\n\n<div class=\"row\"  id=\"row-1740691188\">\n\n\n\t<div id=\"col-1377534185\" class=\"col medium-10 small-12 large-10\"  >\n\t\t\t\t<div class=\"col-inner\"  >\n\t\t\t\n\t\t\t\n\n<h2>RECURSOS DE PERSONALIZA\u00c7\u00c3O DE OEM E ODM<br \/>\n<\/h2>\n<p>Atendeu a muitas marcas conhecidas<\/p>\n\n\t\t<\/div>\n\t\t\t\t\t<\/div>\n\n\t\n\n\t<div id=\"col-955986162\" class=\"col medium-2 small-12 large-2\"  >\n\t\t\t\t<div class=\"col-inner text-right\"  >\n\t\t\t\n\t\t\t\n\n<a href=\"\/pt\/contact-us\/\" class=\"button secondary lowercase\"  >\n    <span>Entre em contato conosco<\/span>\n  <\/a>\n\n\n\n\t\t<\/div>\n\t\t\t\t\t<\/div>\n\n\t\n\n<\/div>\n\t<div id=\"text-2683377194\" class=\"text\">\n\t\t\n\n<h2>PERGUNTAS FREQUENTES<\/h2>\n\t\t\n<style>\n#text-2683377194 {\n  text-align: center;\n}\n<\/style>\n\t<\/div>\n\t\n<div class=\"row align-center\"  id=\"row-1113119918\">\n\n\n\t<div id=\"col-1323513332\" class=\"col medium-8 small-12 large-8\"  >\n\t\t\t\t<div class=\"col-inner text-left\"  >\n\t\t\t\n\t\t\t\n\n\t<div id=\"gap-1276726780\" class=\"gap-element clearfix\" style=\"display:block; height:auto;\">\n\t\t\n<style>\n#gap-1276726780 {\n  padding-top: 30px;\n}\n<\/style>\n\t<\/div>\n\t\n\n<div class=\"accordion\">\n\n\t<div id=\"accordion-3269223813\" class=\"accordion-item\">\n\t\t<a id=\"accordion-3269223813-label\" class=\"accordion-title plain\" href=\"#accordion-item-can-i-ship-anywhere?\" aria-expanded=\"false\" aria-controls=\"accordion-3269223813-content\" >\n\t\t\t<button class=\"toggle\" aria-label=\"Toggle\"><i class=\"icon-angle-down\"><\/i><\/button>\n\t\t\t<span>Posso enviar para qualquer lugar?<\/span>\n\t\t<\/a>\n\t\t<div id=\"accordion-3269223813-content\" class=\"accordion-inner\" aria-labelledby=\"accordion-3269223813-label\" >\n\t\t\t\n\n<p>Sim, nossos produtos podem ser enviados para todo o mundo.<\/p>\n\n\t\t<\/div>\n\t<\/div>\n\t\n\t<div id=\"accordion-2343797332\" class=\"accordion-item\">\n\t\t<a id=\"accordion-2343797332-label\" class=\"accordion-title plain\" href=\"#accordion-item-what-is-the-production-cycle-of-the-product?\" aria-expanded=\"false\" aria-controls=\"accordion-2343797332-content\" >\n\t\t\t<button class=\"toggle\" aria-label=\"Toggle\"><i class=\"icon-angle-down\"><\/i><\/button>\n\t\t\t<span>Qual \u00e9 o ciclo de produ\u00e7\u00e3o do produto?<\/span>\n\t\t<\/a>\n\t\t<div id=\"accordion-2343797332-content\" class=\"accordion-inner\" aria-labelledby=\"accordion-2343797332-label\" >\n\t\t\t\n\n<p>O expositor tem um determinado ciclo de produ\u00e7\u00e3o e os diferentes tipos de produtos ser\u00e3o bem diferentes. Se tiver alguma d\u00favida, entre em contato conosco.<\/p>\n\n\t\t<\/div>\n\t<\/div>\n\t\n\t<div id=\"accordion-313705573\" class=\"accordion-item\">\n\t\t<a id=\"accordion-313705573-label\" class=\"accordion-title plain\" href=\"#accordion-item-is-it-possible-to-provide-oem\/odm-production-services?\" aria-expanded=\"false\" aria-controls=\"accordion-313705573-content\" >\n\t\t\t<button class=\"toggle\" aria-label=\"Toggle\"><i class=\"icon-angle-down\"><\/i><\/button>\n\t\t\t<span>\u00c9 poss\u00edvel fornecer servi\u00e7os de produ\u00e7\u00e3o OEM\/ODM?<\/span>\n\t\t<\/a>\n\t\t<div id=\"accordion-313705573-content\" class=\"accordion-inner\" aria-labelledby=\"accordion-313705573-label\" >\n\t\t\t\n\n<p>Sim, tamb\u00e9m podemos oferecer servi\u00e7os de design de estandes de exposi\u00e7\u00e3o.<\/p>\n\n\t\t<\/div>\n\t<\/div>\n\t\n\t<div id=\"accordion-2204923389\" class=\"accordion-item\">\n\t\t<a id=\"accordion-2204923389-label\" class=\"accordion-title plain\" href=\"#accordion-item-how-to-properly-maintain-the-display-stand?\" aria-expanded=\"false\" aria-controls=\"accordion-2204923389-content\" >\n\t\t\t<button class=\"toggle\" aria-label=\"Toggle\"><i class=\"icon-angle-down\"><\/i><\/button>\n\t\t\t<span>Como fazer a manuten\u00e7\u00e3o adequada do expositor?<\/span>\n\t\t<\/a>\n\t\t<div id=\"accordion-2204923389-content\" class=\"accordion-inner\" aria-labelledby=\"accordion-2204923389-label\" >\n\t\t\t\n\n<p>Precau\u00e7\u00f5es para o uso di\u00e1rio das prateleiras: \u00e0 prova de umidade, ventiladas, manter o ambiente seco, n\u00e3o sobrecarregar, super altas, ultra largas, colocar objetos leves no alto, colocar objetos pesados na parte inferior, manusear levemente e evitar arranh\u00f5es em objetos duros.<\/p>\n\n\t\t<\/div>\n\t<\/div>\n\t\n\n<\/div>\n\n\t\t<\/div>\n\t\t\t\t\t<\/div>\n\n\t\n\n<\/div>\n<div class=\"slider-wrapper relative\" id=\"slider-1337225963\" >\n    <div class=\"slider slider-nav-circle slider-nav-large slider-nav-light slider-style-normal\"\n        data-flickity-options='{            \"cellAlign\": \"center\",            \"imagesLoaded\": true,            \"lazyLoad\": 1,            \"freeScroll\": false,            \"wrapAround\": true,            \"autoPlay\": 6000,            \"pauseAutoPlayOnHover\" : true,            \"prevNextButtons\": true,            \"contain\" : true,            \"adaptiveHeight\" : true,            \"dragThreshold\" : 10,            \"percentPosition\": true,            \"pageDots\": true,            \"rightToLeft\": false,            \"draggable\": true,            \"selectedAttraction\": 0.1,            \"parallax\" : 0,            \"friction\": 0.6        }'\n        >\n        \n\n\n  <div class=\"banner has-hover\" id=\"banner-1469614497\">\n          <div class=\"banner-inner fill\">\n        <div class=\"banner-bg fill\" >\n            <div class=\"bg fill bg-fill\"><\/div>\n                        <div class=\"overlay\"><\/div>            \n                    <\/div>\n\t\t\n        <div class=\"banner-layers container\">\n            <div class=\"fill banner-link\"><\/div>            \n\n   <div id=\"text-box-1720167643\" class=\"text-box banner-layer x50 md-x50 lg-x50 y50 md-y50 lg-y50 res-text\">\n                                <div class=\"text-box-content text dark\">\n              \n              <div class=\"text-inner text-center\">\n                  \n\n<p class=\"uppercase\">A solu\u00e7\u00e3o de varejo correta aproveitar\u00e1 ao m\u00e1ximo o efeito do marketing<\/p>\n\t<div id=\"text-4281735105\" class=\"text\">\n\t\t\n\n<h3 class=\"uppercase\"><strong>Expositores personalizados<\/strong><\/h3>\n<p>Procure-nos para melhorar a implementa\u00e7\u00e3o do plano de exibi\u00e7\u00e3o para voc\u00ea<\/p>\n\t\t\n<style>\n#text-4281735105 {\n  font-size: 0.75rem;\n}\n<\/style>\n\t<\/div>\n\t\n<a href=\"\/pt\/contact-us\/\" class=\"button white is-outline\"  >\n    <span>Entre em contato conosco<\/span>\n  <\/a>\n\n\n\n              <\/div>\n           <\/div>\n                            \n<style>\n#text-box-1720167643 {\n  width: 93%;\n}\n#text-box-1720167643 .text-box-content {\n  font-size: 100%;\n}\n@media (min-width:550px) {\n  #text-box-1720167643 {\n    width: 60%;\n  }\n  #text-box-1720167643 .text-box-content {\n    font-size: 100%;\n  }\n}\n<\/style>\n    <\/div>\n \n\n        <\/div>\n      <\/div>\n\n            \n<style>\n#banner-1469614497 {\n  padding-top: 56.25%;\n}\n#banner-1469614497 .bg.bg-loaded {\n  background-image: url(https:\/\/www.gzhdisplay.com\/wp-content\/uploads\/2024\/05\/OEMODM-1067x800.jpg);\n}\n#banner-1469614497 .overlay {\n  background-color: rgba(0, 0, 0, 0.355);\n}\n<\/style>\n  <\/div>\n\n\n\n  <div class=\"banner has-hover has-parallax\" id=\"banner-1181272699\">\n          <div class=\"banner-inner fill\">\n        <div class=\"banner-bg fill\" data-parallax=\"-10\" data-parallax-container=\".banner\" data-parallax-background>\n            <div class=\"bg fill bg-fill\"><\/div>\n                        <div class=\"overlay\"><\/div>            \n                    <\/div>\n\t\t\n        <div class=\"banner-layers container\">\n            <div class=\"fill banner-link\"><\/div>            \n\n   <div id=\"text-box-420175313\" class=\"text-box banner-layer x50 md-x50 lg-x50 y50 md-y50 lg-y50 res-text\">\n                                <div class=\"text-box-content text dark\">\n              \n              <div class=\"text-inner text-center\">\n                  \n\n<h3 class=\"uppercase\"><strong>Expositor de atacado<\/strong><\/h3>\n<a class=\"button white is-outline\"  >\n    <span>Contato<\/span>\n  <\/a>\n\n\n\n              <\/div>\n           <\/div>\n                            \n<style>\n#text-box-420175313 {\n  width: 60%;\n}\n#text-box-420175313 .text-box-content {\n  font-size: 100%;\n}\n<\/style>\n    <\/div>\n \n\n        <\/div>\n      <\/div>\n\n            \n<style>\n#banner-1181272699 {\n  padding-top: 56.25%;\n}\n#banner-1181272699 .bg.bg-loaded {\n  background-image: url(https:\/\/www.gzhdisplay.com\/wp-content\/uploads\/2024\/05\/OEMODM.png);\n}\n#banner-1181272699 .overlay {\n  background-color: rgba(0,0,0,.5);\n}\n#banner-1181272699 .bg {\n  background-position: 53% 44%;\n}\n<\/style>\n  <\/div>\n\n\n\n     <\/div>\n\n     <div class=\"loading-spin dark large centered\"><\/div>\n\n\t<\/div>","protected":false},"excerpt":{"rendered":"","protected":false},"author":1,"featured_media":0,"parent":0,"menu_order":0,"comment_status":"closed","ping_status":"closed","template":"page-blank.php","meta":{"_monsterinsights_skip_tracking":false,"_monsterinsights_sitenote_active":false,"_monsterinsights_sitenote_note":"","_monsterinsights_sitenote_category":0,"footnotes":""},"aioseo_notices":[],"_links":{"self":[{"href":"https:\/\/www.gzhdisplay.com\/pt\/wp-json\/wp\/v2\/pages\/1070"}],"collection":[{"href":"https:\/\/www.gzhdisplay.com\/pt\/wp-json\/wp\/v2\/pages"}],"about":[{"href":"https:\/\/www.gzhdisplay.com\/pt\/wp-json\/wp\/v2\/types\/page"}],"author":[{"embeddable":true,"href":"https:\/\/www.gzhdisplay.com\/pt\/wp-json\/wp\/v2\/users\/1"}],"replies":[{"embeddable":true,"href":"https:\/\/www.gzhdisplay.com\/pt\/wp-json\/wp\/v2\/comments?post=1070"}],"version-history":[{"count":5,"href":"https:\/\/www.gzhdisplay.com\/pt\/wp-json\/wp\/v2\/pages\/1070\/revisions"}],"predecessor-version":[{"id":1360,"href":"https:\/\/www.gzhdisplay.com\/pt\/wp-json\/wp\/v2\/pages\/1070\/revisions\/1360"}],"wp:attachment":[{"href":"https:\/\/www.gzhdisplay.com\/pt\/wp-json\/wp\/v2\/media?parent=1070"}],"curies":[{"name":"wp","href":"https:\/\/api.w.org\/{rel}","templated":true}]}}