{"id":1001,"date":"2024-04-16T14:21:21","date_gmt":"2024-04-16T14:21:21","guid":{"rendered":"https:\/\/gzhdisplay.com\/product\/16058443242476489111491715\/"},"modified":"2024-07-30T01:27:00","modified_gmt":"2024-07-30T01:27:00","slug":"flooring-tile-display-stand-gzh1891","status":"publish","type":"product","link":"https:\/\/www.gzhdisplay.com\/pt\/produto\/flooring-tile-display-stand-gzh1891\/","title":{"rendered":"GZH-1891 Suporte de exibi\u00e7\u00e3o de ladrilhos para pisos"},"content":{"rendered":"<table style=\"border-collapse: collapse; width: 382.82pt; height: 308px;\" border=\"0\" width=\"638\" cellspacing=\"0\" cellpadding=\"0\">\n<tbody>\n<tr style=\"height: 14.40pt;\">\n<td class=\"et3\" style=\"height: 14px; width: 143.4pt;\" width=\"239\" height=\"24\"><strong>Nome<\/strong><\/td>\n<td class=\"et4\" style=\"width: 239.4pt; height: 14px;\" width=\"399\">Expositor de ladrilhos para pisos<\/td>\n<\/tr>\n<tr style=\"height: 14.40pt;\">\n<td class=\"et3\" style=\"height: 14px; width: 143.4pt;\" width=\"239\" height=\"24\"><strong>Modelo<\/strong><\/td>\n<td class=\"et4\" style=\"width: 239.4pt; height: 14px;\" width=\"399\">GZH-1891<\/td>\n<\/tr>\n<tr style=\"height: 14.40pt;\">\n<td class=\"et3\" style=\"height: 14px; width: 143.4pt;\" width=\"239\" height=\"24\"><strong>Cor<\/strong><\/td>\n<td class=\"et4\" style=\"width: 239.4pt; height: 14px;\" width=\"399\">Preto (a cor pode ser personalizada)<\/td>\n<\/tr>\n<tr style=\"height: 28.80pt;\">\n<td class=\"et3\" style=\"height: 28px; width: 143.4pt;\" width=\"239\" height=\"48\"><strong>Tamanho<\/strong><\/td>\n<td class=\"et4\" style=\"width: 239.4pt; height: 28px;\" width=\"399\">400*400*1550mm (servi\u00e7o personalizado dispon\u00edvel)<\/td>\n<\/tr>\n<tr style=\"height: 14.40pt;\">\n<td class=\"et3\" style=\"height: 14px; width: 143.4pt;\" width=\"239\" height=\"24\"><strong>Material<\/strong><\/td>\n<td class=\"et4\" style=\"width: 239.4pt; height: 14px;\" width=\"399\">Ferro met\u00e1lico<\/td>\n<\/tr>\n<tr style=\"height: 14.40pt;\">\n<td class=\"et3\" style=\"height: 14px; width: 143.4pt;\" width=\"239\" height=\"24\"><strong>Tempo de prova<\/strong><\/td>\n<td class=\"et4\" style=\"width: 239.4pt; height: 14px;\" width=\"399\">3 a 7 dias (dependendo da complexidade do produto)<\/td>\n<\/tr>\n<tr style=\"height: 28.80pt;\">\n<td class=\"et3\" style=\"height: 28px; width: 143.4pt;\" width=\"239\" height=\"48\"><strong>Tempo de produ\u00e7\u00e3o<\/strong><\/td>\n<td class=\"et4\" style=\"width: 239.4pt; height: 28px;\" width=\"399\">15 a 30 dias (dependendo da complexidade do produto)<\/td>\n<\/tr>\n<tr style=\"height: 28.80pt;\">\n<td class=\"et3\" style=\"height: 28px; width: 143.4pt;\" width=\"239\" height=\"48\"><\/td>\n<td class=\"et4\" style=\"width: 239.4pt; height: 28px;\" width=\"399\"><\/td>\n<\/tr>\n<tr style=\"height: 14.40pt;\">\n<td class=\"et3\" style=\"height: 14px; width: 143.4pt;\" width=\"239\" height=\"24\"><strong>Condi\u00e7\u00f5es de entrega<\/strong><\/td>\n<td class=\"et4\" style=\"width: 239.4pt; height: 14px;\" width=\"399\">Pre\u00e7o FOB<\/td>\n<\/tr>\n<tr style=\"height: 28.80pt;\">\n<td class=\"et3\" style=\"height: 28px; width: 143.4pt;\" width=\"239\" height=\"48\"><strong>Condi\u00e7\u00f5es de pagamento<\/strong><\/td>\n<td class=\"et4\" style=\"width: 239.4pt; height: 28px;\" width=\"399\">T\/T: dep\u00f3sito de 30% + saldo de 70% antes do envio<\/td>\n<\/tr>\n<tr style=\"height: 84.00pt;\">\n<td class=\"et3\" style=\"height: 84px; width: 143.4pt;\" width=\"239\" height=\"140\"><strong>Envolvimento<\/strong><\/td>\n<td class=\"et4\" style=\"width: 239.4pt; height: 84px;\" width=\"399\">1. Embalagem de espuma<br \/>\n2. Espuma anti-queda<br \/>\n3. Prote\u00e7\u00e3o de canto ao redor do plugue<br \/>\n4. Embalagem cartonada<br \/>\n5. Remessa de tiras de madeira com pregos externos (opcional)<\/td>\n<\/tr>\n<tr style=\"height: 28.80pt;\">\n<td class=\"et3\" style=\"height: 28px; width: 143.4pt;\" width=\"239\" height=\"48\"><strong>Cen\u00e1rios aplic\u00e1veis do produto<\/strong><\/td>\n<td class=\"et4\" style=\"width: 239.4pt; height: 28px;\" width=\"399\">Empresas de m\u00f3veis e materiais de constru\u00e7\u00e3o, lojas de azulejos, lojas de pisos de madeira<\/td>\n<\/tr>\n<\/tbody>\n<\/table>","protected":false},"excerpt":{"rendered":"<p>O suporte de exibi\u00e7\u00e3o de ladrilhos para pisos \u00e9 uma ferramenta essencial para apresentar seus ladrilhos da melhor maneira poss\u00edvel. Fabricados com precis\u00e3o, nossos suportes aumentam o apelo visual de suas ofertas de ladrilhos.<\/p>","protected":false},"featured_media":676,"template":"","meta":{"_monsterinsights_skip_tracking":false,"_monsterinsights_sitenote_active":false,"_monsterinsights_sitenote_note":"","_monsterinsights_sitenote_category":0},"product_cat":[26,105,98,104],"product_tag":[50,25],"aioseo_notices":[],"_links":{"self":[{"href":"https:\/\/www.gzhdisplay.com\/pt\/wp-json\/wp\/v2\/product\/1001"}],"collection":[{"href":"https:\/\/www.gzhdisplay.com\/pt\/wp-json\/wp\/v2\/product"}],"about":[{"href":"https:\/\/www.gzhdisplay.com\/pt\/wp-json\/wp\/v2\/types\/product"}],"wp:featuredmedia":[{"embeddable":true,"href":"https:\/\/www.gzhdisplay.com\/pt\/wp-json\/wp\/v2\/media\/676"}],"wp:attachment":[{"href":"https:\/\/www.gzhdisplay.com\/pt\/wp-json\/wp\/v2\/media?parent=1001"}],"wp:term":[{"taxonomy":"product_cat","embeddable":true,"href":"https:\/\/www.gzhdisplay.com\/pt\/wp-json\/wp\/v2\/product_cat?post=1001"},{"taxonomy":"product_tag","embeddable":true,"href":"https:\/\/www.gzhdisplay.com\/pt\/wp-json\/wp\/v2\/product_tag?post=1001"}],"curies":[{"name":"wp","href":"https:\/\/api.w.org\/{rel}","templated":true}]}}