{"id":1005,"date":"2024-04-16T14:21:21","date_gmt":"2024-04-16T14:21:21","guid":{"rendered":"https:\/\/gzhdisplay.com\/product\/16058442792585040215591715\/"},"modified":"2024-07-29T05:51:24","modified_gmt":"2024-07-29T05:51:24","slug":"hardware-tool-stand-gzh262","status":"publish","type":"product","link":"https:\/\/www.gzhdisplay.com\/pt\/produto\/hardware-tool-stand-gzh262\/","title":{"rendered":"GZH-262 Suporte de ferramentas de hardware (placa traseira, placa de ranhura)"},"content":{"rendered":"<table style=\"border-collapse: collapse; width: 420.02pt; height: 251px;\" border=\"0\" width=\"700\" cellspacing=\"0\" cellpadding=\"0\">\n<tbody>\n<tr style=\"height: 14.40pt;\">\n<td class=\"et2\" style=\"height: 13px; width: 143.4pt;\" width=\"239\" height=\"24\"><\/td>\n<td class=\"et3\" style=\"width: 276.6pt; height: 13px;\" width=\"461\">Suporte de ferramentas de hardware (placa traseira, placa de ranhura)<\/td>\n<\/tr>\n<tr style=\"height: 14.40pt;\">\n<td class=\"et2\" style=\"height: 14px; width: 143.4pt;\" width=\"239\" height=\"24\"><strong>Modelo<\/strong><\/td>\n<td class=\"et3\" style=\"height: 14px;\">GZH-262<\/td>\n<\/tr>\n<tr style=\"height: 14.40pt;\">\n<td class=\"et2\" style=\"height: 14px; width: 143.4pt;\" width=\"239\" height=\"24\"><strong>Cor<\/strong><\/td>\n<td class=\"et3\" style=\"height: 14px;\">Amarelo (a cor pode ser personalizada)<\/td>\n<\/tr>\n<tr style=\"height: 14.40pt;\">\n<td class=\"et2\" style=\"height: 14px; width: 143.4pt;\" width=\"239\" height=\"24\"><strong>Tamanho<\/strong><\/td>\n<td class=\"et3\" style=\"height: 14px;\">900*450*2200mm (servi\u00e7o personalizado dispon\u00edvel)<\/td>\n<\/tr>\n<tr style=\"height: 14.40pt;\">\n<td class=\"et2\" style=\"height: 14px; width: 143.4pt;\" width=\"239\" height=\"24\"><strong>Material<\/strong><\/td>\n<td class=\"et3\" style=\"height: 14px;\">Ferro met\u00e1lico<\/td>\n<\/tr>\n<tr style=\"height: 14.40pt;\">\n<td class=\"et2\" style=\"height: 14px; width: 143.4pt;\" width=\"239\" height=\"24\"><strong>Tempo de prova<\/strong><\/td>\n<td class=\"et3\" style=\"height: 14px;\">3 a 7 dias (dependendo da complexidade do produto)<\/td>\n<\/tr>\n<tr style=\"height: 14.40pt;\">\n<td class=\"et2\" style=\"height: 14px; width: 143.4pt;\" width=\"239\" height=\"24\"><strong>Tempo de produ\u00e7\u00e3o<\/strong><\/td>\n<td class=\"et3\" style=\"height: 14px;\">15 a 30 dias (dependendo da complexidade do produto)<\/td>\n<\/tr>\n<tr style=\"height: 14.40pt;\">\n<td class=\"et2\" style=\"height: 14px; width: 143.4pt;\" width=\"239\" height=\"24\"><strong>Pre\u00e7o<\/strong><\/td>\n<td class=\"et3\" style=\"height: 14px;\">Dependendo do tamanho e da quantidade, solicite informa\u00e7\u00f5es<\/td>\n<\/tr>\n<tr style=\"height: 14.40pt;\">\n<td class=\"et2\" style=\"height: 14px; width: 143.4pt;\" width=\"239\" height=\"24\"><strong>Condi\u00e7\u00f5es de entrega<\/strong><\/td>\n<td class=\"et3\" style=\"height: 14px;\">Fora da f\u00e1brica, FOB<\/td>\n<\/tr>\n<tr style=\"height: 14.40pt;\">\n<td class=\"et2\" style=\"height: 14px; width: 143.4pt;\" width=\"239\" height=\"24\"><strong>Condi\u00e7\u00f5es de pagamento<\/strong><\/td>\n<td class=\"et3\" style=\"height: 14px;\">T\/T: dep\u00f3sito de 30% + saldo de 70% antes do envio<\/td>\n<\/tr>\n<tr style=\"height: 84.00pt;\">\n<td class=\"et2\" style=\"height: 84px; width: 143.4pt;\" width=\"239\" height=\"140\"><strong>Envolvimento<\/strong><\/td>\n<td class=\"et4\" style=\"width: 276.6pt; height: 84px;\" width=\"461\">1. Embalagem de espuma<br \/>\n2. Espuma anti-queda<br \/>\n3. Prote\u00e7\u00e3o de canto ao redor do plugue<br \/>\n4. Embalagem cartonada<br \/>\n5. Remessa de tiras de madeira com pregos externos (opcional)<\/td>\n<\/tr>\n<tr style=\"height: 28.80pt;\">\n<td class=\"et2\" style=\"height: 28px; width: 143.4pt;\" width=\"239\" height=\"48\"><strong>Cen\u00e1rios aplic\u00e1veis do produto<\/strong><\/td>\n<td class=\"et3\" style=\"height: 28px;\">Expositor de produtos da loja de ferramentas de hardware<\/td>\n<\/tr>\n<\/tbody>\n<\/table>","protected":false},"excerpt":{"rendered":"<p>O suporte para ferramentas de hardware \u00e9 uma solu\u00e7\u00e3o de armazenamento essencial para organizar e acessar v\u00e1rias ferramentas. Ele foi projetado especificamente para manter suas ferramentas de hardware organizadas de forma organizada e de f\u00e1cil acesso.<\/p>","protected":false},"featured_media":680,"template":"","meta":{"_monsterinsights_skip_tracking":false,"_monsterinsights_sitenote_active":false,"_monsterinsights_sitenote_note":"","_monsterinsights_sitenote_category":0},"product_cat":[21,101,96,100],"product_tag":[20],"aioseo_notices":[],"_links":{"self":[{"href":"https:\/\/www.gzhdisplay.com\/pt\/wp-json\/wp\/v2\/product\/1005"}],"collection":[{"href":"https:\/\/www.gzhdisplay.com\/pt\/wp-json\/wp\/v2\/product"}],"about":[{"href":"https:\/\/www.gzhdisplay.com\/pt\/wp-json\/wp\/v2\/types\/product"}],"wp:featuredmedia":[{"embeddable":true,"href":"https:\/\/www.gzhdisplay.com\/pt\/wp-json\/wp\/v2\/media\/680"}],"wp:attachment":[{"href":"https:\/\/www.gzhdisplay.com\/pt\/wp-json\/wp\/v2\/media?parent=1005"}],"wp:term":[{"taxonomy":"product_cat","embeddable":true,"href":"https:\/\/www.gzhdisplay.com\/pt\/wp-json\/wp\/v2\/product_cat?post=1005"},{"taxonomy":"product_tag","embeddable":true,"href":"https:\/\/www.gzhdisplay.com\/pt\/wp-json\/wp\/v2\/product_tag?post=1005"}],"curies":[{"name":"wp","href":"https:\/\/api.w.org\/{rel}","templated":true}]}}