{"id":1007,"date":"2024-04-16T14:21:21","date_gmt":"2024-04-16T14:21:21","guid":{"rendered":"https:\/\/gzhdisplay.com\/product\/16058442755221341492171715\/"},"modified":"2024-09-03T02:31:21","modified_gmt":"2024-09-03T02:31:21","slug":"storage-rack-with-pulleys-gzh5a1","status":"publish","type":"product","link":"https:\/\/www.gzhdisplay.com\/pt\/produto\/storage-rack-with-pulleys-gzh5a1\/","title":{"rendered":"GZH-5A-1 Rack de armazenamento com polias"},"content":{"rendered":"<p>Rack de armazenamento com polias<\/p>\n<table style=\"border-collapse: collapse; width: 423.62pt; height: 266px;\" border=\"0\" width=\"706\" cellspacing=\"0\" cellpadding=\"0\">\n<tbody>\n<tr style=\"height: 14.40pt;\">\n<td class=\"et2\" style=\"height: 14px; width: 143.4pt;\" width=\"239\" height=\"24\"><strong>Nome<\/strong><\/td>\n<td class=\"et3\" style=\"width: 280.2pt; height: 14px;\" width=\"467\">Rack de armazenamento com polias<\/td>\n<\/tr>\n<tr style=\"height: 14.40pt;\">\n<td class=\"et2\" style=\"height: 14px; width: 143.4pt;\" width=\"239\" height=\"24\"><strong>Modelo<\/strong><\/td>\n<td class=\"et3\" style=\"height: 14px;\">GZH-5A-1<\/td>\n<\/tr>\n<tr style=\"height: 14.40pt;\">\n<td class=\"et2\" style=\"height: 14px; width: 143.4pt;\" width=\"239\" height=\"24\"><strong>Capacidade de carga<\/strong><\/td>\n<td class=\"et3\" style=\"height: 14px;\">500 kg\/camada<\/td>\n<\/tr>\n<tr style=\"height: 14.40pt;\">\n<td class=\"et2\" style=\"height: 14px; width: 143.4pt;\" width=\"239\" height=\"24\"><strong>Cor<\/strong><\/td>\n<td class=\"et3\" style=\"height: 14px;\">azul<\/td>\n<\/tr>\n<tr style=\"height: 14.40pt;\">\n<td class=\"et2\" style=\"height: 14px; width: 143.4pt;\" width=\"239\" height=\"24\"><strong>Tamanho<\/strong><\/td>\n<td class=\"et3\" style=\"height: 14px;\">Servi\u00e7os personalizados est\u00e3o dispon\u00edveis<\/td>\n<\/tr>\n<tr style=\"height: 14.40pt;\">\n<td class=\"et2\" style=\"height: 14px; width: 143.4pt;\" width=\"239\" height=\"24\"><strong>Material<\/strong><\/td>\n<td class=\"et3\" style=\"height: 14px;\">Ferro met\u00e1lico<\/td>\n<\/tr>\n<tr style=\"height: 14.40pt;\">\n<td class=\"et2\" style=\"height: 14px; width: 143.4pt;\" width=\"239\" height=\"24\"><strong>Tempo de prova<\/strong><\/td>\n<td class=\"et3\" style=\"height: 14px;\">3 a 7 dias (dependendo da complexidade do produto)<\/td>\n<\/tr>\n<tr style=\"height: 14.40pt;\">\n<td class=\"et2\" style=\"height: 14px; width: 143.4pt;\" width=\"239\" height=\"24\"><strong>Tempo de produ\u00e7\u00e3o<\/strong><\/td>\n<td class=\"et3\" style=\"height: 14px;\">15 a 30 dias (dependendo da complexidade do produto)<\/td>\n<\/tr>\n<tr style=\"height: 14.40pt;\">\n<td class=\"et2\" style=\"height: 14px; width: 143.4pt;\" width=\"239\" height=\"24\"><strong>Pre\u00e7o<\/strong><\/td>\n<td class=\"et3\" style=\"height: 14px;\">Dependendo do tamanho e da quantidade, solicite informa\u00e7\u00f5es<\/td>\n<\/tr>\n<tr style=\"height: 14.40pt;\">\n<td class=\"et2\" style=\"height: 14px; width: 143.4pt;\" width=\"239\" height=\"24\"><strong>Condi\u00e7\u00f5es de entrega<\/strong><\/td>\n<td class=\"et3\" style=\"height: 14px;\">Fora da f\u00e1brica, FOB<\/td>\n<\/tr>\n<tr style=\"height: 14.40pt;\">\n<td class=\"et2\" style=\"height: 14px; width: 143.4pt;\" width=\"239\" height=\"24\"><strong>Condi\u00e7\u00f5es de pagamento<\/strong><\/td>\n<td class=\"et3\" style=\"height: 14px;\">T\/T: dep\u00f3sito de 30% + saldo de 70% antes do envio<\/td>\n<\/tr>\n<tr style=\"height: 84.00pt;\">\n<td class=\"et2\" style=\"height: 84px; width: 143.4pt;\" width=\"239\" height=\"140\"><strong>Envolvimento<\/strong><\/td>\n<td class=\"et4\" style=\"width: 280.2pt; height: 84px;\" width=\"467\">1. Embalagem de espuma<br \/>\n2. Espuma anti-queda<br \/>\n3. Prote\u00e7\u00e3o de canto ao redor do plugue<br \/>\n4. Embalagem cartonada<br \/>\n5. Remessa de tiras de madeira com pregos externos (opcional)<\/td>\n<\/tr>\n<tr style=\"height: 28.80pt;\">\n<td class=\"et2\" style=\"height: 28px; width: 143.4pt;\" width=\"239\" height=\"48\"><strong>Cen\u00e1rios aplic\u00e1veis do produto<\/strong><\/td>\n<td class=\"et3\" style=\"height: 28px;\">Armaz\u00e9ns, salas de utilidades, lojas<\/td>\n<\/tr>\n<\/tbody>\n<\/table>","protected":false},"excerpt":{"rendered":"<p>Invista em um rack de armazenamento de alta qualidade com polias e aproveite a conveni\u00eancia da organiza\u00e7\u00e3o e da mobilidade sem esfor\u00e7o. Diga adeus \u00e0 bagun\u00e7a e ol\u00e1 para uma vida mais organizada.<\/p>","protected":false},"featured_media":681,"template":"","meta":{"_monsterinsights_skip_tracking":false,"_monsterinsights_sitenote_active":false,"_monsterinsights_sitenote_note":"","_monsterinsights_sitenote_category":0},"product_cat":[47,97,102,103],"product_tag":[46],"aioseo_notices":[],"_links":{"self":[{"href":"https:\/\/www.gzhdisplay.com\/pt\/wp-json\/wp\/v2\/product\/1007"}],"collection":[{"href":"https:\/\/www.gzhdisplay.com\/pt\/wp-json\/wp\/v2\/product"}],"about":[{"href":"https:\/\/www.gzhdisplay.com\/pt\/wp-json\/wp\/v2\/types\/product"}],"wp:featuredmedia":[{"embeddable":true,"href":"https:\/\/www.gzhdisplay.com\/pt\/wp-json\/wp\/v2\/media\/681"}],"wp:attachment":[{"href":"https:\/\/www.gzhdisplay.com\/pt\/wp-json\/wp\/v2\/media?parent=1007"}],"wp:term":[{"taxonomy":"product_cat","embeddable":true,"href":"https:\/\/www.gzhdisplay.com\/pt\/wp-json\/wp\/v2\/product_cat?post=1007"},{"taxonomy":"product_tag","embeddable":true,"href":"https:\/\/www.gzhdisplay.com\/pt\/wp-json\/wp\/v2\/product_tag?post=1007"}],"curies":[{"name":"wp","href":"https:\/\/api.w.org\/{rel}","templated":true}]}}