{"id":1011,"date":"2024-04-16T14:21:22","date_gmt":"2024-04-16T14:21:22","guid":{"rendered":"https:\/\/gzhdisplay.com\/product\/16058442476915849238241715\/"},"modified":"2024-07-20T02:02:04","modified_gmt":"2024-07-20T02:02:04","slug":"warehouseshelves500kg","status":"publish","type":"product","link":"https:\/\/www.gzhdisplay.com\/pt\/produto\/warehouseshelves500kg\/","title":{"rendered":"GZH-5B Prateleiras de armaz\u00e9m \uff08250-500kg\uff09"},"content":{"rendered":"<p>Prateleira do armaz\u00e9m: tamanho regular 2000mm*600mm*2000mm.<\/p>\n<p>A espessura do material \u00e9 determinada de acordo com a capacidade de carga<\/p>\n<p>A cor pode ser personalizada<br \/>\nO n\u00famero de camadas pode ser personalizado<\/p>\n<p>Voc\u00ea pode entrar em contato para obter uma cota\u00e7\u00e3o (forne\u00e7a o tamanho, a quantidade, a capacidade de carga, quantas camadas e a cor para fazer a cota\u00e7\u00e3o). -FOB Guangzhou Pre\u00e7o\uff08USD\uff09<\/p>","protected":false},"excerpt":{"rendered":"<p>Prateleiras para armaz\u00e9ns - 250 kg por camada, 4 camadas. Coloque-a em um dep\u00f3sito ou loja com prateleiras de diferentes tamanhos e cargas (500 kg, 800 kg, 1000 kg).<\/p>\n<p>As prateleiras atuam no dep\u00f3sito de armazenamento, tornando-o limpo e padronizado. O sistema de dep\u00f3sito de diferentes f\u00e1bricas pode ser projetado e personalizado, bem como v\u00e1rios s\u00f3t\u00e3os, pilhas e outros suprimentos de armazenamento.<\/p>","protected":false},"featured_media":684,"template":"","meta":{"_monsterinsights_skip_tracking":false,"_monsterinsights_sitenote_active":false,"_monsterinsights_sitenote_note":"","_monsterinsights_sitenote_category":0},"product_cat":[47,102,103],"product_tag":[46],"aioseo_notices":[],"_links":{"self":[{"href":"https:\/\/www.gzhdisplay.com\/pt\/wp-json\/wp\/v2\/product\/1011"}],"collection":[{"href":"https:\/\/www.gzhdisplay.com\/pt\/wp-json\/wp\/v2\/product"}],"about":[{"href":"https:\/\/www.gzhdisplay.com\/pt\/wp-json\/wp\/v2\/types\/product"}],"wp:featuredmedia":[{"embeddable":true,"href":"https:\/\/www.gzhdisplay.com\/pt\/wp-json\/wp\/v2\/media\/684"}],"wp:attachment":[{"href":"https:\/\/www.gzhdisplay.com\/pt\/wp-json\/wp\/v2\/media?parent=1011"}],"wp:term":[{"taxonomy":"product_cat","embeddable":true,"href":"https:\/\/www.gzhdisplay.com\/pt\/wp-json\/wp\/v2\/product_cat?post=1011"},{"taxonomy":"product_tag","embeddable":true,"href":"https:\/\/www.gzhdisplay.com\/pt\/wp-json\/wp\/v2\/product_tag?post=1011"}],"curies":[{"name":"wp","href":"https:\/\/api.w.org\/{rel}","templated":true}]}}