{"id":1015,"date":"2024-04-16T14:21:22","date_gmt":"2024-04-16T14:21:22","guid":{"rendered":"https:\/\/gzhdisplay.com\/product\/16058431525877344331231715\/"},"modified":"2024-07-22T01:09:17","modified_gmt":"2024-07-22T01:09:17","slug":"four-sided-rotating-display-stand-gzh455","status":"publish","type":"product","link":"https:\/\/www.gzhdisplay.com\/pt\/produto\/four-sided-rotating-display-stand-gzh455\/","title":{"rendered":"GZH-445 Suporte de exibi\u00e7\u00e3o girat\u00f3rio de quatro lados (m\u00f3vel com polias)"},"content":{"rendered":"<table style=\"border-collapse: collapse; width: 417.02pt;\" border=\"0\" width=\"695\" cellspacing=\"0\" cellpadding=\"0\">\n<tbody>\n<tr style=\"height: 14.40pt;\">\n<td class=\"et2\" style=\"height: 14.40pt; width: 143.40pt;\" width=\"239\" height=\"24\"><\/td>\n<td class=\"et3\" style=\"width: 273.60pt;\" width=\"456\">Estrutura girat\u00f3ria de quatro lados (m\u00f3vel com polias)<\/td>\n<\/tr>\n<tr style=\"height: 14.40pt;\">\n<td class=\"et2\" style=\"height: 14.40pt; width: 143.40pt;\" width=\"239\" height=\"24\"><strong>Modelo<\/strong><\/td>\n<td class=\"et3\">GZH-445<\/td>\n<\/tr>\n<tr style=\"height: 14.40pt;\">\n<td class=\"et2\" style=\"height: 14.40pt; width: 143.40pt;\" width=\"239\" height=\"24\"><strong>Cor<\/strong><\/td>\n<td class=\"et3\">Preto e branco (cores personalizadas dispon\u00edveis)<\/td>\n<\/tr>\n<tr style=\"height: 14.40pt;\">\n<td class=\"et2\" style=\"height: 14.40pt; width: 143.40pt;\" width=\"239\" height=\"24\"><strong>Tamanho<\/strong><\/td>\n<td class=\"et3\">350*350*1800mm (servi\u00e7o personalizado dispon\u00edvel)<\/td>\n<\/tr>\n<tr style=\"height: 14.40pt;\">\n<td class=\"et2\" style=\"height: 14.40pt; width: 143.40pt;\" width=\"239\" height=\"24\"><strong>Material<\/strong><\/td>\n<td class=\"et3\">Ferro met\u00e1lico<\/td>\n<\/tr>\n<tr style=\"height: 14.40pt;\">\n<td class=\"et2\" style=\"height: 14.40pt; width: 143.40pt;\" width=\"239\" height=\"24\"><strong>Tempo de prova<\/strong><\/td>\n<td class=\"et3\">3 a 7 dias (dependendo da complexidade do produto)<\/td>\n<\/tr>\n<tr style=\"height: 14.40pt;\">\n<td class=\"et2\" style=\"height: 14.40pt; width: 143.40pt;\" width=\"239\" height=\"24\"><strong>Tempo de produ\u00e7\u00e3o<\/strong><\/td>\n<td class=\"et3\">15 a 30 dias (dependendo da complexidade do produto)<\/td>\n<\/tr>\n<tr style=\"height: 14.40pt;\">\n<td class=\"et2\" style=\"height: 14.40pt; width: 143.40pt;\" width=\"239\" height=\"24\"><strong>Pre\u00e7o<\/strong><\/td>\n<td class=\"et3\">Dependendo do tamanho e da quantidade, solicite informa\u00e7\u00f5es<\/td>\n<\/tr>\n<tr style=\"height: 14.40pt;\">\n<td class=\"et2\" style=\"height: 14.40pt; width: 143.40pt;\" width=\"239\" height=\"24\"><strong>Condi\u00e7\u00f5es de entrega<\/strong><\/td>\n<td class=\"et3\">Fora da f\u00e1brica, FOB<\/td>\n<\/tr>\n<tr style=\"height: 14.40pt;\">\n<td class=\"et2\" style=\"height: 14.40pt; width: 143.40pt;\" width=\"239\" height=\"24\"><strong>Condi\u00e7\u00f5es de pagamento<\/strong><\/td>\n<td class=\"et3\">T\/T: dep\u00f3sito de 30% + saldo de 70% antes do envio<\/td>\n<\/tr>\n<tr style=\"height: 84.00pt;\">\n<td class=\"et2\" style=\"height: 84.00pt; width: 143.40pt;\" width=\"239\" height=\"140\"><strong>Envolvimento<\/strong><\/td>\n<td class=\"et4\" style=\"width: 273.60pt;\" width=\"456\">1. Embalagem de espuma<br \/>\n2. Espuma anti-queda<br \/>\n3. Prote\u00e7\u00e3o de canto ao redor do plugue<br \/>\n4. Embalagem cartonada<br \/>\n5. Remessa de tiras de madeira com pregos externos (opcional)<\/td>\n<\/tr>\n<tr style=\"height: 28.80pt;\">\n<td class=\"et2\" style=\"height: 28.80pt; width: 143.40pt;\" width=\"239\" height=\"48\"><strong>Cen\u00e1rios aplic\u00e1veis do produto<\/strong><\/td>\n<td class=\"et3\">Lojas de varejo, pequenas prateleiras de armazenamento pendentes<\/td>\n<\/tr>\n<\/tbody>\n<\/table>","protected":false},"excerpt":{"rendered":"<p>O expositor girat\u00f3rio de quatro lados maximiza o uso do espa\u00e7o. Por ter quatro lados, ele pode exibir um n\u00famero maior de itens em uma \u00e1rea relativamente pequena, o que o torna ideal para lojas com espa\u00e7o limitado. Em uma loja de varejo, ele permite que os espectadores acessem e observem os produtos de v\u00e1rios \u00e2ngulos sem precisar se movimentar, aumentando as chances de chamar a aten\u00e7\u00e3o.<\/p>","protected":false},"featured_media":686,"template":"","meta":{"_monsterinsights_skip_tracking":false,"_monsterinsights_sitenote_active":false,"_monsterinsights_sitenote_note":"","_monsterinsights_sitenote_category":0},"product_cat":[45,116,117],"product_tag":[44],"aioseo_notices":[],"_links":{"self":[{"href":"https:\/\/www.gzhdisplay.com\/pt\/wp-json\/wp\/v2\/product\/1015"}],"collection":[{"href":"https:\/\/www.gzhdisplay.com\/pt\/wp-json\/wp\/v2\/product"}],"about":[{"href":"https:\/\/www.gzhdisplay.com\/pt\/wp-json\/wp\/v2\/types\/product"}],"wp:featuredmedia":[{"embeddable":true,"href":"https:\/\/www.gzhdisplay.com\/pt\/wp-json\/wp\/v2\/media\/686"}],"wp:attachment":[{"href":"https:\/\/www.gzhdisplay.com\/pt\/wp-json\/wp\/v2\/media?parent=1015"}],"wp:term":[{"taxonomy":"product_cat","embeddable":true,"href":"https:\/\/www.gzhdisplay.com\/pt\/wp-json\/wp\/v2\/product_cat?post=1015"},{"taxonomy":"product_tag","embeddable":true,"href":"https:\/\/www.gzhdisplay.com\/pt\/wp-json\/wp\/v2\/product_tag?post=1015"}],"curies":[{"name":"wp","href":"https:\/\/api.w.org\/{rel}","templated":true}]}}