{"id":1029,"date":"2024-04-16T14:21:23","date_gmt":"2024-04-16T14:21:23","guid":{"rendered":"https:\/\/gzhdisplay.com\/product\/16058431264503754216081715\/"},"modified":"2024-07-24T01:39:32","modified_gmt":"2024-07-24T01:39:32","slug":"a-frame-poster-display-rack-gzh1702","status":"publish","type":"product","link":"https:\/\/www.gzhdisplay.com\/pt\/produto\/a-frame-poster-display-rack-gzh1702\/","title":{"rendered":"GZH-1702 Expositor de p\u00f4steres com estrutura em A"},"content":{"rendered":"<table style=\"border-collapse: collapse; width: 424.23pt;\" border=\"0\" width=\"707\" cellspacing=\"0\" cellpadding=\"0\">\n<tbody>\n<tr style=\"height: 14.40pt;\">\n<td class=\"et2\" style=\"height: 14.40pt; width: 143.40pt;\" width=\"239\" height=\"24\"><\/td>\n<td class=\"et3\" style=\"width: 280.80pt;\" width=\"468\">Expositor de p\u00f4steres com moldura em A<\/td>\n<\/tr>\n<tr style=\"height: 14.40pt;\">\n<td class=\"et2\" style=\"height: 14.40pt; width: 143.40pt;\" width=\"239\" height=\"24\"><strong>Modelo<\/strong><\/td>\n<td class=\"et3\" style=\"width: 280.80pt;\" width=\"468\">GZH-1702<\/td>\n<\/tr>\n<tr style=\"height: 14.40pt;\">\n<td class=\"et2\" style=\"height: 14.40pt; width: 143.40pt;\" width=\"239\" height=\"24\"><strong>Cor<\/strong><\/td>\n<td class=\"et3\" style=\"width: 280.80pt;\" width=\"468\">Preto (a cor pode ser personalizada)<\/td>\n<\/tr>\n<tr style=\"height: 14.40pt;\">\n<td class=\"et2\" style=\"height: 14.40pt; width: 143.40pt;\" width=\"239\" height=\"24\"><strong>Tamanho<\/strong><\/td>\n<td class=\"et3\" style=\"width: 280.80pt;\" width=\"468\">565*585*940mm (servi\u00e7o personalizado dispon\u00edvel)<\/td>\n<\/tr>\n<tr style=\"height: 14.40pt;\">\n<td class=\"et2\" style=\"height: 14.40pt; width: 143.40pt;\" width=\"239\" height=\"24\"><strong>Material<\/strong><\/td>\n<td class=\"et3\" style=\"width: 280.80pt;\" width=\"468\">Ferro met\u00e1lico<\/td>\n<\/tr>\n<tr style=\"height: 14.40pt;\">\n<td class=\"et2\" style=\"height: 14.40pt; width: 143.40pt;\" width=\"239\" height=\"24\"><strong>Tempo de prova<\/strong><\/td>\n<td class=\"et3\" style=\"width: 280.80pt;\" width=\"468\">3 a 7 dias (dependendo da complexidade do produto)<\/td>\n<\/tr>\n<tr style=\"height: 14.40pt;\">\n<td class=\"et2\" style=\"height: 14.40pt; width: 143.40pt;\" width=\"239\" height=\"24\"><strong>Tempo de produ\u00e7\u00e3o<\/strong><\/td>\n<td class=\"et3\" style=\"width: 280.80pt;\" width=\"468\">15 a 30 dias (dependendo da complexidade do produto)<\/td>\n<\/tr>\n<tr style=\"height: 14.40pt;\">\n<td class=\"et2\" style=\"height: 14.40pt; width: 143.40pt;\" width=\"239\" height=\"24\"><strong>Pre\u00e7o<\/strong><\/td>\n<td class=\"et3\" style=\"width: 280.80pt;\" width=\"468\">Dependendo do tamanho e da quantidade, solicite informa\u00e7\u00f5es<\/td>\n<\/tr>\n<tr style=\"height: 14.40pt;\">\n<td class=\"et2\" style=\"height: 14.40pt; width: 143.40pt;\" width=\"239\" height=\"24\"><strong>Condi\u00e7\u00f5es de entrega<\/strong><\/td>\n<td class=\"et3\" style=\"width: 280.80pt;\" width=\"468\">Fora da f\u00e1brica, FOB<\/td>\n<\/tr>\n<tr style=\"height: 14.40pt;\">\n<td class=\"et2\" style=\"height: 14.40pt; width: 143.40pt;\" width=\"239\" height=\"24\"><strong>Condi\u00e7\u00f5es de pagamento<\/strong><\/td>\n<td class=\"et3\" style=\"width: 280.80pt;\" width=\"468\">T\/T: dep\u00f3sito de 30% + saldo de 70% antes do envio<\/td>\n<\/tr>\n<tr style=\"height: 84.00pt;\">\n<td class=\"et2\" style=\"height: 84.00pt; width: 143.40pt;\" width=\"239\" height=\"140\"><strong>Envolvimento<\/strong><\/td>\n<td class=\"et3\" style=\"width: 280.80pt;\" width=\"468\">1. Embalagem de espuma<br \/>\n2. Espuma anti-queda<br \/>\n3. Prote\u00e7\u00e3o de canto ao redor do plugue<br \/>\n4. Embalagem cartonada<br \/>\n5. Remessa de tiras de madeira com pregos externos (opcional)<\/td>\n<\/tr>\n<tr style=\"height: 43.20pt;\">\n<td class=\"et2\" style=\"height: 43.20pt; width: 143.40pt;\" width=\"239\" height=\"72\"><strong>Cen\u00e1rios aplic\u00e1veis do produto<\/strong><\/td>\n<td class=\"et3\" style=\"width: 280.80pt;\" width=\"468\">Cartazes de lojas de varejo, lojas de alimentos podem ser anunciadas e promover menus, exposi\u00e7\u00f5es, lojas, shopping centers, bancos<\/td>\n<\/tr>\n<\/tbody>\n<\/table>","protected":false},"excerpt":{"rendered":"<p><strong>Expositor de p\u00f4steres com estrutura em A\uff0cEle tem uma estrutura em forma de A e um formato limpo, sendo muito usado em shopping centers, supermercados, exposi\u00e7\u00f5es e outros locais.<br \/>\nPor exemplo, em shopping centers, os p\u00f4steres de promo\u00e7\u00e3o de produtos podem ser exibidos; na exposi\u00e7\u00e3o, ele \u00e9 usado para apresentar os p\u00f4steres relevantes das exposi\u00e7\u00f5es.<\/strong><\/p>","protected":false},"featured_media":701,"template":"","meta":{"_monsterinsights_skip_tracking":false,"_monsterinsights_sitenote_active":false,"_monsterinsights_sitenote_note":"","_monsterinsights_sitenote_category":0},"product_cat":[35,107,108,106],"product_tag":[33,34],"aioseo_notices":[],"_links":{"self":[{"href":"https:\/\/www.gzhdisplay.com\/pt\/wp-json\/wp\/v2\/product\/1029"}],"collection":[{"href":"https:\/\/www.gzhdisplay.com\/pt\/wp-json\/wp\/v2\/product"}],"about":[{"href":"https:\/\/www.gzhdisplay.com\/pt\/wp-json\/wp\/v2\/types\/product"}],"wp:featuredmedia":[{"embeddable":true,"href":"https:\/\/www.gzhdisplay.com\/pt\/wp-json\/wp\/v2\/media\/701"}],"wp:attachment":[{"href":"https:\/\/www.gzhdisplay.com\/pt\/wp-json\/wp\/v2\/media?parent=1029"}],"wp:term":[{"taxonomy":"product_cat","embeddable":true,"href":"https:\/\/www.gzhdisplay.com\/pt\/wp-json\/wp\/v2\/product_cat?post=1029"},{"taxonomy":"product_tag","embeddable":true,"href":"https:\/\/www.gzhdisplay.com\/pt\/wp-json\/wp\/v2\/product_tag?post=1029"}],"curies":[{"name":"wp","href":"https:\/\/api.w.org\/{rel}","templated":true}]}}