{"id":1031,"date":"2024-04-16T14:21:23","date_gmt":"2024-04-16T14:21:23","guid":{"rendered":"https:\/\/gzhdisplay.com\/product\/16058431256364455450821715\/"},"modified":"2024-07-24T01:26:29","modified_gmt":"2024-07-24T01:26:29","slug":"metal-a-framesidewalk-sign-gzh1701","status":"publish","type":"product","link":"https:\/\/www.gzhdisplay.com\/pt\/produto\/metal-a-framesidewalk-sign-gzh1701\/","title":{"rendered":"GZH-1701 Placa de metal A FrameSidewalk"},"content":{"rendered":"<table style=\"border-collapse: collapse; width: 479.43pt; height: 267px;\" border=\"0\" width=\"799\" cellspacing=\"0\" cellpadding=\"0\">\n<tbody>\n<tr style=\"height: 14.40pt;\">\n<td class=\"et2\" style=\"height: 14px; width: 143.4pt;\" width=\"239\" height=\"24\"><\/td>\n<td class=\"et3\" style=\"width: 336pt; height: 14px;\" width=\"560\">Metal A FrameSinal de cal\u00e7ada<\/td>\n<\/tr>\n<tr style=\"height: 14.40pt;\">\n<td class=\"et2\" style=\"height: 14px; width: 143.4pt;\" width=\"239\" height=\"24\"><strong>Modelo<\/strong><\/td>\n<td class=\"et3\" style=\"width: 336pt; height: 14px;\" width=\"560\">GZH-1701<\/td>\n<\/tr>\n<tr style=\"height: 14.40pt;\">\n<td class=\"et2\" style=\"height: 14px; width: 143.4pt;\" width=\"239\" height=\"24\"><strong>Cor<\/strong><\/td>\n<td class=\"et3\" style=\"width: 336pt; height: 14px;\" width=\"560\">Vermelho (a cor pode ser personalizada)<\/td>\n<\/tr>\n<tr style=\"height: 14.40pt;\">\n<td class=\"et2\" style=\"height: 14px; width: 143.4pt;\" width=\"239\" height=\"24\"><strong>Tamanho<\/strong><\/td>\n<td class=\"et3\" style=\"width: 336pt; height: 14px;\" width=\"560\">465*780*1100mm (servi\u00e7o personalizado dispon\u00edvel)<\/td>\n<\/tr>\n<tr style=\"height: 14.40pt;\">\n<td class=\"et2\" style=\"height: 14px; width: 143.4pt;\" width=\"239\" height=\"24\"><strong>Material<\/strong><\/td>\n<td class=\"et3\" style=\"width: 336pt; height: 14px;\" width=\"560\">Ferro met\u00e1lico<\/td>\n<\/tr>\n<tr style=\"height: 14.40pt;\">\n<td class=\"et2\" style=\"height: 14px; width: 143.4pt;\" width=\"239\" height=\"24\"><strong>Tempo de prova<\/strong><\/td>\n<td class=\"et3\" style=\"width: 336pt; height: 14px;\" width=\"560\">3 a 7 dias (dependendo da complexidade do produto)<\/td>\n<\/tr>\n<tr style=\"height: 14.40pt;\">\n<td class=\"et2\" style=\"height: 14px; width: 143.4pt;\" width=\"239\" height=\"24\"><strong>Tempo de produ\u00e7\u00e3o<\/strong><\/td>\n<td class=\"et3\" style=\"width: 336pt; height: 14px;\" width=\"560\">15 a 30 dias (dependendo da complexidade do produto)<\/td>\n<\/tr>\n<tr style=\"height: 14.40pt;\">\n<td class=\"et2\" style=\"height: 14px; width: 143.4pt;\" width=\"239\" height=\"24\"><strong>Pre\u00e7o<\/strong><\/td>\n<td class=\"et3\" style=\"width: 336pt; height: 14px;\" width=\"560\">Dependendo do tamanho e da quantidade, solicite informa\u00e7\u00f5es<\/td>\n<\/tr>\n<tr style=\"height: 14.40pt;\">\n<td class=\"et2\" style=\"height: 14px; width: 143.4pt;\" width=\"239\" height=\"24\"><strong>Condi\u00e7\u00f5es de entrega<\/strong><\/td>\n<td class=\"et3\" style=\"width: 336pt; height: 14px;\" width=\"560\">Fora da f\u00e1brica, FOB<\/td>\n<\/tr>\n<tr style=\"height: 14.40pt;\">\n<td class=\"et2\" style=\"height: 14px; width: 143.4pt;\" width=\"239\" height=\"24\"><strong>Condi\u00e7\u00f5es de pagamento<\/strong><\/td>\n<td class=\"et3\" style=\"width: 336pt; height: 14px;\" width=\"560\">T\/T: dep\u00f3sito de 30% + saldo de 70% antes do envio<\/td>\n<\/tr>\n<tr style=\"height: 84.00pt;\">\n<td class=\"et2\" style=\"height: 84px; width: 143.4pt;\" width=\"239\" height=\"140\"><strong>Envolvimento<\/strong><\/td>\n<td class=\"et3\" style=\"width: 336pt; height: 84px;\" width=\"560\">1. Embalagem de espuma<br \/>\n2. Espuma anti-queda<br \/>\n3. Prote\u00e7\u00e3o de canto ao redor do plugue<br \/>\n4. Embalagem cartonada<br \/>\n5. Remessa de tiras de madeira com pregos externos (opcional)<\/td>\n<\/tr>\n<tr style=\"height: 43.20pt;\">\n<td class=\"et2\" style=\"height: 43px; width: 143.4pt;\" width=\"239\" height=\"72\"><strong>Cen\u00e1rios aplic\u00e1veis do produto<\/strong><\/td>\n<td class=\"et3\" style=\"width: 336pt; height: 43px;\" width=\"560\">Cartazes de lojas de varejo, lojas de alimentos podem ser anunciadas e promover menus, exposi\u00e7\u00f5es, lojas, shopping centers, bancos<\/td>\n<\/tr>\n<\/tbody>\n<\/table>","protected":false},"excerpt":{"rendered":"<p>O Metal A FrameSidewalk Sign \u00e9 uma ferramenta de exibi\u00e7\u00e3o de sinaliza\u00e7\u00e3o que \u00e9 comumente usada em cal\u00e7adas externas.<br \/>\nEle \u00e9 feito de metal resistente e o design com estrutura em A lhe confere boa estabilidade.<br \/>\nMuitas vezes, ele pode ser usado para publicar uma variedade de informa\u00e7\u00f5es, como promo\u00e7\u00f5es de lojas, an\u00fancios de eventos, instru\u00e7\u00f5es, etc.<\/p>","protected":false},"featured_media":702,"template":"","meta":{"_monsterinsights_skip_tracking":false,"_monsterinsights_sitenote_active":false,"_monsterinsights_sitenote_note":"","_monsterinsights_sitenote_category":0},"product_cat":[35,107,108,106],"product_tag":[33,34],"aioseo_notices":[],"_links":{"self":[{"href":"https:\/\/www.gzhdisplay.com\/pt\/wp-json\/wp\/v2\/product\/1031"}],"collection":[{"href":"https:\/\/www.gzhdisplay.com\/pt\/wp-json\/wp\/v2\/product"}],"about":[{"href":"https:\/\/www.gzhdisplay.com\/pt\/wp-json\/wp\/v2\/types\/product"}],"wp:featuredmedia":[{"embeddable":true,"href":"https:\/\/www.gzhdisplay.com\/pt\/wp-json\/wp\/v2\/media\/702"}],"wp:attachment":[{"href":"https:\/\/www.gzhdisplay.com\/pt\/wp-json\/wp\/v2\/media?parent=1031"}],"wp:term":[{"taxonomy":"product_cat","embeddable":true,"href":"https:\/\/www.gzhdisplay.com\/pt\/wp-json\/wp\/v2\/product_cat?post=1031"},{"taxonomy":"product_tag","embeddable":true,"href":"https:\/\/www.gzhdisplay.com\/pt\/wp-json\/wp\/v2\/product_tag?post=1031"}],"curies":[{"name":"wp","href":"https:\/\/api.w.org\/{rel}","templated":true}]}}