{"id":725,"date":"2024-04-16T14:07:51","date_gmt":"2024-04-16T14:07:51","guid":{"rendered":"https:\/\/gzhdisplay.com\/product\/16063516310971560904723315\/"},"modified":"2024-09-03T08:30:20","modified_gmt":"2024-09-03T08:30:20","slug":"fabric-display-rack","status":"publish","type":"product","link":"https:\/\/www.gzhdisplay.com\/pt\/produto\/fabric-display-rack\/","title":{"rendered":"GZH BL01 - rack de exibi\u00e7\u00e3o de tecido - f\u00e1brica por atacado"},"content":{"rendered":"<h1 id=\"title\" class=\"a-size-large a-spacing-none\"><span id=\"productTitle\" class=\"a-size-large product-title-word-break\">Rack de exibi\u00e7\u00e3o ajust\u00e1vel para tecido t\u00eaxtil\/carretel de vinil\/filme de mudan\u00e7a de cor de carro\/toalha de mesa\/embalagem<\/span><\/h1>\n<div id=\"productOverview_feature_div\" class=\"celwidget\" data-feature-name=\"productOverview\" data-csa-c-type=\"widget\" data-csa-c-content-id=\"productOverview\" data-csa-c-slot-id=\"productOverview_feature_div\" data-csa-c-asin=\"B0CHMCRP11\" data-csa-c-is-in-initial-active-row=\"false\" data-csa-c-id=\"m2ofla-gwa8rj-hjv3x4-h8e7p7\" data-cel-widget=\"productOverview_feature_div\">\n<div class=\"a-section a-spacing-small a-spacing-top-small\">\n<table class=\"a-normal a-spacing-micro\">\n<tbody>\n<tr class=\"a-spacing-small po-brand\">\n<td class=\"a-span3\"><span class=\"a-size-base a-text-bold\">Marca<\/span><\/td>\n<td class=\"a-span9\"><span class=\"a-size-base po-break-word\">GZH DSIPLAY\u00a0<\/span><\/td>\n<\/tr>\n<tr class=\"a-spacing-small po-material\">\n<td class=\"a-span3\"><span class=\"a-size-base a-text-bold\">Material<\/span><\/td>\n<td class=\"a-span9\"><span class=\"a-size-base po-break-word\">Ferro<\/span><\/td>\n<\/tr>\n<tr class=\"a-spacing-small po-recommended_uses_for_product\">\n<td class=\"a-span3\"><span class=\"a-size-base a-text-bold\">Usos recomendados para o produto<\/span><\/td>\n<td class=\"a-span9\"><span class=\"a-size-base po-break-word\">Cachecol, cinto, cal\u00e7a, toalha, cobertor, xale, pano de prato, pano de cabe\u00e7a, len\u00e7o de pesco\u00e7o, papel de embrulho<\/span><\/td>\n<\/tr>\n<tr class=\"a-spacing-small po-installation_type\">\n<td class=\"a-span3\"><span class=\"a-size-base a-text-bold\">Tipo de instala\u00e7\u00e3o<\/span><\/td>\n<td class=\"a-span9\"><span class=\"a-size-base po-break-word\">Livre<\/span><\/td>\n<\/tr>\n<tr class=\"a-spacing-small po-special_feature\">\n<td class=\"a-span3\"><span class=\"a-size-base a-text-bold\">Recurso especial<\/span><\/td>\n<td class=\"a-span9\"><span class=\"a-size-base po-break-word\">Ajust\u00e1vel<\/span><\/td>\n<\/tr>\n<\/tbody>\n<\/table>\n<\/div>\n<\/div>\n<div id=\"featurebullets_feature_div\" class=\"celwidget\" data-feature-name=\"featurebullets\" data-csa-c-type=\"widget\" data-csa-c-content-id=\"featurebullets\" data-csa-c-slot-id=\"featurebullets_feature_div\" data-csa-c-asin=\"B0CHMCRP11\" data-csa-c-is-in-initial-active-row=\"false\" data-csa-c-id=\"kmn2xj-z5h4h5-pwbi9a-ds60gr\" data-cel-widget=\"featurebullets_feature_div\">\n<div id=\"feature-bullets\" class=\"a-section a-spacing-medium a-spacing-top-small\"><\/div>\n<\/div>\n<p>O rack de exibi\u00e7\u00e3o de tecido de dupla face \u00e9 usado para exibir racks de tecido de amostra colocados em armaz\u00e9ns ou mercados de tecido para que voc\u00ea possa ver as amostras de tecidos acabados de forma mais intuitiva. Cada camada pode suportar at\u00e9 50 kg, o n\u00famero de camadas pode ser ajustado e diferentes tamanhos podem ser personalizados.<\/p>","protected":false},"excerpt":{"rendered":"<p>Nossos racks n\u00e3o apenas deixam seus tecidos com \u00f3tima apar\u00eancia, mas tamb\u00e9m facilitam a navega\u00e7\u00e3o e a sele\u00e7\u00e3o para os clientes. O design de dupla face oferece visibilidade m\u00e1xima.<\/p>","protected":false},"featured_media":23,"template":"","meta":{"_monsterinsights_skip_tracking":false,"_monsterinsights_sitenote_active":false,"_monsterinsights_sitenote_note":"","_monsterinsights_sitenote_category":0},"product_cat":[15],"product_tag":[16],"aioseo_notices":[],"_links":{"self":[{"href":"https:\/\/www.gzhdisplay.com\/pt\/wp-json\/wp\/v2\/product\/725"}],"collection":[{"href":"https:\/\/www.gzhdisplay.com\/pt\/wp-json\/wp\/v2\/product"}],"about":[{"href":"https:\/\/www.gzhdisplay.com\/pt\/wp-json\/wp\/v2\/types\/product"}],"wp:featuredmedia":[{"embeddable":true,"href":"https:\/\/www.gzhdisplay.com\/pt\/wp-json\/wp\/v2\/media\/23"}],"wp:attachment":[{"href":"https:\/\/www.gzhdisplay.com\/pt\/wp-json\/wp\/v2\/media?parent=725"}],"wp:term":[{"taxonomy":"product_cat","embeddable":true,"href":"https:\/\/www.gzhdisplay.com\/pt\/wp-json\/wp\/v2\/product_cat?post=725"},{"taxonomy":"product_tag","embeddable":true,"href":"https:\/\/www.gzhdisplay.com\/pt\/wp-json\/wp\/v2\/product_tag?post=725"}],"curies":[{"name":"wp","href":"https:\/\/api.w.org\/{rel}","templated":true}]}}