{"id":727,"date":"2024-04-16T14:07:51","date_gmt":"2024-04-16T14:07:51","guid":{"rendered":"https:\/\/gzhdisplay.com\/product\/16063516530018919526503315\/"},"modified":"2024-05-15T08:20:16","modified_gmt":"2024-05-15T08:20:16","slug":"16063516530018919526503315","status":"publish","type":"product","link":"https:\/\/www.gzhdisplay.com\/pt\/produto\/16063516530018919526503315\/","title":{"rendered":"GZH - Expositor de tecido de um lado - BL002"},"content":{"rendered":"<p>O rack de exibi\u00e7\u00e3o de tecido de um lado \u00e9 usado para exibir racks de amostras de tecido colocados em armaz\u00e9ns ou mercados de tecido para que voc\u00ea possa ver as amostras de tecidos acabados de forma mais intuitiva. Cada camada pode suportar at\u00e9 50 kg.\t<\/p>","protected":false},"excerpt":{"rendered":"<p>O rack de exibi\u00e7\u00e3o de tecido de um lado \u00e9 usado para exibir racks de amostras de tecido colocados em armaz\u00e9ns ou mercados de tecido para que voc\u00ea possa ver as amostras de tecidos acabados de forma mais intuitiva. Cada camada pode suportar at\u00e9 50 kg.<\/p>","protected":false},"featured_media":193,"template":"","meta":{"_monsterinsights_skip_tracking":false,"_monsterinsights_sitenote_active":false,"_monsterinsights_sitenote_note":"","_monsterinsights_sitenote_category":0},"product_cat":[15],"product_tag":[16],"aioseo_notices":[],"_links":{"self":[{"href":"https:\/\/www.gzhdisplay.com\/pt\/wp-json\/wp\/v2\/product\/727"}],"collection":[{"href":"https:\/\/www.gzhdisplay.com\/pt\/wp-json\/wp\/v2\/product"}],"about":[{"href":"https:\/\/www.gzhdisplay.com\/pt\/wp-json\/wp\/v2\/types\/product"}],"wp:featuredmedia":[{"embeddable":true,"href":"https:\/\/www.gzhdisplay.com\/pt\/wp-json\/wp\/v2\/media\/193"}],"wp:attachment":[{"href":"https:\/\/www.gzhdisplay.com\/pt\/wp-json\/wp\/v2\/media?parent=727"}],"wp:term":[{"taxonomy":"product_cat","embeddable":true,"href":"https:\/\/www.gzhdisplay.com\/pt\/wp-json\/wp\/v2\/product_cat?post=727"},{"taxonomy":"product_tag","embeddable":true,"href":"https:\/\/www.gzhdisplay.com\/pt\/wp-json\/wp\/v2\/product_tag?post=727"}],"curies":[{"name":"wp","href":"https:\/\/api.w.org\/{rel}","templated":true}]}}