{"id":735,"date":"2024-04-16T14:07:52","date_gmt":"2024-04-16T14:07:52","guid":{"rendered":"https:\/\/gzhdisplay.com\/product\/16063530368218997785093315\/"},"modified":"2024-05-15T08:18:10","modified_gmt":"2024-05-15T08:18:10","slug":"16063530368218997785093315","status":"publish","type":"product","link":"https:\/\/www.gzhdisplay.com\/pt\/produto\/16063530368218997785093315\/","title":{"rendered":"Prateleiras dobr\u00e1veis sem necessidade de instala\u00e7\u00e3o - todas em a\u00e7o"},"content":{"rendered":"<p>As prateleiras e os m\u00f3veis dom\u00e9sticos n\u00e3o precisam ser encaixados e dobrados em a\u00e7o integral. Prontas para uso, sem necessidade de instala\u00e7\u00e3o. Cada camada suporta uma carga de 30 kg. H\u00e1 quatro andares. Tamanhos de cores personalizados est\u00e3o dispon\u00edveis.\t<\/p>","protected":false},"excerpt":{"rendered":"<p>As prateleiras e os m\u00f3veis dom\u00e9sticos n\u00e3o precisam ser encaixados e dobrados em a\u00e7o integral. Prontas para uso, sem necessidade de instala\u00e7\u00e3o. Cada camada suporta uma carga de 30 kg. H\u00e1 quatro andares. Tamanhos de cores personalizados est\u00e3o dispon\u00edveis.<\/p>","protected":false},"featured_media":0,"template":"","meta":{"_monsterinsights_skip_tracking":false,"_monsterinsights_sitenote_active":false,"_monsterinsights_sitenote_note":"","_monsterinsights_sitenote_category":0},"product_cat":[69],"product_tag":[17],"aioseo_notices":[],"_links":{"self":[{"href":"https:\/\/www.gzhdisplay.com\/pt\/wp-json\/wp\/v2\/product\/735"}],"collection":[{"href":"https:\/\/www.gzhdisplay.com\/pt\/wp-json\/wp\/v2\/product"}],"about":[{"href":"https:\/\/www.gzhdisplay.com\/pt\/wp-json\/wp\/v2\/types\/product"}],"wp:attachment":[{"href":"https:\/\/www.gzhdisplay.com\/pt\/wp-json\/wp\/v2\/media?parent=735"}],"wp:term":[{"taxonomy":"product_cat","embeddable":true,"href":"https:\/\/www.gzhdisplay.com\/pt\/wp-json\/wp\/v2\/product_cat?post=735"},{"taxonomy":"product_tag","embeddable":true,"href":"https:\/\/www.gzhdisplay.com\/pt\/wp-json\/wp\/v2\/product_tag?post=735"}],"curies":[{"name":"wp","href":"https:\/\/api.w.org\/{rel}","templated":true}]}}