{"id":899,"date":"2024-04-16T14:21:12","date_gmt":"2024-04-16T14:21:12","guid":{"rendered":"https:\/\/gzhdisplay.com\/product\/16061562749992063565683315\/"},"modified":"2024-05-15T19:59:15","modified_gmt":"2024-05-15T19:59:15","slug":"16061562749992063565683315","status":"publish","type":"product","link":"https:\/\/www.gzhdisplay.com\/pt\/produto\/16061562749992063565683315\/","title":{"rendered":"GZH - Arm\u00e1rio de exibi\u00e7\u00e3o de azulejos extra\u00edvel"},"content":{"rendered":"<p>A exibi\u00e7\u00e3o do tamanho do azulejo correspondente pode ser personalizada. Destaque sua cole\u00e7\u00e3o de azulejos com nossos expositores de azulejos em estilo de gaveta. Com seu design elegante e constru\u00e7\u00e3o robusta, o expositor exibe seus azulejos com eleg\u00e2ncia, aumentando seu apelo visual. As convenientes gavetas extra\u00edveis proporcionam f\u00e1cil acesso e uma exibi\u00e7\u00e3o limpa e organizada. Eleve o n\u00edvel do seu showroom ou espa\u00e7o de varejo com essa pe\u00e7a sofisticada e pr\u00e1tica.<\/p>","protected":false},"excerpt":{"rendered":"<p>The corresponding tile size display can be customized. Highlight your tile collection with our drawer-style tile display stands. With its sleek design and sturdy construction, the display stand elegantly displays your tiles, enhancing their visual appeal. Convenient pull-out drawers provide easy access and a neat and organized display. Elevate your showroom or retail space with [&#8230;]","protected":false},"featured_media":593,"template":"","meta":{"_monsterinsights_skip_tracking":false,"_monsterinsights_sitenote_active":false,"_monsterinsights_sitenote_note":"","_monsterinsights_sitenote_category":0},"product_cat":[26,105,98,104],"product_tag":[25],"aioseo_notices":[],"_links":{"self":[{"href":"https:\/\/www.gzhdisplay.com\/pt\/wp-json\/wp\/v2\/product\/899"}],"collection":[{"href":"https:\/\/www.gzhdisplay.com\/pt\/wp-json\/wp\/v2\/product"}],"about":[{"href":"https:\/\/www.gzhdisplay.com\/pt\/wp-json\/wp\/v2\/types\/product"}],"wp:featuredmedia":[{"embeddable":true,"href":"https:\/\/www.gzhdisplay.com\/pt\/wp-json\/wp\/v2\/media\/593"}],"wp:attachment":[{"href":"https:\/\/www.gzhdisplay.com\/pt\/wp-json\/wp\/v2\/media?parent=899"}],"wp:term":[{"taxonomy":"product_cat","embeddable":true,"href":"https:\/\/www.gzhdisplay.com\/pt\/wp-json\/wp\/v2\/product_cat?post=899"},{"taxonomy":"product_tag","embeddable":true,"href":"https:\/\/www.gzhdisplay.com\/pt\/wp-json\/wp\/v2\/product_tag?post=899"}],"curies":[{"name":"wp","href":"https:\/\/api.w.org\/{rel}","templated":true}]}}