{"id":901,"date":"2024-04-16T14:21:12","date_gmt":"2024-04-16T14:21:12","guid":{"rendered":"https:\/\/gzhdisplay.com\/product\/16061474615757058964723315\/"},"modified":"2024-05-15T18:36:07","modified_gmt":"2024-05-15T18:36:07","slug":"16061474615757058964723315","status":"publish","type":"product","link":"https:\/\/www.gzhdisplay.com\/pt\/produto\/16061474615757058964723315\/","title":{"rendered":"GZH-254 Expositor de utens\u00edlios de mesa"},"content":{"rendered":"<p>Os racks de exposi\u00e7\u00e3o de utens\u00edlios de mesa e de cozinha s\u00e3o usados para exibir produtos de marca de utens\u00edlios de mesa, para que os clientes possam ver e escolher o tamanho certo de utens\u00edlios de mesa de forma mais intuitiva.<\/p>","protected":false},"excerpt":{"rendered":"<p>Os racks de exposi\u00e7\u00e3o de utens\u00edlios de mesa e de cozinha s\u00e3o usados para exibir produtos de marca de utens\u00edlios de mesa, para que os clientes possam ver e escolher o tamanho certo de utens\u00edlios de mesa de forma mais intuitiva.<\/p>","protected":false},"featured_media":594,"template":"","meta":{"_monsterinsights_skip_tracking":false,"_monsterinsights_sitenote_active":false,"_monsterinsights_sitenote_note":"","_monsterinsights_sitenote_category":0},"product_cat":[19,95,94,93],"product_tag":[],"aioseo_notices":[],"_links":{"self":[{"href":"https:\/\/www.gzhdisplay.com\/pt\/wp-json\/wp\/v2\/product\/901"}],"collection":[{"href":"https:\/\/www.gzhdisplay.com\/pt\/wp-json\/wp\/v2\/product"}],"about":[{"href":"https:\/\/www.gzhdisplay.com\/pt\/wp-json\/wp\/v2\/types\/product"}],"wp:featuredmedia":[{"embeddable":true,"href":"https:\/\/www.gzhdisplay.com\/pt\/wp-json\/wp\/v2\/media\/594"}],"wp:attachment":[{"href":"https:\/\/www.gzhdisplay.com\/pt\/wp-json\/wp\/v2\/media?parent=901"}],"wp:term":[{"taxonomy":"product_cat","embeddable":true,"href":"https:\/\/www.gzhdisplay.com\/pt\/wp-json\/wp\/v2\/product_cat?post=901"},{"taxonomy":"product_tag","embeddable":true,"href":"https:\/\/www.gzhdisplay.com\/pt\/wp-json\/wp\/v2\/product_tag?post=901"}],"curies":[{"name":"wp","href":"https:\/\/api.w.org\/{rel}","templated":true}]}}