{"id":953,"date":"2024-04-16T14:21:17","date_gmt":"2024-04-16T14:21:17","guid":{"rendered":"https:\/\/gzhdisplay.com\/product\/16058849129559637809391715\/"},"modified":"2024-05-15T20:01:32","modified_gmt":"2024-05-15T20:01:32","slug":"16058849129559637809391715","status":"publish","type":"product","link":"https:\/\/www.gzhdisplay.com\/pt\/produto\/16058849129559637809391715\/","title":{"rendered":"GZH-043 Suporte de exibi\u00e7\u00e3o de tapete de carro"},"content":{"rendered":"<table style=\"border-collapse: collapse;width: 412.82pt\" border=\"0\" width=\"688\" cellspacing=\"0\" cellpadding=\"0\">\n<tbody>\n<tr style=\"height: 14.40pt\">\n<td class=\"et2\" style=\"height: 14.40pt;width: 143.40pt\" width=\"239\" height=\"24\"><strong>Nome<\/strong><\/td>\n<td class=\"et3\" style=\"width: 269.40pt\" width=\"449\">Expositor de tapetes para carros<\/td>\n<\/tr>\n<tr style=\"height: 14.40pt\">\n<td class=\"et2\" style=\"height: 14.40pt;width: 143.40pt\" width=\"239\" height=\"24\"><strong>Modelo<\/strong><\/td>\n<td class=\"et3\" style=\"width: 269.40pt\" width=\"449\">GZH-043<\/td>\n<\/tr>\n<tr style=\"height: 14.40pt\">\n<td class=\"et2\" style=\"height: 14.40pt;width: 143.40pt\" width=\"239\" height=\"24\"><strong>Cor<\/strong><\/td>\n<td class=\"et3\" style=\"width: 269.40pt\" width=\"449\">Preto e amarelo (a cor pode ser personalizada)<\/td>\n<\/tr>\n<tr style=\"height: 14.40pt\">\n<td class=\"et2\" style=\"height: 14.40pt;width: 143.40pt\" width=\"239\" height=\"24\"><strong>Tamanho<\/strong><\/td>\n<td class=\"et3\" style=\"width: 269.40pt\" width=\"449\">(Servi\u00e7o personalizado dispon\u00edvel)<\/td>\n<\/tr>\n<tr style=\"height: 14.40pt\">\n<td class=\"et2\" style=\"height: 14.40pt;width: 143.40pt\" width=\"239\" height=\"24\"><strong>Material<\/strong><\/td>\n<td class=\"et3\" style=\"width: 269.40pt\" width=\"449\">Ferro met\u00e1lico<\/td>\n<\/tr>\n<tr style=\"height: 14.40pt\">\n<td class=\"et2\" style=\"height: 14.40pt;width: 143.40pt\" width=\"239\" height=\"24\"><strong>Tempo de prova<\/strong><\/td>\n<td class=\"et3\" style=\"width: 269.40pt\" width=\"449\">3 a 7 dias (dependendo da complexidade do produto)<\/td>\n<\/tr>\n<tr style=\"height: 14.40pt\">\n<td class=\"et2\" style=\"height: 14.40pt;width: 143.40pt\" width=\"239\" height=\"24\"><strong>Tempo de produ\u00e7\u00e3o<\/strong><\/td>\n<td class=\"et3\" style=\"width: 269.40pt\" width=\"449\">15 a 30 dias (dependendo da complexidade do produto)<\/td>\n<\/tr>\n<tr style=\"height: 28.80pt\">\n<td class=\"et2\" style=\"height: 28.80pt;width: 143.40pt\" width=\"239\" height=\"48\"><strong>Pre\u00e7o<\/strong><\/td>\n<td class=\"et3\" style=\"width: 269.40pt\" width=\"449\">Dependendo do tamanho e da quantidade, solicite informa\u00e7\u00f5es<\/td>\n<\/tr>\n<tr style=\"height: 14.40pt\">\n<td class=\"et2\" style=\"height: 14.40pt;width: 143.40pt\" width=\"239\" height=\"24\"><strong>Condi\u00e7\u00f5es de entrega<\/strong><\/td>\n<td class=\"et3\" style=\"width: 269.40pt\" width=\"449\">Fora da f\u00e1brica, FOB<\/td>\n<\/tr>\n<tr style=\"height: 14.40pt\">\n<td class=\"et2\" style=\"height: 14.40pt;width: 143.40pt\" width=\"239\" height=\"24\"><strong>Condi\u00e7\u00f5es de pagamento<\/strong><\/td>\n<td class=\"et3\" style=\"width: 269.40pt\" width=\"449\">T\/T: dep\u00f3sito de 30% + saldo de 70% antes do envio<\/td>\n<\/tr>\n<tr style=\"height: 84.00pt\">\n<td class=\"et2\" style=\"height: 84.00pt;width: 143.40pt\" width=\"239\" height=\"140\"><strong>Envolvimento<\/strong><\/td>\n<td class=\"et3\" style=\"width: 269.40pt\" width=\"449\">1. Embalagem de espuma<br \/>\n2. Espuma anti-queda<br \/>\n3. Prote\u00e7\u00e3o de canto ao redor do plugue<br \/>\n4. Embalagem cartonada<br \/>\n5. Remessa de tiras de madeira com pregos externos (opcional)<\/td>\n<\/tr>\n<tr style=\"height: 28.80pt\">\n<td class=\"et2\" style=\"height: 28.80pt;width: 143.40pt\" width=\"239\" height=\"48\"><strong>Cen\u00e1rios aplic\u00e1veis do produto<\/strong><\/td>\n<td class=\"et3\" style=\"width: 269.40pt\" width=\"449\">Lojas de reparos de marcas de autope\u00e7as, lojas especializadas em marcas de autope\u00e7as, lojas SSSS de autope\u00e7as<\/td>\n<\/tr>\n<\/tbody>\n<\/table>","protected":false},"excerpt":{"rendered":"<p>Name Car mat display stand Model GZH-043 Color Black &amp; yellow (color can be customized) Size (Customized service available) Material Metallic iron Proofing time 3-7 days (depending on product complexity) Production time 15-30 days (depending on product complexity) Price Depending on the size and quantity, please inquire Conditions of delivery Ex-works, FOB Payment terms T\/T: [&#8230;]","protected":false},"featured_media":627,"template":"","meta":{"_monsterinsights_skip_tracking":false,"_monsterinsights_sitenote_active":false,"_monsterinsights_sitenote_note":"","_monsterinsights_sitenote_category":0},"product_cat":[23,115,114,112,113],"product_tag":[59],"aioseo_notices":[],"_links":{"self":[{"href":"https:\/\/www.gzhdisplay.com\/pt\/wp-json\/wp\/v2\/product\/953"}],"collection":[{"href":"https:\/\/www.gzhdisplay.com\/pt\/wp-json\/wp\/v2\/product"}],"about":[{"href":"https:\/\/www.gzhdisplay.com\/pt\/wp-json\/wp\/v2\/types\/product"}],"wp:featuredmedia":[{"embeddable":true,"href":"https:\/\/www.gzhdisplay.com\/pt\/wp-json\/wp\/v2\/media\/627"}],"wp:attachment":[{"href":"https:\/\/www.gzhdisplay.com\/pt\/wp-json\/wp\/v2\/media?parent=953"}],"wp:term":[{"taxonomy":"product_cat","embeddable":true,"href":"https:\/\/www.gzhdisplay.com\/pt\/wp-json\/wp\/v2\/product_cat?post=953"},{"taxonomy":"product_tag","embeddable":true,"href":"https:\/\/www.gzhdisplay.com\/pt\/wp-json\/wp\/v2\/product_tag?post=953"}],"curies":[{"name":"wp","href":"https:\/\/api.w.org\/{rel}","templated":true}]}}