{"id":961,"date":"2024-04-16T14:21:17","date_gmt":"2024-04-16T14:21:17","guid":{"rendered":"https:\/\/gzhdisplay.com\/product\/16058822733572782591881715\/"},"modified":"2024-05-15T19:59:41","modified_gmt":"2024-05-15T19:59:41","slug":"16058822733572782591881715","status":"publish","type":"product","link":"https:\/\/www.gzhdisplay.com\/pt\/produto\/16058822733572782591881715\/","title":{"rendered":"GZH-1704I Sinaliza\u00e7\u00e3o publicit\u00e1ria de piso em forma de L"},"content":{"rendered":"<table style=\"border-collapse: collapse; width: 412.82pt;\" border=\"0\" width=\"688\" cellspacing=\"0\" cellpadding=\"0\">\n<tbody>\n<tr style=\"height: 28.80pt;\">\n<td class=\"et2\" style=\"height: 28.80pt; width: 143.40pt;\" width=\"239\" height=\"48\"><strong>Nome<\/strong><\/td>\n<td class=\"et3\" style=\"width: 269.40pt;\" width=\"449\">Sinaliza\u00e7\u00e3o de publicidade no piso em forma de L<\/td>\n<\/tr>\n<tr style=\"height: 14.40pt;\">\n<td class=\"et2\" style=\"height: 14.40pt; width: 143.40pt;\" width=\"239\" height=\"24\"><strong>Modelo<\/strong><\/td>\n<td class=\"et3\" style=\"width: 269.40pt;\" width=\"449\">GZH-1704I<\/td>\n<\/tr>\n<tr style=\"height: 28.80pt;\">\n<td class=\"et2\" style=\"height: 28.80pt; width: 143.40pt;\" width=\"239\" height=\"48\"><strong>Cor<\/strong><\/td>\n<td class=\"et3\" style=\"width: 269.40pt;\" width=\"449\">Preto (a cor pode ser personalizada)<\/td>\n<\/tr>\n<tr style=\"height: 28.80pt;\">\n<td class=\"et2\" style=\"height: 28.80pt; width: 143.40pt;\" width=\"239\" height=\"48\"><strong>Tamanho<\/strong><\/td>\n<td class=\"et3\" style=\"width: 269.40pt;\" width=\"449\">240*225*900mm (servi\u00e7o personalizado dispon\u00edvel)<\/td>\n<\/tr>\n<tr style=\"height: 14.40pt;\">\n<td class=\"et2\" style=\"height: 14.40pt; width: 143.40pt;\" width=\"239\" height=\"24\"><strong>Material<\/strong><\/td>\n<td class=\"et3\" style=\"width: 269.40pt;\" width=\"449\">Ferro met\u00e1lico<\/td>\n<\/tr>\n<tr style=\"height: 28.80pt;\">\n<td class=\"et2\" style=\"height: 28.80pt; width: 143.40pt;\" width=\"239\" height=\"48\"><strong>Tempo de prova<\/strong><\/td>\n<td class=\"et3\" style=\"width: 269.40pt;\" width=\"449\">3 a 7 dias (dependendo da complexidade do produto)<\/td>\n<\/tr>\n<tr style=\"height: 28.80pt;\">\n<td class=\"et2\" style=\"height: 28.80pt; width: 143.40pt;\" width=\"239\" height=\"48\"><strong>Tempo de produ\u00e7\u00e3o<\/strong><\/td>\n<td class=\"et3\" style=\"width: 269.40pt;\" width=\"449\">15 a 30 dias (dependendo da complexidade do produto)<\/td>\n<\/tr>\n<tr style=\"height: 43.20pt;\">\n<td class=\"et2\" style=\"height: 43.20pt; width: 143.40pt;\" width=\"239\" height=\"72\"><strong>Pre\u00e7o<\/strong><\/td>\n<td class=\"et3\" style=\"width: 269.40pt;\" width=\"449\">Dependendo do tamanho e da quantidade, solicite informa\u00e7\u00f5es<\/td>\n<\/tr>\n<tr style=\"height: 14.40pt;\">\n<td class=\"et2\" style=\"height: 14.40pt; width: 143.40pt;\" width=\"239\" height=\"24\"><strong>Condi\u00e7\u00f5es de entrega<\/strong><\/td>\n<td class=\"et3\" style=\"width: 269.40pt;\" width=\"449\">Fora da f\u00e1brica, FOB<\/td>\n<\/tr>\n<tr style=\"height: 28.80pt;\">\n<td class=\"et2\" style=\"height: 28.80pt; width: 143.40pt;\" width=\"239\" height=\"48\"><strong>Condi\u00e7\u00f5es de pagamento<\/strong><\/td>\n<td class=\"et3\" style=\"width: 269.40pt;\" width=\"449\">T\/T: dep\u00f3sito de 30% + saldo de 70% antes do envio<\/td>\n<\/tr>\n<tr style=\"height: 84.00pt;\">\n<td class=\"et2\" style=\"height: 84.00pt; width: 143.40pt;\" width=\"239\" height=\"140\"><strong>Envolvimento<\/strong><\/td>\n<td class=\"et3\" style=\"width: 269.40pt;\" width=\"449\">1. Embalagem de espuma<br \/>\n2. Espuma anti-queda<br \/>\n3. Prote\u00e7\u00e3o de canto ao redor do plugue<br \/>\n4. Embalagem cartonada<br \/>\n5. Remessa de tiras de madeira com pregos externos (opcional)<\/td>\n<\/tr>\n<tr style=\"height: 100.80pt;\">\n<td class=\"et2\" style=\"height: 100.80pt; width: 143.40pt;\" width=\"239\" height=\"168\"><strong>Cen\u00e1rios aplic\u00e1veis do produto<\/strong><\/td>\n<td class=\"et3\" style=\"width: 269.40pt;\" width=\"449\">Cartazes de lojas de varejo, lojas de alimentos podem fazer propaganda e promo\u00e7\u00e3o de card\u00e1pio, apresenta\u00e7\u00e3o de carros, exposi\u00e7\u00f5es, lojas, shopping centers<\/td>\n<\/tr>\n<\/tbody>\n<\/table>","protected":false},"excerpt":{"rendered":"<p>Name L-shaped floor advertising signage Model GZH-1704I Color Black (color can be customized) Size 240*225*900mm(Customized service available) Material Metallic iron Proofing time 3-7 days (depending on product complexity) Production time 15-30 days (depending on product complexity) Price Depending on the size and quantity, please inquire Conditions of delivery Ex-works, FOB Payment terms T\/T: 30% deposit [&#8230;]","protected":false},"featured_media":635,"template":"","meta":{"_monsterinsights_skip_tracking":false,"_monsterinsights_sitenote_active":false,"_monsterinsights_sitenote_note":"","_monsterinsights_sitenote_category":0},"product_cat":[35,107,108,106],"product_tag":[33,56],"aioseo_notices":[],"_links":{"self":[{"href":"https:\/\/www.gzhdisplay.com\/pt\/wp-json\/wp\/v2\/product\/961"}],"collection":[{"href":"https:\/\/www.gzhdisplay.com\/pt\/wp-json\/wp\/v2\/product"}],"about":[{"href":"https:\/\/www.gzhdisplay.com\/pt\/wp-json\/wp\/v2\/types\/product"}],"wp:featuredmedia":[{"embeddable":true,"href":"https:\/\/www.gzhdisplay.com\/pt\/wp-json\/wp\/v2\/media\/635"}],"wp:attachment":[{"href":"https:\/\/www.gzhdisplay.com\/pt\/wp-json\/wp\/v2\/media?parent=961"}],"wp:term":[{"taxonomy":"product_cat","embeddable":true,"href":"https:\/\/www.gzhdisplay.com\/pt\/wp-json\/wp\/v2\/product_cat?post=961"},{"taxonomy":"product_tag","embeddable":true,"href":"https:\/\/www.gzhdisplay.com\/pt\/wp-json\/wp\/v2\/product_tag?post=961"}],"curies":[{"name":"wp","href":"https:\/\/api.w.org\/{rel}","templated":true}]}}