{"id":971,"date":"2024-04-16T14:21:18","date_gmt":"2024-04-16T14:21:18","guid":{"rendered":"https:\/\/gzhdisplay.com\/product\/16058822572662000893891715\/"},"modified":"2024-05-15T19:59:14","modified_gmt":"2024-05-15T19:59:14","slug":"16058822572662000893891715","status":"publish","type":"product","link":"https:\/\/www.gzhdisplay.com\/pt\/produto\/16058822572662000893891715\/","title":{"rendered":"GZH-2334 Expositor de acr\u00edlico para amostras de cores de materiais de decora\u00e7\u00e3o para casa"},"content":{"rendered":"<table style=\"border-collapse: collapse; width: 594px; height: 252px;\" border=\"0\" width=\"734\" cellspacing=\"0\" cellpadding=\"0\">\n<tbody>\n<tr style=\"height: 14.40pt;\">\n<td class=\"et3\" style=\"height: 14px; width: 193.741px;\" width=\"239\" height=\"24\"><strong>Nome<\/strong><\/td>\n<td class=\"et4\" style=\"width: 397.761px; height: 14px;\" width=\"495\">Expositor de acr\u00edlico para amostras de cores de materiais de decora\u00e7\u00e3o para casa<\/td>\n<\/tr>\n<tr style=\"height: 14.40pt;\">\n<td class=\"et3\" style=\"height: 14px; width: 193.741px;\" width=\"239\" height=\"24\"><strong>Modelo<\/strong><\/td>\n<td class=\"et4\" style=\"width: 397.761px; height: 14px;\" width=\"495\">GZH-2334<\/td>\n<\/tr>\n<tr style=\"height: 14.40pt;\">\n<td class=\"et3\" style=\"height: 14px; width: 193.741px;\" width=\"239\" height=\"24\"><strong>Cor<\/strong><\/td>\n<td class=\"et4\" style=\"width: 397.761px; height: 14px;\" width=\"495\">Preto (a cor pode ser personalizada)<\/td>\n<\/tr>\n<tr style=\"height: 14.40pt;\">\n<td class=\"et3\" style=\"height: 14px; width: 193.741px;\" width=\"239\" height=\"24\"><strong>Tamanho<\/strong><\/td>\n<td class=\"et4\" style=\"width: 397.761px; height: 14px;\" width=\"495\">95*105*550mm (servi\u00e7o personalizado dispon\u00edvel)<\/td>\n<\/tr>\n<tr style=\"height: 14.40pt;\">\n<td class=\"et3\" style=\"height: 14px; width: 193.741px;\" width=\"239\" height=\"24\"><strong>Material<\/strong><\/td>\n<td class=\"et4\" style=\"width: 397.761px; height: 14px;\" width=\"495\">Acr\u00edlico<\/td>\n<\/tr>\n<tr style=\"height: 14.40pt;\">\n<td class=\"et3\" style=\"height: 14px; width: 193.741px;\" width=\"239\" height=\"24\"><strong>Tempo de prova<\/strong><\/td>\n<td class=\"et4\" style=\"width: 397.761px; height: 14px;\" width=\"495\">3 a 14 dias (dependendo da complexidade do produto)<\/td>\n<\/tr>\n<tr style=\"height: 14.40pt;\">\n<td class=\"et3\" style=\"height: 14px; width: 193.741px;\" width=\"239\" height=\"24\"><strong>Tempo de produ\u00e7\u00e3o<\/strong><\/td>\n<td class=\"et4\" style=\"width: 397.761px; height: 14px;\" width=\"495\">15 a 30 dias (dependendo da complexidade do produto)<\/td>\n<\/tr>\n<tr style=\"height: 14.40pt;\">\n<td class=\"et3\" style=\"height: 14px; width: 193.741px;\" width=\"239\" height=\"24\"><strong>Pre\u00e7o<\/strong><\/td>\n<td class=\"et4\" style=\"width: 397.761px; height: 14px;\" width=\"495\">Dependendo do tamanho e da quantidade, solicite informa\u00e7\u00f5es<\/td>\n<\/tr>\n<tr style=\"height: 14.40pt;\">\n<td class=\"et3\" style=\"height: 14px; width: 193.741px;\" width=\"239\" height=\"24\"><strong>Condi\u00e7\u00f5es de entrega<\/strong><\/td>\n<td class=\"et4\" style=\"width: 397.761px; height: 14px;\" width=\"495\">Fora da f\u00e1brica, FOB<\/td>\n<\/tr>\n<tr style=\"height: 14.40pt;\">\n<td class=\"et3\" style=\"height: 14px; width: 193.741px;\" width=\"239\" height=\"24\"><strong>Condi\u00e7\u00f5es de pagamento<\/strong><\/td>\n<td class=\"et4\" style=\"width: 397.761px; height: 14px;\" width=\"495\">T\/T: dep\u00f3sito de 30% + saldo de 70% antes do envio<\/td>\n<\/tr>\n<tr style=\"height: 84.00pt;\">\n<td class=\"et3\" style=\"height: 84px; width: 193.741px;\" width=\"239\" height=\"140\"><strong>Envolvimento<\/strong><\/td>\n<td class=\"et4\" style=\"width: 397.761px; height: 84px;\" width=\"495\">1. Embalagem de espuma<br \/>2. Espuma anti-queda<br \/>3. Prote\u00e7\u00e3o de canto ao redor do plugue<br \/>4. Embalagem cartonada<br \/>5. Remessa de tiras de madeira com pregos externos (opcional)<\/td>\n<\/tr>\n<tr style=\"height: 28.80pt;\">\n<td class=\"et3\" style=\"height: 28px; width: 193.741px;\" width=\"239\" height=\"48\"><strong>Cen\u00e1rios aplic\u00e1veis do produto<\/strong><\/td>\n<td class=\"et4\" style=\"width: 397.761px; height: 28px;\" width=\"495\">Empresas de m\u00f3veis e materiais de constru\u00e7\u00e3o, lojas de azulejos, lojas de pisos de madeira<\/td>\n<\/tr>\n<\/tbody>\n<\/table>","protected":false},"excerpt":{"rendered":"<p>Name Home decoration material color swatch acrylic display stand Model GZH-2334 Color Black (color can be customized) Size 95*105*550mm(Customized service available) Material Acrylic Proofing time 3-14 days (depending on product complexity) Production time 15-30 days (depending on product complexity) Price Depending on the size and quantity, please inquire Conditions of delivery Ex-works, FOB Payment terms [&#8230;]","protected":false},"featured_media":646,"template":"","meta":{"_monsterinsights_skip_tracking":false,"_monsterinsights_sitenote_active":false,"_monsterinsights_sitenote_note":"","_monsterinsights_sitenote_category":0},"product_cat":[26,105,98,104],"product_tag":[40,25],"aioseo_notices":[],"_links":{"self":[{"href":"https:\/\/www.gzhdisplay.com\/pt\/wp-json\/wp\/v2\/product\/971"}],"collection":[{"href":"https:\/\/www.gzhdisplay.com\/pt\/wp-json\/wp\/v2\/product"}],"about":[{"href":"https:\/\/www.gzhdisplay.com\/pt\/wp-json\/wp\/v2\/types\/product"}],"wp:featuredmedia":[{"embeddable":true,"href":"https:\/\/www.gzhdisplay.com\/pt\/wp-json\/wp\/v2\/media\/646"}],"wp:attachment":[{"href":"https:\/\/www.gzhdisplay.com\/pt\/wp-json\/wp\/v2\/media?parent=971"}],"wp:term":[{"taxonomy":"product_cat","embeddable":true,"href":"https:\/\/www.gzhdisplay.com\/pt\/wp-json\/wp\/v2\/product_cat?post=971"},{"taxonomy":"product_tag","embeddable":true,"href":"https:\/\/www.gzhdisplay.com\/pt\/wp-json\/wp\/v2\/product_tag?post=971"}],"curies":[{"name":"wp","href":"https:\/\/api.w.org\/{rel}","templated":true}]}}