{"id":983,"date":"2024-04-16T14:21:19","date_gmt":"2024-04-16T14:21:19","guid":{"rendered":"https:\/\/gzhdisplay.com\/product\/16058822317491953840701715\/"},"modified":"2024-08-29T06:08:03","modified_gmt":"2024-08-29T06:08:03","slug":"toy-display-stand-gzh320","status":"publish","type":"product","link":"https:\/\/www.gzhdisplay.com\/pt\/produto\/toy-display-stand-gzh320\/","title":{"rendered":"GZH-320 Expositor de brinquedos"},"content":{"rendered":"<p>expositor de brinquedos<\/p>\n<table style=\"border-collapse: collapse; width: 397.23pt;\" border=\"0\" width=\"662\" cellspacing=\"0\" cellpadding=\"0\">\n<tbody>\n<tr style=\"height: 14.40pt;\">\n<td class=\"et2\" style=\"height: 14.40pt; width: 143.40pt;\" width=\"239\" height=\"24\"><strong>nome<\/strong><\/td>\n<td class=\"et3\" style=\"width: 253.80pt;\" width=\"423\">Expositor de brinquedos<\/td>\n<\/tr>\n<tr style=\"height: 14.40pt;\">\n<td class=\"et2\" style=\"height: 14.40pt; width: 143.40pt;\" width=\"239\" height=\"24\"><strong>Modelo<\/strong><\/td>\n<td class=\"et3\" style=\"width: 253.80pt;\" width=\"423\">GZH-320<\/td>\n<\/tr>\n<tr style=\"height: 14.40pt;\">\n<td class=\"et2\" style=\"height: 14.40pt; width: 143.40pt;\" width=\"239\" height=\"24\"><strong>cor<\/strong><\/td>\n<td class=\"et3\" style=\"width: 253.80pt;\" width=\"423\">Vermelho (a cor pode ser personalizada)<\/td>\n<\/tr>\n<tr style=\"height: 14.40pt;\">\n<td class=\"et2\" style=\"height: 14.40pt; width: 143.40pt;\" width=\"239\" height=\"24\"><strong>tamanho<\/strong><\/td>\n<td class=\"et3\" style=\"width: 253.80pt;\" width=\"423\">2000*450*2200mm (servi\u00e7o personalizado dispon\u00edvel)<\/td>\n<\/tr>\n<tr style=\"height: 14.40pt;\">\n<td class=\"et2\" style=\"height: 14.40pt; width: 143.40pt;\" width=\"239\" height=\"24\"><strong>Material<\/strong><\/td>\n<td class=\"et3\" style=\"width: 253.80pt;\" width=\"423\">Ferro met\u00e1lico<\/td>\n<\/tr>\n<tr style=\"height: 14.40pt;\">\n<td class=\"et2\" style=\"height: 14.40pt; width: 143.40pt;\" width=\"239\" height=\"24\"><strong>Tempo de prova<\/strong><\/td>\n<td class=\"et3\" style=\"width: 253.80pt;\" width=\"423\">3 a 7 dias (dependendo da complexidade do produto)<\/td>\n<\/tr>\n<tr style=\"height: 14.40pt;\">\n<td class=\"et2\" style=\"height: 14.40pt; width: 143.40pt;\" width=\"239\" height=\"24\"><strong>Tempo de produ\u00e7\u00e3o<\/strong><\/td>\n<td class=\"et3\" style=\"width: 253.80pt;\" width=\"423\">15 a 30 dias (dependendo da complexidade do produto)<\/td>\n<\/tr>\n<tr style=\"height: 28.80pt;\">\n<td class=\"et2\" style=\"height: 28.80pt; width: 143.40pt;\" width=\"239\" height=\"48\"><strong>Pre\u00e7o<\/strong><\/td>\n<td class=\"et3\" style=\"width: 253.80pt;\" width=\"423\">Dependendo do tamanho e da quantidade, solicite informa\u00e7\u00f5es<\/td>\n<\/tr>\n<tr style=\"height: 14.40pt;\">\n<td class=\"et2\" style=\"height: 14.40pt; width: 143.40pt;\" width=\"239\" height=\"24\"><strong>Condi\u00e7\u00f5es de entrega<\/strong><\/td>\n<td class=\"et3\" style=\"width: 253.80pt;\" width=\"423\">Fora da f\u00e1brica, FOB<\/td>\n<\/tr>\n<tr style=\"height: 14.40pt;\">\n<td class=\"et2\" style=\"height: 14.40pt; width: 143.40pt;\" width=\"239\" height=\"24\"><strong>Condi\u00e7\u00f5es de pagamento<\/strong><\/td>\n<td class=\"et3\" style=\"width: 253.80pt;\" width=\"423\">T\/T: dep\u00f3sito de 30% + saldo de 70% antes do envio<\/td>\n<\/tr>\n<tr style=\"height: 84.00pt;\">\n<td class=\"et2\" style=\"height: 84.00pt; width: 143.40pt;\" width=\"239\" height=\"140\"><strong>envolt\u00f3rio<\/strong><\/td>\n<td class=\"et3\" style=\"width: 253.80pt;\" width=\"423\">1. Embalagem de espuma<br \/>\n2. Espuma anti-queda<br \/>\n3. Prote\u00e7\u00e3o de canto ao redor do plugue<br \/>\n4. Embalagem cartonada<br \/>\n5. Remessa de tiras de madeira com pregos externos (opcional)<\/td>\n<\/tr>\n<tr style=\"height: 28.80pt;\">\n<td class=\"et2\" style=\"height: 28.80pt; width: 143.40pt;\" width=\"239\" height=\"48\"><strong>Cen\u00e1rios aplic\u00e1veis do produto<\/strong><\/td>\n<td class=\"et3\" style=\"width: 253.80pt;\" width=\"423\">Supermercados, lojas de brinquedos<\/td>\n<\/tr>\n<\/tbody>\n<\/table>","protected":false},"excerpt":{"rendered":"<p>Nossos estandes n\u00e3o apenas deixam seus brinquedos com uma apar\u00eancia incr\u00edvel, mas tamb\u00e9m facilitam para os clientes ou crian\u00e7as encontrarem seus favoritos. Os compartimentos e as prateleiras bem organizados melhoram a experi\u00eancia de compra ou de brincadeira.<\/p>","protected":false},"featured_media":659,"template":"","meta":{"_monsterinsights_skip_tracking":false,"_monsterinsights_sitenote_active":false,"_monsterinsights_sitenote_note":"","_monsterinsights_sitenote_category":0},"product_cat":[19,95,94,93],"product_tag":[],"aioseo_notices":[],"_links":{"self":[{"href":"https:\/\/www.gzhdisplay.com\/pt\/wp-json\/wp\/v2\/product\/983"}],"collection":[{"href":"https:\/\/www.gzhdisplay.com\/pt\/wp-json\/wp\/v2\/product"}],"about":[{"href":"https:\/\/www.gzhdisplay.com\/pt\/wp-json\/wp\/v2\/types\/product"}],"wp:featuredmedia":[{"embeddable":true,"href":"https:\/\/www.gzhdisplay.com\/pt\/wp-json\/wp\/v2\/media\/659"}],"wp:attachment":[{"href":"https:\/\/www.gzhdisplay.com\/pt\/wp-json\/wp\/v2\/media?parent=983"}],"wp:term":[{"taxonomy":"product_cat","embeddable":true,"href":"https:\/\/www.gzhdisplay.com\/pt\/wp-json\/wp\/v2\/product_cat?post=983"},{"taxonomy":"product_tag","embeddable":true,"href":"https:\/\/www.gzhdisplay.com\/pt\/wp-json\/wp\/v2\/product_tag?post=983"}],"curies":[{"name":"wp","href":"https:\/\/api.w.org\/{rel}","templated":true}]}}